{"id":682,"date":"2022-10-21T13:51:55","date_gmt":"2022-10-21T11:51:55","guid":{"rendered":"https:\/\/flussbus.ch\/prix"},"modified":"2024-04-19T19:53:37","modified_gmt":"2024-04-19T17:53:37","slug":"prix","status":"publish","type":"page","link":"https:\/\/flussbus.ch\/fr\/a-propos-de-nous\/prix","title":{"rendered":"Prix"},"content":{"rendered":"<p>[et_pb_section fb_built=\u00a0\u00bb1&Prime; fullwidth=\u00a0\u00bbon\u00a0\u00bb _builder_version=\u00a0\u00bb4.22.1&Prime; _module_preset=\u00a0\u00bbdefault\u00a0\u00bb background_image=\u00a0\u00bbhttps:\/\/flussbus.ch\/wp-content\/uploads\/2023\/08\/flussbus-basel-rhyno-rhein-hauptbild-2.jpg\u00a0\u00bb global_colors_info=\u00a0\u00bb{}\u00a0\u00bb][et_pb_fullwidth_header title=\u00a0\u00bbNos prix.\u00a0\u00bb _builder_version=\u00a0\u00bb4.22.1&Prime; _module_preset=\u00a0\u00bbdefault\u00a0\u00bb]Aucun autre frais annexe ne vous attend \u00e0 bord du RHYNO. La vaisselle, les verres, le m\u00e9nage, etc. sont inclus dans les voyages avec restauration.<\/p>\n<p>Nous n&rsquo;utilisons pas de vaisselle jetable.[\/et_pb_fullwidth_header][\/et_pb_section][et_pb_section fb_built=\u00a0\u00bb1&Prime; module_class=\u00a0\u00bbreversing\u00a0\u00bb _builder_version=\u00a0\u00bb4.18.0&Prime; _module_preset=\u00a0\u00bbdefault\u00a0\u00bb global_colors_info=\u00a0\u00bb{}\u00a0\u00bb][et_pb_row column_structure=\u00a0\u00bb1_2,1_2&Prime; _builder_version=\u00a0\u00bb4.18.0&Prime; _module_preset=\u00a0\u00bbdefault\u00a0\u00bb global_colors_info=\u00a0\u00bb{}\u00a0\u00bb][et_pb_column type=\u00a0\u00bb1_2&Prime; _builder_version=\u00a0\u00bb4.18.0&Prime; _module_preset=\u00a0\u00bbdefault\u00a0\u00bb global_colors_info=\u00a0\u00bb{}\u00a0\u00bb][et_pb_text _builder_version=\u00a0\u00bb4.22.0&Prime; _module_preset=\u00a0\u00bbdefault\u00a0\u00bb global_colors_info=\u00a0\u00bb{}\u00a0\u00bb]<\/p>\n<h2>Prix de la location<\/h2>\n<p>RHYNO \/ y compris le capitaine et l&rsquo;h\u00f4te<br \/>(pour max. 12 personnes)<\/p>\n<p>Par heure: CHF 200.\u2013<br \/>Trajet en bus jusqu&rsquo;\u00e0 45 minutes : CHF 170.\u2013<br \/>Mini tour (env. 1h) : CHF 200.\u2013<br \/>Maxi tour (env. 2 hours): CHF 400.\u2013<br \/>Croisi\u00e8re Sud (env. 5 heures) : CHF 900.\u2013<br \/>Croisi\u00e8re Nord (env. 7 heures) : CHF 1200.\u2013<br \/>Ch\u00e8que-cadeau: le montant de votre choix<\/p>\n<p>[\/et_pb_text][\/et_pb_column][et_pb_column type=\u00a0\u00bb1_2&Prime; _builder_version=\u00a0\u00bb4.18.0&Prime; _module_preset=\u00a0\u00bbdefault\u00a0\u00bb global_colors_info=\u00a0\u00bb{}\u00a0\u00bb][et_pb_image src=\u00a0\u00bbhttps:\/\/flussbus.ch\/wp-content\/uploads\/2023\/08\/flussbus-basel-rhyno-rhein-liegeplatz-abendstimmung.jpg\u00a0\u00bb alt=\u00a0\u00bbBus fluvial B\u00e2le Rhyno\u00a0\u00bb title_text=\u00a0\u00bbflussbus-basel-rhyno-rhein-liegeplatz-abendstimmung\u00a0\u00bb _builder_version=\u00a0\u00bb4.22.1&Prime; _module_preset=\u00a0\u00bbdefault\u00a0\u00bb global_colors_info=\u00a0\u00bb{}\u00a0\u00bb][\/et_pb_image][\/et_pb_column][\/et_pb_row][et_pb_row column_structure=\u00a0\u00bb1_2,1_2&Prime; _builder_version=\u00a0\u00bb4.19.1&Prime; _module_preset=\u00a0\u00bbdefault\u00a0\u00bb global_colors_info=\u00a0\u00bb{}\u00a0\u00bb][et_pb_column type=\u00a0\u00bb1_2&Prime; _builder_version=\u00a0\u00bb4.18.0&Prime; _module_preset=\u00a0\u00bbdefault\u00a0\u00bb global_colors_info=\u00a0\u00bb{}\u00a0\u00bb][et_pb_text _builder_version=\u00a0\u00bb4.22.0&Prime; _module_preset=\u00a0\u00bbdefault\u00a0\u00bb global_colors_info=\u00a0\u00bb{}\u00a0\u00bb]<\/p>\n<h2>Prix du service de restauration<\/h2>\n<p>Prix par personne.<br \/>Veuillez r\u00e9server jusqu&rsquo;\u00e0 5 jours avant votre \u00e9v\u00e9nement.<\/p>\n<p>Ap\u00e9ritif italien : CHF 27.\u2013<br \/>Brunch: CHF 38.\u2013<br \/>Fondue au fromage : CHF 34.\u2013<br \/>Fondue Chinoise: CHF 44.\u2013<br \/>Raclette: CHF 38.\u2013<\/p>\n<p>[\/et_pb_text][\/et_pb_column][et_pb_column type=\u00a0\u00bb1_2&Prime; _builder_version=\u00a0\u00bb4.18.0&Prime; _module_preset=\u00a0\u00bbdefault\u00a0\u00bb global_colors_info=\u00a0\u00bb{}\u00a0\u00bb][et_pb_image src=\u00a0\u00bbhttps:\/\/flussbus.ch\/wp-content\/uploads\/2023\/08\/flussbus-basel-rhyno-rhein-wettsteinbruecke.jpg\u00a0\u00bb alt=\u00a0\u00bbBus fluvial B\u00e2le Rhyno\u00a0\u00bb title_text=\u00a0\u00bbflussbus-basel-rhyno-rhein-wettsteinbruecke\u00a0\u00bb _builder_version=\u00a0\u00bb4.22.1&Prime; _module_preset=\u00a0\u00bbdefault\u00a0\u00bb global_colors_info=\u00a0\u00bb{}\u00a0\u00bb][\/et_pb_image][\/et_pb_column][\/et_pb_row][et_pb_row column_structure=\u00a0\u00bb1_2,1_2&Prime; _builder_version=\u00a0\u00bb4.18.0&Prime; _module_preset=\u00a0\u00bbdefault\u00a0\u00bb global_colors_info=\u00a0\u00bb{}\u00a0\u00bb][et_pb_column type=\u00a0\u00bb1_2&Prime; _builder_version=\u00a0\u00bb4.18.0&Prime; _module_preset=\u00a0\u00bbdefault\u00a0\u00bb global_colors_info=\u00a0\u00bb{}\u00a0\u00bb][et_pb_text _builder_version=\u00a0\u00bb4.22.1&Prime; _module_preset=\u00a0\u00bbdefault\u00a0\u00bb global_colors_info=\u00a0\u00bb{}\u00a0\u00bb]<\/p>\n<h2>Prix des boissons<\/h2>\n<h3>Boissons alcoolis\u00e9es<\/h3>\n<h4>Bi\u00e8re<\/h4>\n<p>Feldschl\u00f6sschen originale (33cl) : CHF 5.\u2013<br \/>Unser Bier Blonde (33cl): CHF 6.\u2013<\/p>\n<h4>Vin blanc<\/h4>\n<p>Masi Masianco (Pinot Grigio, Verduzzo, 2021) (75cl): CHF 42.\u2013<\/p>\n<h4>Vin rouge<\/h4>\n<p>Maestro Leandro (Valpolicella Ripasso DOC, 2019) (75cl): CHF 42.\u2013<\/p>\n<h4>Vin ros\u00e9<\/h4>\n<p>Les Bernadettes (Valais AOC, Dole Blanche, 2021) (75cl): CHF 30.\u2013<\/p>\n<h4>Prosecco<\/h4>\n<p>Raphael Dal Bo Extra Dry DOCG (75cl) : CHF 40.-<\/p>\n<h4>Champagne<\/h4>\n<p>Alfred Rothschild Champagne Brut (75cl) : CHF 85.-<\/p>\n<p>[\/et_pb_text][\/et_pb_column][et_pb_column type=\u00a0\u00bb1_2&Prime; _builder_version=\u00a0\u00bb4.18.0&Prime; _module_preset=\u00a0\u00bbdefault\u00a0\u00bb global_colors_info=\u00a0\u00bb{}\u00a0\u00bb][et_pb_image src=\u00a0\u00bbhttps:\/\/flussbus.ch\/wp-content\/uploads\/2023\/08\/flussbus-basel-rhyno-rhein-liegeplatz-2.jpg\u00a0\u00bb alt=\u00a0\u00bbBus fluvial B\u00e2le Rhyno\u00a0\u00bb title_text=\u00a0\u00bbflussbus-basel-rhyno-rhein-liegeplatz-2&Prime; _builder_version=\u00a0\u00bb4.22.1&Prime; _module_preset=\u00a0\u00bbdefault\u00a0\u00bb global_colors_info=\u00a0\u00bb{}\u00a0\u00bb][\/et_pb_image][\/et_pb_column][\/et_pb_row][et_pb_row column_structure=\u00a0\u00bb1_2,1_2&Prime; _builder_version=\u00a0\u00bb4.18.0&Prime; _module_preset=\u00a0\u00bbdefault\u00a0\u00bb global_colors_info=\u00a0\u00bb{}\u00a0\u00bb][et_pb_column type=\u00a0\u00bb1_2&Prime; _builder_version=\u00a0\u00bb4.18.0&Prime; _module_preset=\u00a0\u00bbdefault\u00a0\u00bb global_colors_info=\u00a0\u00bb{}\u00a0\u00bb][et_pb_text _builder_version=\u00a0\u00bb4.22.0&Prime; _module_preset=\u00a0\u00bbdefault\u00a0\u00bb global_colors_info=\u00a0\u00bb{}\u00a0\u00bb]<\/p>\n<h3>Boissons sans alcool<\/h3>\n<p>Eau min\u00e9rale p\u00e9tillante\/ non gazeuse (bouteille en pet; 50cl): CHF 4.\u2013<br \/>Spritzer pomme (bouteille en pet; 50cl) : CHF 5.\u2013<br \/>Rivella rouge (bouteille en pet; 50cl) : CHF 5.\u2013<br \/>Coca Cola \/ Coca Cola Zero (bouteille en pet; 50cl) : CHF 5.\u2013<br \/>Bi\u00e8re sans alcool (Feldschl\u00f6sschen; 33cl) : CHF 4.50<br \/>Caf\u00e9 (avec\/ sans caf\u00e9ine; nature, cr\u00e8me, sucre; tasse) : CHF 4.20<br \/>Espresso (nature, cr\u00e8me, sucre; tasse): CHF 4.\u2013<\/p>\n<p>[\/et_pb_text][\/et_pb_column][et_pb_column type=\u00a0\u00bb1_2&Prime; _builder_version=\u00a0\u00bb4.18.0&Prime; _module_preset=\u00a0\u00bbdefault\u00a0\u00bb global_colors_info=\u00a0\u00bb{}\u00a0\u00bb][et_pb_image src=\u00a0\u00bbhttps:\/\/flussbus.ch\/wp-content\/uploads\/2023\/08\/flussbus-basel-rhyno-rhein-feuerwehrboot.jpg\u00a0\u00bb alt=\u00a0\u00bbBus fluvial B\u00e2le Rhyno\u00a0\u00bb title_text=\u00a0\u00bbflussbus-basel-rhyno-rhein-feuerwehrboot\u00a0\u00bb _builder_version=\u00a0\u00bb4.22.1&Prime; _module_preset=\u00a0\u00bbdefault\u00a0\u00bb global_colors_info=\u00a0\u00bb{}\u00a0\u00bb][\/et_pb_image][\/et_pb_column][\/et_pb_row][\/et_pb_section]<\/p>\n","protected":false},"excerpt":{"rendered":"<p>Aucun autre frais annexe ne vous attend \u00e0 bord du RHYNO. La vaisselle, les verres, le m\u00e9nage, etc. sont inclus dans les voyages avec restauration. Nous n&rsquo;utilisons pas de vaisselle jetable.Prix de la location RHYNO \/ y compris le capitaine et l&rsquo;h\u00f4te(pour max. 12 personnes) Par heure: CHF 200.\u2013Trajet en bus jusqu&rsquo;\u00e0 45 minutes : [&hellip;]<\/p>\n","protected":false},"author":1,"featured_media":0,"parent":688,"menu_order":0,"comment_status":"closed","ping_status":"closed","template":"","meta":{"_acf_changed":false,"_et_pb_use_builder":"on","_et_pb_old_content":"","_et_gb_content_width":"","footnotes":""},"class_list":["post-682","page","type-page","status-publish","hentry"],"acf":[],"_links":{"self":[{"href":"https:\/\/flussbus.ch\/fr\/wp-json\/wp\/v2\/pages\/682","targetHints":{"allow":["GET"]}}],"collection":[{"href":"https:\/\/flussbus.ch\/fr\/wp-json\/wp\/v2\/pages"}],"about":[{"href":"https:\/\/flussbus.ch\/fr\/wp-json\/wp\/v2\/types\/page"}],"author":[{"embeddable":true,"href":"https:\/\/flussbus.ch\/fr\/wp-json\/wp\/v2\/users\/1"}],"replies":[{"embeddable":true,"href":"https:\/\/flussbus.ch\/fr\/wp-json\/wp\/v2\/comments?post=682"}],"version-history":[{"count":2,"href":"https:\/\/flussbus.ch\/fr\/wp-json\/wp\/v2\/pages\/682\/revisions"}],"predecessor-version":[{"id":1155,"href":"https:\/\/flussbus.ch\/fr\/wp-json\/wp\/v2\/pages\/682\/revisions\/1155"}],"up":[{"embeddable":true,"href":"https:\/\/flussbus.ch\/fr\/wp-json\/wp\/v2\/pages\/688"}],"wp:attachment":[{"href":"https:\/\/flussbus.ch\/fr\/wp-json\/wp\/v2\/media?parent=682"}],"curies":[{"name":"wp","href":"https:\/\/api.w.org\/{rel}","templated":true}]}}