{"id":676,"date":"2022-10-23T09:44:43","date_gmt":"2022-10-23T07:44:43","guid":{"rendered":"https:\/\/flussbus.ch\/catering"},"modified":"2024-04-19T17:31:25","modified_gmt":"2024-04-19T15:31:25","slug":"catering","status":"publish","type":"page","link":"https:\/\/flussbus.ch\/fr\/a-propos-de-nous\/catering","title":{"rendered":"Catering"},"content":{"rendered":"<p>[et_pb_section fb_built=\u00a0\u00bb1&Prime; fullwidth=\u00a0\u00bbon\u00a0\u00bb _builder_version=\u00a0\u00bb4.22.1&Prime; _module_preset=\u00a0\u00bbdefault\u00a0\u00bb background_image=\u00a0\u00bbhttps:\/\/flussbus.ch\/wp-content\/uploads\/2023\/08\/flussbus-basel-rhyno-rhein-hauptbild-1.jpg\u00a0\u00bb global_colors_info=\u00a0\u00bb{}\u00a0\u00bb][et_pb_fullwidth_header title=\u00a0\u00bbLe plaisir sur le fleuve.\u00a0\u00bb _builder_version=\u00a0\u00bb4.21.0&Prime; _module_preset=\u00a0\u00bbdefault\u00a0\u00bb]Qu&rsquo;il s&rsquo;agisse d&rsquo;une bi\u00e8re fra\u00eeche, d&rsquo;un champagne p\u00e9tillant ou d&rsquo;un espresso, le bateau dispose d&rsquo;un bar avec tout ce que l&rsquo;on peut d\u00e9sirer. Nous nous occupons volontiers des besoins culinaires de nos h\u00f4tes: des ap\u00e9ritifs l\u00e9gers aux courses de raclette, en passant par un service de restauration professionnel, le bus fluvial offre tout ce que l&rsquo;on peut d\u00e9sirer.[\/et_pb_fullwidth_header][\/et_pb_section][et_pb_section fb_built=\u00a0\u00bb1&Prime; module_class=\u00a0\u00bbreversing\u00a0\u00bb _builder_version=\u00a0\u00bb4.18.0&Prime; _module_preset=\u00a0\u00bbdefault\u00a0\u00bb global_colors_info=\u00a0\u00bb{}\u00a0\u00bb][et_pb_row column_structure=\u00a0\u00bb1_2,1_2&Prime; _builder_version=\u00a0\u00bb4.18.0&Prime; _module_preset=\u00a0\u00bbdefault\u00a0\u00bb global_colors_info=\u00a0\u00bb{}\u00a0\u00bb][et_pb_column type=\u00a0\u00bb1_2&Prime; _builder_version=\u00a0\u00bb4.18.0&Prime; _module_preset=\u00a0\u00bbdefault\u00a0\u00bb global_colors_info=\u00a0\u00bb{}\u00a0\u00bb][et_pb_text _builder_version=\u00a0\u00bb4.21.0&Prime; _module_preset=\u00a0\u00bbdefault\u00a0\u00bb global_colors_info=\u00a0\u00bb{}\u00a0\u00bb]<\/p>\n<h2>Des plats fra\u00eechement pr\u00e9par\u00e9s de la plus haute qualit\u00e9.<\/h2>\n<p>Les repas et les boissons r\u00e9pondent aux exigences de qualit\u00e9 les plus \u00e9lev\u00e9es et font de votre excursion un v\u00e9ritable plaisir.<br \/>\nLes plats sont fra\u00eechement pr\u00e9par\u00e9s pour vous, c&rsquo;est pourquoi nous vous prions de r\u00e9server votre commande au moins 5 jours avant votre \u00e9v\u00e9nement.[\/et_pb_text][\/et_pb_column][et_pb_column type=\u00a0\u00bb1_2&Prime; _builder_version=\u00a0\u00bb4.18.0&Prime; _module_preset=\u00a0\u00bbdefault\u00a0\u00bb global_colors_info=\u00a0\u00bb{}\u00a0\u00bb][et_pb_image src=\u00a0\u00bbhttps:\/\/flussbus.ch\/wp-content\/uploads\/2022\/11\/flussbus-basel-rhyno-rhein-catering-scaled.jpeg\u00a0\u00bb alt=\u00a0\u00bbRestauration fluviale sur le Rhin\u00a0\u00bb title_text=\u00a0\u00bbbus-fluvial-bale-rhyno-rhein-restauration\u00a0\u00bb _builder_version=\u00a0\u00bb4.19.1&Prime; _module_preset=\u00a0\u00bbdefault\u00a0\u00bb global_colors_info=\u00a0\u00bb{}\u00a0\u00bb][\/et_pb_image][\/et_pb_column][\/et_pb_row][et_pb_row column_structure=\u00a0\u00bb1_2,1_2&Prime; _builder_version=\u00a0\u00bb4.18.0&Prime; _module_preset=\u00a0\u00bbdefault\u00a0\u00bb global_colors_info=\u00a0\u00bb{}\u00a0\u00bb][et_pb_column type=\u00a0\u00bb1_2&Prime; _builder_version=\u00a0\u00bb4.18.0&Prime; _module_preset=\u00a0\u00bbdefault\u00a0\u00bb global_colors_info=\u00a0\u00bb{}\u00a0\u00bb][et_pb_text _builder_version=\u00a0\u00bb4.21.0&Prime; _module_preset=\u00a0\u00bbdefault\u00a0\u00bb global_colors_info=\u00a0\u00bb{}\u00a0\u00bb]<\/p>\n<h2>Ap\u00e9ro italien.<\/h2>\n<p>Notre ap\u00e9ro Italia tr\u00e8s appr\u00e9ci\u00e9 allie plaisir et convivialit\u00e9 et se compose de diff\u00e9rentes bouch\u00e9es d\u00e9licates.<\/p>\n<ul>\n<li>Grissini B\u00e2tons et olives<\/li>\n<li>3 bruschette diff\u00e9rentes (tomates, parmigiano, viande\/fruits de mer)<\/li>\n<li>Plateau ap\u00e9ritif italien (Jambon de Parme Levoni, Coppa di Parma Levoni, Salame Milano gigante Levoni, Bresaola Bordoni IGP, Scamorza fum\u00e9e, Parmigiano Reggiano, Provolone Dolce, Pecorino Toscano, Latteria Val Lesina)<\/li>\n<\/ul>\n<p>Prix: CHF 27.\u2013 par personne<\/p>\n<p>[\/et_pb_text][\/et_pb_column][et_pb_column type=\u00a0\u00bb1_2&Prime; _builder_version=\u00a0\u00bb4.18.0&Prime; _module_preset=\u00a0\u00bbdefault\u00a0\u00bb global_colors_info=\u00a0\u00bb{}\u00a0\u00bb][et_pb_image src=\u00a0\u00bbhttps:\/\/flussbus.ch\/wp-content\/uploads\/2022\/11\/flussbus-basel-rhyno-rhein-catering-italienischer-apero-e1668842050252.jpg\u00a0\u00bb alt=\u00a0\u00bbBus fluvial B\u00e2le Rhyno\u00a0\u00bb title_text=\u00a0\u00bbbus-fluvial-basel-rhyno-rhein-restauration-apero-italien\u00a0\u00bb _builder_version=\u00a0\u00bb4.19.1&Prime; _module_preset=\u00a0\u00bbdefault\u00a0\u00bb global_colors_info=\u00a0\u00bb{}\u00a0\u00bb][\/et_pb_image][\/et_pb_column][\/et_pb_row][et_pb_row column_structure=\u00a0\u00bb1_2,1_2&Prime; _builder_version=\u00a0\u00bb4.18.0&Prime; _module_preset=\u00a0\u00bbdefault\u00a0\u00bb global_colors_info=\u00a0\u00bb{}\u00a0\u00bb][et_pb_column type=\u00a0\u00bb1_2&Prime; _builder_version=\u00a0\u00bb4.18.0&Prime; _module_preset=\u00a0\u00bbdefault\u00a0\u00bb global_colors_info=\u00a0\u00bb{}\u00a0\u00bb][et_pb_text _builder_version=\u00a0\u00bb4.21.0&Prime; _module_preset=\u00a0\u00bbdefault\u00a0\u00bb global_colors_info=\u00a0\u00bb{}\u00a0\u00bb]<\/p>\n<h2>Le brunch.<\/h2>\n<p>Id\u00e9al pour les l\u00e8ve-tard et un d\u00e9part parfait pour une journ\u00e9e de paresse &#8211; le brunch.<\/p>\n<p>Le brunch comprend<\/p>\n<ul>\n<li>Jambon, jambon cru, salami, charcuterie<\/li>\n<li>Fromage \u00e0 p\u00e2te mi-dure (deux sortes diff\u00e9rentes)<\/li>\n<li>Fromage \u00e0 p\u00e2te molle (deux vari\u00e9t\u00e9s diff\u00e9rentes)<\/li>\n<li>Tresse au beurre, pain complet, 1 x croissant<\/li>\n<li>Beurre, confitures (trois sortes diff\u00e9rentes) et miel<\/li>\n<li>1 x \u0153uf bio<\/li>\n<li>1 x verre de jus d&rsquo;orange, 1 x caf\u00e9, 1 x verre d&rsquo;eau min\u00e9rale<\/li>\n<\/ul>\n<p>Prix\u200b: CHF 38 par personne<\/p>\n<p>[\/et_pb_text][\/et_pb_column][et_pb_column type=\u00a0\u00bb1_2&Prime; _builder_version=\u00a0\u00bb4.18.0&Prime; _module_preset=\u00a0\u00bbdefault\u00a0\u00bb global_colors_info=\u00a0\u00bb{}\u00a0\u00bb][et_pb_image src=\u00a0\u00bbhttps:\/\/flussbus.ch\/wp-content\/uploads\/2022\/11\/flussbus-basel-rhyno-rhein-catering-brunch-zopf-e1668840264277.jpg\u00a0\u00bb alt=\u00a0\u00bbTraiteur : Brunch sur le Rhin\u00a0\u00bb title_text=\u00a0\u00bbflussbus-basel-rhyno-rhein-catering-brunch-zopf\u00a0\u00bb _builder_version=\u00a0\u00bb4.19.1&Prime; _module_preset=\u00a0\u00bbdefault\u00a0\u00bb global_colors_info=\u00a0\u00bb{}\u00a0\u00bb][\/et_pb_image][\/et_pb_column][\/et_pb_row][et_pb_row column_structure=\u00a0\u00bb1_2,1_2&Prime; _builder_version=\u00a0\u00bb4.18.0&Prime; _module_preset=\u00a0\u00bbdefault\u00a0\u00bb global_colors_info=\u00a0\u00bb{}\u00a0\u00bb][et_pb_column type=\u00a0\u00bb1_2&Prime; _builder_version=\u00a0\u00bb4.18.0&Prime; _module_preset=\u00a0\u00bbdefault\u00a0\u00bb global_colors_info=\u00a0\u00bb{}\u00a0\u00bb][et_pb_text _builder_version=\u00a0\u00bb4.22.1&Prime; _module_preset=\u00a0\u00bbdefault\u00a0\u00bb global_colors_info=\u00a0\u00bb{}\u00a0\u00bb]<\/p>\n<h2>Fondue au fromage.<\/h2>\n<p>Savourez une fondue d\u00e9licieusement cr\u00e9meuse.<br \/>\nNos fondues sont servies avec de la baguette fra\u00eeche et des pommes de terre en robe des champs.<\/p>\n<ul>\n<li>M\u00e9lange \u00e0 fondue 300g<\/li>\n<li>Pommes de terre 200g<\/li>\n<li>Baguette de pain<\/li>\n<\/ul>\n<p>Prix: CHF 34.\u2013 par personne[\/et_pb_text][\/et_pb_column][et_pb_column type=\u00a0\u00bb1_2&Prime; _builder_version=\u00a0\u00bb4.18.0&Prime; _module_preset=\u00a0\u00bbdefault\u00a0\u00bb global_colors_info=\u00a0\u00bb{}\u00a0\u00bb][et_pb_image src=\u00a0\u00bbhttps:\/\/flussbus.ch\/wp-content\/uploads\/2022\/11\/flussbus-basel-rhyno-rhein-catering-fondue-e1668840092612.jpg\u00a0\u00bb alt=\u00a0\u00bbTraiteur : Fondue sur le Rhin\u00a0\u00bb title_text=\u00a0\u00bbflussbus-basel-rhyno-rhein-catering-fondue\u00a0\u00bb _builder_version=\u00a0\u00bb4.19.1&Prime; _module_preset=\u00a0\u00bbdefault\u00a0\u00bb global_colors_info=\u00a0\u00bb{}\u00a0\u00bb][\/et_pb_image][\/et_pb_column][\/et_pb_row][et_pb_row column_structure=\u00a0\u00bb1_2,1_2&Prime; _builder_version=\u00a0\u00bb4.18.0&Prime; _module_preset=\u00a0\u00bbdefault\u00a0\u00bb global_colors_info=\u00a0\u00bb{}\u00a0\u00bb][et_pb_column type=\u00a0\u00bb1_2&Prime; _builder_version=\u00a0\u00bb4.18.0&Prime; _module_preset=\u00a0\u00bbdefault\u00a0\u00bb global_colors_info=\u00a0\u00bb{}\u00a0\u00bb][et_pb_text _builder_version=\u00a0\u00bb4.21.0&Prime; _module_preset=\u00a0\u00bbdefault\u00a0\u00bb global_colors_info=\u00a0\u00bb{}\u00a0\u00bb]<\/p>\n<h2>Fondue chinoise.<\/h2>\n<p>Le compagnon convivial et culinaire sur le Rhin : la fondue chinoise. Servi avec des pommes de terre et une petite salade de saison en entr\u00e9e.<\/p>\n<ul>\n<li>Viande de b\u0153uf et de veau (env. 300gr \/ par personne)<\/li>\n<li>Pommes de terre 200g<\/li>\n<li>Cornichons, oignons argent\u00e9s, \u00e9pis de ma\u00efs, tomates cerises, olives<\/li>\n<li>Avec sauce tartare, cocktail, ail et poivre<\/li>\n<li>Petite salade de saison (avec sauce \u00e0 la fran\u00e7aise ou \u00e0 l&rsquo;italienne)<\/li>\n<li>Pain frais<\/li>\n<\/ul>\n<p>Prix\u200b\u200b: CHF 44.\u2013 par personne<\/p>\n<p>[\/et_pb_text][\/et_pb_column][et_pb_column type=\u00a0\u00bb1_2&Prime; _builder_version=\u00a0\u00bb4.18.0&Prime; _module_preset=\u00a0\u00bbdefault\u00a0\u00bb global_colors_info=\u00a0\u00bb{}\u00a0\u00bb][et_pb_image src=\u00a0\u00bbhttps:\/\/flussbus.ch\/wp-content\/uploads\/2024\/04\/istockphoto-1070540726-612&#215;612-1.jpg\u00a0\u00bb _builder_version=\u00a0\u00bb4.25.0&Prime; _module_preset=\u00a0\u00bbdefault\u00a0\u00bb hover_enabled=\u00a0\u00bb0&Prime; global_colors_info=\u00a0\u00bb{}\u00a0\u00bb title_text=\u00a0\u00bbBroth for fondue chinoise\u00a0\u00bb sticky_enabled=\u00a0\u00bb0&Prime;][\/et_pb_image][\/et_pb_column][\/et_pb_row][et_pb_row column_structure=\u00a0\u00bb1_2,1_2&Prime; _builder_version=\u00a0\u00bb4.18.0&Prime; _module_preset=\u00a0\u00bbdefault\u00a0\u00bb global_colors_info=\u00a0\u00bb{}\u00a0\u00bb][et_pb_column type=\u00a0\u00bb1_2&Prime; _builder_version=\u00a0\u00bb4.18.0&Prime; _module_preset=\u00a0\u00bbdefault\u00a0\u00bb global_colors_info=\u00a0\u00bb{}\u00a0\u00bb][et_pb_text _builder_version=\u00a0\u00bb4.21.0&Prime; _module_preset=\u00a0\u00bbdefault\u00a0\u00bb global_colors_info=\u00a0\u00bb{}\u00a0\u00bb]<\/p>\n<h2>Raclette.<\/h2>\n<p>C\u2019est le moment de savourer une bonne raclette.<\/p>\n<p>La raclette est servie avec des pommes de terre \u00e0 raclette, y compris une petite salade de saison en entr\u00e9e.<\/p>\n<ul>\n<li>250g de fromage<\/li>\n<li>250g de pommes de terre<\/li>\n<li>Cornichons, oignons argent\u00e9s, \u00e9pis de ma\u00efs, tomates cerises, olives<\/li>\n<li>Petite salade de saison (avec sauce \u00e0 la fran\u00e7aise ou \u00e0 l&rsquo;italienne)<\/li>\n<li>Pain frais<\/li>\n<\/ul>\n<p>Prix\u200b: CHF 38 par personne<\/p>\n<p>[\/et_pb_text][\/et_pb_column][et_pb_column type=\u00a0\u00bb1_2&Prime; _builder_version=\u00a0\u00bb4.18.0&Prime; _module_preset=\u00a0\u00bbdefault\u00a0\u00bb global_colors_info=\u00a0\u00bb{}\u00a0\u00bb][et_pb_image src=\u00a0\u00bbhttps:\/\/flussbus.ch\/wp-content\/uploads\/2022\/11\/flussbus-basel-rhyno-rhein-catering-raclette-e1668841700560.jpg\u00a0\u00bb alt=\u00a0\u00bbRestauration : Raclette sur le Rhin\u00a0\u00bb title_text=\u00a0\u00bbbus-fluvial-basel-rhyno-rhein-restauration-raclette\u00a0\u00bb _builder_version=\u00a0\u00bb4.19.1&Prime; _module_preset=\u00a0\u00bbdefault\u00a0\u00bb global_colors_info=\u00a0\u00bb{}\u00a0\u00bb][\/et_pb_image][\/et_pb_column][\/et_pb_row][\/et_pb_section]<\/p>\n","protected":false},"excerpt":{"rendered":"<p>Qu&rsquo;il s&rsquo;agisse d&rsquo;une bi\u00e8re fra\u00eeche, d&rsquo;un champagne p\u00e9tillant ou d&rsquo;un espresso, le bateau dispose d&rsquo;un bar avec tout ce que l&rsquo;on peut d\u00e9sirer. Nous nous occupons volontiers des besoins culinaires de nos h\u00f4tes: des ap\u00e9ritifs l\u00e9gers aux courses de raclette, en passant par un service de restauration professionnel, le bus fluvial offre tout ce que [&hellip;]<\/p>\n","protected":false},"author":1,"featured_media":0,"parent":688,"menu_order":0,"comment_status":"closed","ping_status":"closed","template":"","meta":{"_acf_changed":false,"_et_pb_use_builder":"on","_et_pb_old_content":"","_et_gb_content_width":"","footnotes":""},"class_list":["post-676","page","type-page","status-publish","hentry"],"acf":[],"_links":{"self":[{"href":"https:\/\/flussbus.ch\/fr\/wp-json\/wp\/v2\/pages\/676","targetHints":{"allow":["GET"]}}],"collection":[{"href":"https:\/\/flussbus.ch\/fr\/wp-json\/wp\/v2\/pages"}],"about":[{"href":"https:\/\/flussbus.ch\/fr\/wp-json\/wp\/v2\/types\/page"}],"author":[{"embeddable":true,"href":"https:\/\/flussbus.ch\/fr\/wp-json\/wp\/v2\/users\/1"}],"replies":[{"embeddable":true,"href":"https:\/\/flussbus.ch\/fr\/wp-json\/wp\/v2\/comments?post=676"}],"version-history":[{"count":1,"href":"https:\/\/flussbus.ch\/fr\/wp-json\/wp\/v2\/pages\/676\/revisions"}],"predecessor-version":[{"id":1111,"href":"https:\/\/flussbus.ch\/fr\/wp-json\/wp\/v2\/pages\/676\/revisions\/1111"}],"up":[{"embeddable":true,"href":"https:\/\/flussbus.ch\/fr\/wp-json\/wp\/v2\/pages\/688"}],"wp:attachment":[{"href":"https:\/\/flussbus.ch\/fr\/wp-json\/wp\/v2\/media?parent=676"}],"curies":[{"name":"wp","href":"https:\/\/api.w.org\/{rel}","templated":true}]}}