{"id":670,"date":"2022-10-21T15:43:03","date_gmt":"2022-10-21T13:43:03","guid":{"rendered":"https:\/\/flussbus.ch\/rhyno-le-bateau-dexcursion-sur-le-rhin-balois"},"modified":"2023-08-22T15:27:23","modified_gmt":"2023-08-22T13:27:23","slug":"rhyno-le-bateau-dexcursion-sur-le-rhin-balois","status":"publish","type":"page","link":"https:\/\/flussbus.ch\/fr","title":{"rendered":"Rhyno &#8211; le bateau d&rsquo;excursion sur le Rhin b\u00e2lois"},"content":{"rendered":"<p>[et_pb_section fb_built=\u00a0\u00bb1&Prime; fullwidth=\u00a0\u00bbon\u00a0\u00bb _builder_version=\u00a0\u00bb4.22.1&Prime; _module_preset=\u00a0\u00bbdefault\u00a0\u00bb background_image=\u00a0\u00bbhttps:\/\/flussbus.ch\/wp-content\/uploads\/2023\/08\/flussbus-basel-rhyno-rhein-hauptbild-3.jpg\u00a0\u00bb hover_enabled=\u00a0\u00bb0&Prime; global_colors_info=\u00a0\u00bb{}\u00a0\u00bb title_text=\u00a0\u00bbflussbus-basel-rhyno-rhein-hauptbild-3&Prime; sticky_enabled=\u00a0\u00bb0&Prime;][et_pb_fullwidth_header title=\u00a0\u00bbBienvenue sur le bus fluvial!\u00a0\u00bb subhead=\u00a0\u00bbLe petit bateau de passagers le plus innovant et le plus confortable sur le Rhin b\u00e2lois.\u00a0\u00bb button_one_text=\u00a0\u00bbVers les offres\u00a0\u00bb button_one_url=\u00a0\u00bbhttps:\/\/flussbus.ch\/fr\/offre\u00a0\u00bb _builder_version=\u00a0\u00bb4.19.1&Prime; _module_preset=\u00a0\u00bbdefault\u00a0\u00bb global_colors_info=\u00a0\u00bb{}\u00a0\u00bb]<\/p>\n<p>Avec le bus fluvial, appel\u00e9 \u00ab\u00a0Rhyno\u00a0\u00bb, profitez d&rsquo;excursions et de circuits en toute d\u00e9contraction avec votre famille, vos amis, vos coll\u00e8gues de travail, vos partenaires commerciaux ou les membres de votre association.<\/p>\n<p>[\/et_pb_fullwidth_header][\/et_pb_section][et_pb_section fb_built=\u00a0\u00bb1&Prime; _builder_version=\u00a0\u00bb4.18.0&Prime; _module_preset=\u00a0\u00bbdefault\u00a0\u00bb global_colors_info=\u00a0\u00bb{}\u00a0\u00bb][et_pb_row column_structure=\u00a0\u00bb1_2,1_2&Prime; _builder_version=\u00a0\u00bb4.18.0&Prime; _module_preset=\u00a0\u00bbdefault\u00a0\u00bb global_colors_info=\u00a0\u00bb{}\u00a0\u00bb][et_pb_column type=\u00a0\u00bb1_2&Prime; _builder_version=\u00a0\u00bb4.18.0&Prime; _module_preset=\u00a0\u00bbdefault\u00a0\u00bb global_colors_info=\u00a0\u00bb{}\u00a0\u00bb][et_pb_text _builder_version=\u00a0\u00bb4.21.0&Prime; _module_preset=\u00a0\u00bbdefault\u00a0\u00bb global_colors_info=\u00a0\u00bb{}\u00a0\u00bb]<\/p>\n<h2>Votre bateau sur le Rhin.<\/h2>\n<p>Le bus fluvial est le seul petit bateau \u00e0 passagers de B\u00e2le \u00e0 offrir une toilette spacieuse et un bar avec r\u00e9frig\u00e9rateur et machine \u00e0 caf\u00e9. Le pont soleil confortable et spacieux sur le toit est \u00e9galement unique en son genre.<\/p>\n<p>Que vous souhaitiez faire un petit tour, profiter d&rsquo;un ap\u00e9ritif ou m\u00eame faire une excursion d&rsquo;une journ\u00e9e, le \u00ab\u00a0Rhyno\u00a0\u00bb est le bateau id\u00e9al pour vous.[\/et_pb_text][et_pb_button button_url=\u00a0\u00bbhttps:\/\/flussbus.ch\/fr\/a-propos-de-nous\/rhyno-bateau\u00a0\u00bb button_text=\u00a0\u00bbEn savoir plus sur le bateau\u00a0\u00bb _builder_version=\u00a0\u00bb4.18.0&Prime; _module_preset=\u00a0\u00bbdefault\u00a0\u00bb global_colors_info=\u00a0\u00bb{}\u00a0\u00bb][\/et_pb_button][\/et_pb_column][et_pb_column type=\u00a0\u00bb1_2&Prime; _builder_version=\u00a0\u00bb4.18.0&Prime; _module_preset=\u00a0\u00bbdefault\u00a0\u00bb global_colors_info=\u00a0\u00bb{}\u00a0\u00bb][et_pb_image src=\u00a0\u00bbhttps:\/\/flussbus.ch\/wp-content\/uploads\/2022\/11\/flussbus-basel-rhyno-rhein-schiff-rundfahrt-scaled.jpg\u00a0\u00bb alt=\u00a0\u00bbRhin aller-retour B\u00e2le\u00a0\u00bb title_text=\u00a0\u00bbbus-fluvial-bale-rhyno-rhin-excursion-en-bateau\u00a0\u00bb _builder_version=\u00a0\u00bb4.21.0&Prime; _module_preset=\u00a0\u00bbdefault\u00a0\u00bb global_colors_info=\u00a0\u00bb{}\u00a0\u00bb][\/et_pb_image][\/et_pb_column][\/et_pb_row][\/et_pb_section][et_pb_section fb_built=\u00a0\u00bb1&Prime; module_class=\u00a0\u00bbdark-bg\u00a0\u00bb _builder_version=\u00a0\u00bb4.18.0&Prime; _module_preset=\u00a0\u00bbdefault\u00a0\u00bb background_color=\u00a0\u00bb#0E0E52&Prime; use_background_color_gradient=\u00a0\u00bbon\u00a0\u00bb background_color_gradient_direction=\u00a0\u00bb135deg\u00a0\u00bb background_color_gradient_stops=\u00a0\u00bb#0e0e52 0%|#150578 100%\u00a0\u00bb global_colors_info=\u00a0\u00bb{}\u00a0\u00bb][et_pb_row column_structure=\u00a0\u00bb1_3,1_3,1_3&Prime; module_class=\u00a0\u00bbspace-col-25&Prime; _builder_version=\u00a0\u00bb4.18.0&Prime; _module_preset=\u00a0\u00bbdefault\u00a0\u00bb global_colors_info=\u00a0\u00bb{}\u00a0\u00bb][et_pb_column type=\u00a0\u00bb1_3&Prime; _builder_version=\u00a0\u00bb4.18.0&Prime; _module_preset=\u00a0\u00bbdefault\u00a0\u00bb global_colors_info=\u00a0\u00bb{}\u00a0\u00bb][et_pb_text _builder_version=\u00a0\u00bb4.21.0&Prime; _module_preset=\u00a0\u00bbdefault\u00a0\u00bb global_colors_info=\u00a0\u00bb{}\u00a0\u00bb]<\/p>\n<h4>la s\u00e9curit\u00e9.<\/h4>\n<p>Le bus fluvial vous garantit une s\u00e9curit\u00e9 maximale gr\u00e2ce \u00e0 sa construction en catamaran. En tant que premier bateau de cette cat\u00e9gorie \u00e0 B\u00e2le \u00e9quip\u00e9 de deux syst\u00e8mes de propulsion ind\u00e9pendants, vous arriverez \u00e0 destination en toute s\u00e9curit\u00e9, m\u00eame en cas de panne d&rsquo;un syst\u00e8me.[\/et_pb_text][\/et_pb_column][et_pb_column type=\u00a0\u00bb1_3&Prime; _builder_version=\u00a0\u00bb4.18.0&Prime; _module_preset=\u00a0\u00bbdefault\u00a0\u00bb global_colors_info=\u00a0\u00bb{}\u00a0\u00bb][et_pb_text _builder_version=\u00a0\u00bb4.21.0&Prime; _module_preset=\u00a0\u00bbdefault\u00a0\u00bb global_colors_info=\u00a0\u00bb{}\u00a0\u00bb]<\/p>\n<h4>Le confort.<\/h4>\n<p>Le Flussbus est le seul bateau de cette cat\u00e9gorie \u00e0 disposer d&rsquo;un espace toilettes. Le bateau, y compris les toilettes de bord \u00e9lectriques confortables, est chauff\u00e9 en hiver, ce qui vous permet de vous sentir \u00e0 l&rsquo;aise par tous les temps.[\/et_pb_text][\/et_pb_column][et_pb_column type=\u00a0\u00bb1_3&Prime; _builder_version=\u00a0\u00bb4.18.0&Prime; _module_preset=\u00a0\u00bbdefault\u00a0\u00bb global_colors_info=\u00a0\u00bb{}\u00a0\u00bb][et_pb_text _builder_version=\u00a0\u00bb4.21.0&Prime; _module_preset=\u00a0\u00bbdefault\u00a0\u00bb global_colors_info=\u00a0\u00bb{}\u00a0\u00bb]<\/p>\n<h4>La libert\u00e9.<\/h4>\n<p>Le bus fluvial offre un espace g\u00e9n\u00e9reux qui r\u00e9pond \u00e0 toutes les attentes, que l&rsquo;on veuille se d\u00e9gourdir les jambes, se tenir debout ou assis. \u00c0 l&rsquo;int\u00e9rieur, tous les passagers disposent de si\u00e8ges rembourr\u00e9s confortables avec de grandes tables, et ceux qui souhaitent prendre l&rsquo;air peuvent profiter de la vue sur le grand pont soleil. Il est \u00e9galement possible de s\u00e9journer sur le pont avant et le pont arri\u00e8re, c&rsquo;est-\u00e0-dire \u00e0 l&rsquo;avant et \u00e0 l&rsquo;arri\u00e8re.[\/et_pb_text][\/et_pb_column][\/et_pb_row][\/et_pb_section][et_pb_section fb_built=\u00a0\u00bb1&Prime; _builder_version=\u00a0\u00bb4.18.0&Prime; _module_preset=\u00a0\u00bbdefault\u00a0\u00bb global_colors_info=\u00a0\u00bb{}\u00a0\u00bb][et_pb_row column_structure=\u00a0\u00bb3_5,2_5&Prime; _builder_version=\u00a0\u00bb4.18.0&Prime; _module_preset=\u00a0\u00bbdefault\u00a0\u00bb custom_padding=\u00a0\u00bb50px||25px||false|false\u00a0\u00bb global_colors_info=\u00a0\u00bb{}\u00a0\u00bb][et_pb_column type=\u00a0\u00bb3_5&Prime; _builder_version=\u00a0\u00bb4.18.0&Prime; _module_preset=\u00a0\u00bbdefault\u00a0\u00bb global_colors_info=\u00a0\u00bb{}\u00a0\u00bb][et_pb_text _builder_version=\u00a0\u00bb4.19.1&Prime; _module_preset=\u00a0\u00bbdefault\u00a0\u00bb global_colors_info=\u00a0\u00bb{}\u00a0\u00bb]<\/p>\n<h2>Votre exp\u00e9rience sur le Rhin.<\/h2>\n<p>Le Rhin est l&rsquo;un des plus beaux endroits de B\u00e2le. Et qu&rsquo;y a-t-il de plus beau que de glisser sur l&rsquo;eau en bateau le long de la ville et de se sentir, l&rsquo;espace d&rsquo;un instant, comme en vacances ou \u00e0 une f\u00eate?<\/p>\n<p>L&rsquo;\u00e9quipe de Flussbus AG r\u00e9alise avec plaisir votre excursion sp\u00e9ciale sur le Rhin &#8211; et ce, ind\u00e9pendamment de la saison et toute l&rsquo;ann\u00e9e.<\/p>\n<p>[\/et_pb_text][\/et_pb_column][et_pb_column type=\u00a0\u00bb2_5&Prime; _builder_version=\u00a0\u00bb4.18.0&Prime; _module_preset=\u00a0\u00bbdefault\u00a0\u00bb global_colors_info=\u00a0\u00bb{}\u00a0\u00bb][\/et_pb_column][\/et_pb_row][et_pb_row column_structure=\u00a0\u00bb1_3,1_3,1_3&Prime; custom_padding_last_edited=\u00a0\u00bboff|desktop\u00a0\u00bb module_class=\u00a0\u00bbspace-col-25&Prime; _builder_version=\u00a0\u00bb4.21.0&Prime; _module_preset=\u00a0\u00bbdefault\u00a0\u00bb custom_padding=\u00a0\u00bb||||false|false\u00a0\u00bb global_colors_info=\u00a0\u00bb{}\u00a0\u00bb][et_pb_column type=\u00a0\u00bb1_3&Prime; _builder_version=\u00a0\u00bb4.18.0&Prime; _module_preset=\u00a0\u00bbdefault\u00a0\u00bb global_colors_info=\u00a0\u00bb{}\u00a0\u00bb][et_pb_image src=\u00a0\u00bbhttps:\/\/flussbus.ch\/wp-content\/uploads\/2022\/11\/flussbus-basel-rhyno-rhein-busfahrt-restaurants-scaled.jpg\u00a0\u00bb alt=\u00a0\u00bbVoyage en bus sur le Rhin: Restaurants\u00a0\u00bb title_text=\u00a0\u00bbflussbus-bale-rhyno-rhin-voyage-en-bus-restaurants\u00a0\u00bb _builder_version=\u00a0\u00bb4.21.0&Prime; _module_preset=\u00a0\u00bbdefault\u00a0\u00bb global_colors_info=\u00a0\u00bb{}\u00a0\u00bb][\/et_pb_image][et_pb_text _builder_version=\u00a0\u00bb4.21.0&Prime; _module_preset=\u00a0\u00bbdefault\u00a0\u00bb global_colors_info=\u00a0\u00bb{}\u00a0\u00bb]<\/p>\n<h3>Tours en voiture.<\/h3>\n<p>Choisissez votre circuit sur le Rhin parmi une s\u00e9lection de tours recommand\u00e9s.<\/p>\n<p><a href=\"https:\/\/flussbus.ch\/fr\/offre\/tours\">En savoir plus<\/a>[\/et_pb_text][\/et_pb_column][et_pb_column type=\u00a0\u00bb1_3&Prime; _builder_version=\u00a0\u00bb4.18.0&Prime; _module_preset=\u00a0\u00bbdefault\u00a0\u00bb global_colors_info=\u00a0\u00bb{}\u00a0\u00bb][et_pb_image src=\u00a0\u00bbhttps:\/\/flussbus.ch\/wp-content\/uploads\/2022\/11\/flussbus-basel-rhyno-rhein-schiff-fakten-zulassung-scaled.jpg\u00a0\u00bb alt=\u00a0\u00bbRhin Bateau Rhyno: Homologations\u00a0\u00bb title_text=\u00a0\u00bbflussbus-bale-rhyno-rhin-bateau-immatriculation\u00a0\u00bb _builder_version=\u00a0\u00bb4.21.0&Prime; _module_preset=\u00a0\u00bbdefault\u00a0\u00bb global_colors_info=\u00a0\u00bb{}\u00a0\u00bb][\/et_pb_image][et_pb_text _builder_version=\u00a0\u00bb4.21.0&Prime; _module_preset=\u00a0\u00bbdefault\u00a0\u00bb global_colors_info=\u00a0\u00bb{}\u00a0\u00bb]<\/p>\n<h3>Les croisi\u00e8res.<\/h3>\n<p>Profitez d&rsquo;une longue excursion \u00e0 Rheinfelden ou Mulhouse.<\/p>\n<p><a href=\"https:\/\/flussbus.ch\/fr\/offre\/croisiere\">En savoir plus<\/a>[\/et_pb_text][\/et_pb_column][et_pb_column type=\u00a0\u00bb1_3&Prime; _builder_version=\u00a0\u00bb4.18.0&Prime; _module_preset=\u00a0\u00bbdefault\u00a0\u00bb global_colors_info=\u00a0\u00bb{}\u00a0\u00bb][et_pb_image src=\u00a0\u00bbhttps:\/\/flussbus.ch\/wp-content\/uploads\/2022\/11\/flussbus-basel-rhyno-rhein-catering-scaled.jpeg\u00a0\u00bb alt=\u00a0\u00bbRestauration fluviale sur le Rhin\u00a0\u00bb title_text=\u00a0\u00bbbus-fluvial-bale-rhyno-rhein-restauration\u00a0\u00bb _builder_version=\u00a0\u00bb4.21.0&Prime; _module_preset=\u00a0\u00bbdefault\u00a0\u00bb global_colors_info=\u00a0\u00bb{}\u00a0\u00bb][\/et_pb_image][et_pb_text _builder_version=\u00a0\u00bb4.21.0&Prime; _module_preset=\u00a0\u00bbdefault\u00a0\u00bb global_colors_info=\u00a0\u00bb{}\u00a0\u00bb]<\/p>\n<h3>Occasions sp\u00e9ciales.<\/h3>\n<p>Une s\u00e9lection de magnifiques sorties pour diff\u00e9rents \u00e9v\u00e9nements.<\/p>\n<p><a href=\"https:\/\/flussbus.ch\/fr\/offre\/nos-offres-speciales\">En savoir plus<\/a>[\/et_pb_text][\/et_pb_column][\/et_pb_row][et_pb_row column_structure=\u00a0\u00bb3_5,2_5&Prime; _builder_version=\u00a0\u00bb4.18.0&Prime; _module_preset=\u00a0\u00bbdefault\u00a0\u00bb custom_padding=\u00a0\u00bb25px||50px||false|false\u00a0\u00bb global_colors_info=\u00a0\u00bb{}\u00a0\u00bb][et_pb_column type=\u00a0\u00bb3_5&Prime; _builder_version=\u00a0\u00bb4.18.0&Prime; _module_preset=\u00a0\u00bbdefault\u00a0\u00bb global_colors_info=\u00a0\u00bb{}\u00a0\u00bb][et_pb_text _builder_version=\u00a0\u00bb4.21.0&Prime; _module_preset=\u00a0\u00bbdefault\u00a0\u00bb global_colors_info=\u00a0\u00bb{}\u00a0\u00bb]Plongez dans notre choix vari\u00e9 et laissez-vous s\u00e9duire par nos autres croisi\u00e8res. [\/et_pb_text][et_pb_button button_url=\u00a0\u00bbhttps:\/\/flussbus.ch\/fr\/offre\u00a0\u00bb button_text=\u00a0\u00bbD\u00e9couvrez les offres\u00a0\u00bb _builder_version=\u00a0\u00bb4.18.0&Prime; _module_preset=\u00a0\u00bbdefault\u00a0\u00bb global_colors_info=\u00a0\u00bb{}\u00a0\u00bb][\/et_pb_button][\/et_pb_column][et_pb_column type=\u00a0\u00bb2_5&Prime; _builder_version=\u00a0\u00bb4.18.0&Prime; _module_preset=\u00a0\u00bbdefault\u00a0\u00bb global_colors_info=\u00a0\u00bb{}\u00a0\u00bb][\/et_pb_column][\/et_pb_row][\/et_pb_section][et_pb_section fb_built=\u00a0\u00bb1&Prime; module_class=\u00a0\u00bbdark-bg\u00a0\u00bb _builder_version=\u00a0\u00bb4.18.0&Prime; _module_preset=\u00a0\u00bbdefault\u00a0\u00bb background_color=\u00a0\u00bb#0E0E52&Prime; use_background_color_gradient=\u00a0\u00bbon\u00a0\u00bb background_color_gradient_direction=\u00a0\u00bb45deg\u00a0\u00bb background_color_gradient_stops=\u00a0\u00bb#0e0e52 0%|#150578 100%\u00a0\u00bb global_colors_info=\u00a0\u00bb{}\u00a0\u00bb][et_pb_row column_structure=\u00a0\u00bb1_3,1_3,1_3&Prime; module_class=\u00a0\u00bb space-col-25&Prime; _builder_version=\u00a0\u00bb4.18.0&Prime; _module_preset=\u00a0\u00bbdefault\u00a0\u00bb global_colors_info=\u00a0\u00bb{}\u00a0\u00bb][et_pb_column type=\u00a0\u00bb1_3&Prime; _builder_version=\u00a0\u00bb4.18.0&Prime; _module_preset=\u00a0\u00bbdefault\u00a0\u00bb global_colors_info=\u00a0\u00bb{}\u00a0\u00bb][et_pb_text _builder_version=\u00a0\u00bb4.21.0&Prime; _module_preset=\u00a0\u00bbdefault\u00a0\u00bb global_colors_info=\u00a0\u00bb{}\u00a0\u00bb]<\/p>\n<h4>Atmosph\u00e8re priv\u00e9e.<\/h4>\n<p>Le bateau peut accueillir jusqu&rsquo;\u00e0 12 invit\u00e9s, ce qui vous permet de profiter de votre \u00e9v\u00e9nement priv\u00e9 sans \u00eatre d\u00e9rang\u00e9 (apr\u00e8s accord, jusqu&rsquo;\u00e0 24 personnes sont possibles avec un 2e bateau).[\/et_pb_text][\/et_pb_column][et_pb_column type=\u00a0\u00bb1_3&Prime; _builder_version=\u00a0\u00bb4.18.0&Prime; _module_preset=\u00a0\u00bbdefault\u00a0\u00bb global_colors_info=\u00a0\u00bb{}\u00a0\u00bb][et_pb_text _builder_version=\u00a0\u00bb4.21.0&Prime; _module_preset=\u00a0\u00bbdefault\u00a0\u00bb global_colors_info=\u00a0\u00bb{}\u00a0\u00bb]<\/p>\n<h4>Un capitaine et un h\u00f4te exp\u00e9riment\u00e9s.<\/h4>\n<p>Le capitaine du bateau, aimable et exp\u00e9riment\u00e9, ainsi que l&rsquo;h\u00f4te pr\u00e9sent, vous accueillent chaleureusement \u00e0 bord et veillent \u00e0 ce que votre \u00e9v\u00e9nement soit un succ\u00e8s. L&rsquo;\u00e9quipe du bus fluvial assure un service complet de bien-\u00eatre et de s\u00e9curit\u00e9 \u00e0 tout moment.[\/et_pb_text][\/et_pb_column][et_pb_column type=\u00a0\u00bb1_3&Prime; _builder_version=\u00a0\u00bb4.18.0&Prime; _module_preset=\u00a0\u00bbdefault\u00a0\u00bb global_colors_info=\u00a0\u00bb{}\u00a0\u00bb][et_pb_text _builder_version=\u00a0\u00bb4.21.0&Prime; _module_preset=\u00a0\u00bbdefault\u00a0\u00bb global_colors_info=\u00a0\u00bb{}\u00a0\u00bb]<\/p>\n<h4>Restauration de premi\u00e8re classe.<\/h4>\n<p>Tous les plats sont fra\u00eechement pr\u00e9par\u00e9s pour vous, r\u00e9pondent aux exigences de qualit\u00e9 les plus \u00e9lev\u00e9es et font de votre excursion un v\u00e9ritable plaisir.[\/et_pb_text][\/et_pb_column][\/et_pb_row][\/et_pb_section][et_pb_section fb_built=\u00a0\u00bb1&Prime; _builder_version=\u00a0\u00bb4.18.0&Prime; _module_preset=\u00a0\u00bbdefault\u00a0\u00bb global_colors_info=\u00a0\u00bb{}\u00a0\u00bb][et_pb_row column_structure=\u00a0\u00bb3_5,2_5&Prime; _builder_version=\u00a0\u00bb4.21.0&Prime; _module_preset=\u00a0\u00bbdefault\u00a0\u00bb custom_padding=\u00a0\u00bb50px||25px||false|false\u00a0\u00bb global_colors_info=\u00a0\u00bb{}\u00a0\u00bb][et_pb_column type=\u00a0\u00bb3_5&Prime; _builder_version=\u00a0\u00bb4.18.0&Prime; _module_preset=\u00a0\u00bbdefault\u00a0\u00bb global_colors_info=\u00a0\u00bb{}\u00a0\u00bb][et_pb_text _builder_version=\u00a0\u00bb4.21.0&Prime; _module_preset=\u00a0\u00bbdefault\u00a0\u00bb global_colors_info=\u00a0\u00bb{}\u00a0\u00bb]<\/p>\n<h2>Sp\u00e9cialit\u00e9s actuelles.<\/h2>\n<p>Voici quelques offres sp\u00e9ciales que vous pourrez r\u00e9server prochainement.[\/et_pb_text][\/et_pb_column][et_pb_column type=\u00a0\u00bb2_5&Prime; _builder_version=\u00a0\u00bb4.18.0&Prime; _module_preset=\u00a0\u00bbdefault\u00a0\u00bb global_colors_info=\u00a0\u00bb{}\u00a0\u00bb][\/et_pb_column][\/et_pb_row][et_pb_row module_class=\u00a0\u00bbspace-col-25&Prime; _builder_version=\u00a0\u00bb4.21.0&Prime; _module_preset=\u00a0\u00bbdefault\u00a0\u00bb global_colors_info=\u00a0\u00bb{}\u00a0\u00bb][et_pb_column type=\u00a0\u00bb4_4&Prime; _builder_version=\u00a0\u00bb4.18.0&Prime; _module_preset=\u00a0\u00bbdefault\u00a0\u00bb global_colors_info=\u00a0\u00bb{}\u00a0\u00bb][nffb_woo_appointments category=\u00a0\u00bbspecials\u00a0\u00bb number_tours=\u00a0\u00bb3&Prime; show_duration=\u00a0\u00bboff\u00a0\u00bb show_price=\u00a0\u00bboff\u00a0\u00bb display_layout=\u00a0\u00bbcolumn\u00a0\u00bb _builder_version=\u00a0\u00bb4.21.0&Prime; _module_preset=\u00a0\u00bbdefault\u00a0\u00bb header_level=\u00a0\u00bbh3&Prime; global_colors_info=\u00a0\u00bb{}\u00a0\u00bb][\/nffb_woo_appointments][\/et_pb_column][\/et_pb_row][et_pb_row column_structure=\u00a0\u00bb3_5,2_5&Prime; _builder_version=\u00a0\u00bb4.21.0&Prime; _module_preset=\u00a0\u00bbdefault\u00a0\u00bb custom_padding=\u00a0\u00bb25px||||false|false\u00a0\u00bb global_colors_info=\u00a0\u00bb{}\u00a0\u00bb][et_pb_column type=\u00a0\u00bb3_5&Prime; _builder_version=\u00a0\u00bb4.18.0&Prime; _module_preset=\u00a0\u00bbdefault\u00a0\u00bb global_colors_info=\u00a0\u00bb{}\u00a0\u00bb][et_pb_text _builder_version=\u00a0\u00bb4.21.0&Prime; _module_preset=\u00a0\u00bbdefault\u00a0\u00bb global_colors_info=\u00a0\u00bb{}\u00a0\u00bb]Ne manquez pas nos offres sp\u00e9ciales exclusives qui n&rsquo;attendent que vous pour \u00eatre d\u00e9couvertes. Plongez dans un monde de croisi\u00e8res uniques et vivez une exp\u00e9rience incomparable.[\/et_pb_text][et_pb_button button_url=\u00a0\u00bbhttps:\/\/flussbus.ch\/fr\/offre\/nos-offres-speciales\u00a0\u00bb button_text=\u00a0\u00bbVoir toutes les offres sp\u00e9ciales\u00a0\u00bb _builder_version=\u00a0\u00bb4.21.0&Prime; _module_preset=\u00a0\u00bbdefault\u00a0\u00bb global_colors_info=\u00a0\u00bb{}\u00a0\u00bb][\/et_pb_button][\/et_pb_column][et_pb_column type=\u00a0\u00bb2_5&Prime; _builder_version=\u00a0\u00bb4.18.0&Prime; _module_preset=\u00a0\u00bbdefault\u00a0\u00bb global_colors_info=\u00a0\u00bb{}\u00a0\u00bb][\/et_pb_column][\/et_pb_row][\/et_pb_section][et_pb_section fb_built=\u00a0\u00bb1&Prime; fullwidth=\u00a0\u00bbon\u00a0\u00bb _builder_version=\u00a0\u00bb4.19.1&Prime; _module_preset=\u00a0\u00bbdefault\u00a0\u00bb background_color=\u00a0\u00bb#256EFF\u00a0\u00bb global_colors_info=\u00a0\u00bb{}\u00a0\u00bb][et_pb_fullwidth_header title=\u00a0\u00bbNous r\u00e9pondons \u00e9galement volontiers \u00e0 vos souhaits individuels &#8211; contactez-nous pour discuter de votre trajet.\u00a0\u00bb button_one_text=\u00a0\u00bbContactez-nous maintenant\u00a0\u00bb button_one_url=\u00a0\u00bbhttps:\/\/flussbus.ch\/fr\/contact\u00a0\u00bb module_class=\u00a0\u00bbspace-col-50&Prime; _builder_version=\u00a0\u00bb4.21.0&Prime; _module_preset=\u00a0\u00bbdefault\u00a0\u00bb title_level=\u00a0\u00bbh2&Prime; background_enable_color=\u00a0\u00bboff\u00a0\u00bb][\/et_pb_fullwidth_header][\/et_pb_section]<\/p>\n","protected":false},"excerpt":{"rendered":"<p>Avec le bus fluvial, appel\u00e9 \u00ab\u00a0Rhyno\u00a0\u00bb, profitez d&rsquo;excursions et de circuits en toute d\u00e9contraction avec votre famille, vos amis, vos coll\u00e8gues de travail, vos partenaires commerciaux ou les membres de votre association.Votre bateau sur le Rhin. Le bus fluvial est le seul petit bateau \u00e0 passagers de B\u00e2le \u00e0 offrir une toilette spacieuse et un [&hellip;]<\/p>\n","protected":false},"author":1,"featured_media":0,"parent":0,"menu_order":0,"comment_status":"closed","ping_status":"closed","template":"","meta":{"_acf_changed":false,"_et_pb_use_builder":"on","_et_pb_old_content":"","_et_gb_content_width":"","footnotes":""},"class_list":["post-670","page","type-page","status-publish","hentry"],"acf":[],"_links":{"self":[{"href":"https:\/\/flussbus.ch\/fr\/wp-json\/wp\/v2\/pages\/670","targetHints":{"allow":["GET"]}}],"collection":[{"href":"https:\/\/flussbus.ch\/fr\/wp-json\/wp\/v2\/pages"}],"about":[{"href":"https:\/\/flussbus.ch\/fr\/wp-json\/wp\/v2\/types\/page"}],"author":[{"embeddable":true,"href":"https:\/\/flussbus.ch\/fr\/wp-json\/wp\/v2\/users\/1"}],"replies":[{"embeddable":true,"href":"https:\/\/flussbus.ch\/fr\/wp-json\/wp\/v2\/comments?post=670"}],"version-history":[{"count":0,"href":"https:\/\/flussbus.ch\/fr\/wp-json\/wp\/v2\/pages\/670\/revisions"}],"wp:attachment":[{"href":"https:\/\/flussbus.ch\/fr\/wp-json\/wp\/v2\/media?parent=670"}],"curies":[{"name":"wp","href":"https:\/\/api.w.org\/{rel}","templated":true}]}}