{"id":635,"date":"2022-10-21T13:37:09","date_gmt":"2022-10-21T11:37:09","guid":{"rendered":"https:\/\/flussbus.ch\/offre"},"modified":"2024-04-19T18:13:37","modified_gmt":"2024-04-19T16:13:37","slug":"offre","status":"publish","type":"page","link":"https:\/\/flussbus.ch\/fr\/offre","title":{"rendered":"Offre"},"content":{"rendered":"<p>[et_pb_section fb_built=\u00a0\u00bb1&Prime; fullwidth=\u00a0\u00bbon\u00a0\u00bb _builder_version=\u00a0\u00bb4.22.1&Prime; _module_preset=\u00a0\u00bbdefault\u00a0\u00bb background_image=\u00a0\u00bbhttps:\/\/flussbus.ch\/wp-content\/uploads\/2023\/08\/flussbus-basel-rhyno-rhein-hauptbild-3.jpg\u00a0\u00bb global_colors_info=\u00a0\u00bb{}\u00a0\u00bb][et_pb_fullwidth_header title=\u00a0\u00bbVos possibilit\u00e9s.\u00a0\u00bb button_one_text=\u00a0\u00bbContacter maintenant\u00a0\u00bb button_one_url=\u00a0\u00bbhttps:\/\/flussbus.ch\/fr\/contact\u00a0\u00bb _builder_version=\u00a0\u00bb4.21.0&Prime; _module_preset=\u00a0\u00bbdefault\u00a0\u00bb global_colors_info=\u00a0\u00bb{}\u00a0\u00bb]<\/p>\n<p>Une s\u00e9lection d&rsquo;offres sp\u00e9cialement choisies est \u00e0 votre disposition.<br \/>N&rsquo;h\u00e9sitez pas \u00e0 nous contacter pour des souhaits et \u00e9v\u00e9nements individuels.<\/p>\n<p>[\/et_pb_fullwidth_header][\/et_pb_section][et_pb_section fb_built=\u00a0\u00bb1&Prime; module_class=\u00a0\u00bbreversing\u00a0\u00bb _builder_version=\u00a0\u00bb4.18.0&Prime; _module_preset=\u00a0\u00bbdefault\u00a0\u00bb global_colors_info=\u00a0\u00bb{}\u00a0\u00bb][et_pb_row column_structure=\u00a0\u00bb1_2,1_2&Prime; _builder_version=\u00a0\u00bb4.18.0&Prime; _module_preset=\u00a0\u00bbdefault\u00a0\u00bb global_colors_info=\u00a0\u00bb{}\u00a0\u00bb][et_pb_column type=\u00a0\u00bb1_2&Prime; _builder_version=\u00a0\u00bb4.18.0&Prime; _module_preset=\u00a0\u00bbdefault\u00a0\u00bb global_colors_info=\u00a0\u00bb{}\u00a0\u00bb][et_pb_text _builder_version=\u00a0\u00bb4.21.0&Prime; _module_preset=\u00a0\u00bbdefault\u00a0\u00bb global_colors_info=\u00a0\u00bb{}\u00a0\u00bb]<\/p>\n<h2>Voyage en bus.<\/h2>\n<p>RHYNO vous y emm\u00e8ne et RHYNO vient vous chercher.<\/p>\n<p>La croisi\u00e8re en bus sur le Rhin vous permet d&rsquo;acc\u00e9der \u00e0 des restaurants populaires et d&rsquo;\u00eatre r\u00e9cup\u00e9r\u00e9.[\/et_pb_text][et_pb_button button_url=\u00a0\u00bbhttps:\/\/flussbus.ch\/fr\/offre\/voyage-en-bus\u00a0\u00bb button_text=\u00a0\u00bbVoyage en bus sur le Rhin\u00a0\u00bb _builder_version=\u00a0\u00bb4.19.1&Prime; _module_preset=\u00a0\u00bbdefault\u00a0\u00bb global_colors_info=\u00a0\u00bb{}\u00a0\u00bb][\/et_pb_button][\/et_pb_column][et_pb_column type=\u00a0\u00bb1_2&Prime; _builder_version=\u00a0\u00bb4.18.0&Prime; _module_preset=\u00a0\u00bbdefault\u00a0\u00bb global_colors_info=\u00a0\u00bb{}\u00a0\u00bb][et_pb_image src=\u00a0\u00bbhttps:\/\/flussbus.ch\/wp-content\/uploads\/2022\/11\/flussbus-basel-rhyno-rhein-busfahrt-restaurants-scaled.jpg\u00a0\u00bb alt=\u00a0\u00bbVoyage en bus sur le Rhin: Restaurants\u00a0\u00bb title_text=\u00a0\u00bbflussbus-bale-rhyno-rhin-voyage-en-bus-restaurants\u00a0\u00bb _builder_version=\u00a0\u00bb4.21.0&Prime; _module_preset=\u00a0\u00bbdefault\u00a0\u00bb global_colors_info=\u00a0\u00bb{}\u00a0\u00bb][\/et_pb_image][\/et_pb_column][\/et_pb_row][et_pb_row column_structure=\u00a0\u00bb1_2,1_2&Prime; _builder_version=\u00a0\u00bb4.18.0&Prime; _module_preset=\u00a0\u00bbdefault\u00a0\u00bb global_colors_info=\u00a0\u00bb{}\u00a0\u00bb][et_pb_column type=\u00a0\u00bb1_2&Prime; _builder_version=\u00a0\u00bb4.18.0&Prime; _module_preset=\u00a0\u00bbdefault\u00a0\u00bb global_colors_info=\u00a0\u00bb{}\u00a0\u00bb][et_pb_text _builder_version=\u00a0\u00bb4.21.0&Prime; _module_preset=\u00a0\u00bbdefault\u00a0\u00bb global_colors_info=\u00a0\u00bb{}\u00a0\u00bb]<\/p>\n<h2>Circuit.<\/h2>\n<p>D\u00e9couvrez B\u00e2le sous son plus beau jour.<\/p>\n<p>Choisissez votre circuit sur le Rhin parmi une s\u00e9lection de tours recommand\u00e9s.[\/et_pb_text][et_pb_button button_url=\u00a0\u00bbhttps:\/\/flussbus.ch\/fr\/offre\/tours\u00a0\u00bb button_text=\u00a0\u00bbCroisi\u00e8re sur le Rhin\u00a0\u00bb _builder_version=\u00a0\u00bb4.18.0&Prime; _module_preset=\u00a0\u00bbdefault\u00a0\u00bb global_colors_info=\u00a0\u00bb{}\u00a0\u00bb][\/et_pb_button][\/et_pb_column][et_pb_column type=\u00a0\u00bb1_2&Prime; _builder_version=\u00a0\u00bb4.18.0&Prime; _module_preset=\u00a0\u00bbdefault\u00a0\u00bb global_colors_info=\u00a0\u00bb{}\u00a0\u00bb][et_pb_image src=\u00a0\u00bbhttps:\/\/flussbus.ch\/wp-content\/uploads\/2024\/04\/PSX_20240419_154455.jpg\u00a0\u00bb alt=\u00a0\u00bbRhin Tours B\u00e2le: Minitour\u00a0\u00bb title_text=\u00a0\u00bbPSX_20240419_154455&Prime; _builder_version=\u00a0\u00bb4.25.0&Prime; _module_preset=\u00a0\u00bbdefault\u00a0\u00bb hover_enabled=\u00a0\u00bb0&Prime; global_colors_info=\u00a0\u00bb{}\u00a0\u00bb sticky_enabled=\u00a0\u00bb0&Prime;][\/et_pb_image][\/et_pb_column][\/et_pb_row][et_pb_row column_structure=\u00a0\u00bb1_2,1_2&Prime; _builder_version=\u00a0\u00bb4.18.0&Prime; _module_preset=\u00a0\u00bbdefault\u00a0\u00bb global_colors_info=\u00a0\u00bb{}\u00a0\u00bb][et_pb_column type=\u00a0\u00bb1_2&Prime; _builder_version=\u00a0\u00bb4.18.0&Prime; _module_preset=\u00a0\u00bbdefault\u00a0\u00bb global_colors_info=\u00a0\u00bb{}\u00a0\u00bb][et_pb_text _builder_version=\u00a0\u00bb4.21.0&Prime; _module_preset=\u00a0\u00bbdefault\u00a0\u00bb global_colors_info=\u00a0\u00bb{}\u00a0\u00bb]<\/p>\n<h2>Croisi\u00e8re.<\/h2>\n<p>Offrez-vous, ainsi qu&rsquo;\u00e0 vos invit\u00e9s, une excursion exclusive avec RHYNO.<\/p>\n<p>Profitez d&rsquo;une longue excursion \u00e0 Rheinfelden ou Mulhouse.[\/et_pb_text][et_pb_button button_url=\u00a0\u00bbhttps:\/\/flussbus.ch\/fr\/offre\/croisiere\u00a0\u00bb button_text=\u00a0\u00bbCroisi\u00e8re sur le Rhin\u00a0\u00bb _builder_version=\u00a0\u00bb4.21.0&Prime; _module_preset=\u00a0\u00bbdefault\u00a0\u00bb global_colors_info=\u00a0\u00bb{}\u00a0\u00bb][\/et_pb_button][\/et_pb_column][et_pb_column type=\u00a0\u00bb1_2&Prime; _builder_version=\u00a0\u00bb4.18.0&Prime; _module_preset=\u00a0\u00bbdefault\u00a0\u00bb global_colors_info=\u00a0\u00bb{}\u00a0\u00bb][et_pb_image src=\u00a0\u00bbhttps:\/\/flussbus.ch\/wp-content\/uploads\/2022\/11\/flussbus-basel-rhyno-rhein-schiff-kreuzfahrt-scaled.jpg\u00a0\u00bb alt=\u00a0\u00bbRhin Croisi\u00e8re B\u00e2le\u00a0\u00bb title_text=\u00a0\u00bbflussbus-bale-rhyno-rhin-bateau-croisiere\u00a0\u00bb _builder_version=\u00a0\u00bb4.21.0&Prime; _module_preset=\u00a0\u00bbdefault\u00a0\u00bb global_colors_info=\u00a0\u00bb{}\u00a0\u00bb][\/et_pb_image][\/et_pb_column][\/et_pb_row][et_pb_row column_structure=\u00a0\u00bb1_2,1_2&Prime; _builder_version=\u00a0\u00bb4.18.0&Prime; _module_preset=\u00a0\u00bbdefault\u00a0\u00bb global_colors_info=\u00a0\u00bb{}\u00a0\u00bb][et_pb_column type=\u00a0\u00bb1_2&Prime; _builder_version=\u00a0\u00bb4.18.0&Prime; _module_preset=\u00a0\u00bbdefault\u00a0\u00bb global_colors_info=\u00a0\u00bb{}\u00a0\u00bb][et_pb_text _builder_version=\u00a0\u00bb4.21.0&Prime; _module_preset=\u00a0\u00bbdefault\u00a0\u00bb global_colors_info=\u00a0\u00bb{}\u00a0\u00bb]<\/p>\n<h2>Occasions sp\u00e9ciales.<\/h2>\n<p>Vivez les plus beaux moments sur le RHYNO.<\/p>\n<p>Une s\u00e9lection de magnifiques sorties pour diff\u00e9rents \u00e9v\u00e9nements.[\/et_pb_text][et_pb_button button_url=\u00a0\u00bbhttps:\/\/flussbus.ch\/fr\/offre\/nos-offres-speciales\u00a0\u00bb button_text=\u00a0\u00bbManifestations sp\u00e9ciales sur le Rhin\u00a0\u00bb _builder_version=\u00a0\u00bb4.21.0&Prime; _module_preset=\u00a0\u00bbdefault\u00a0\u00bb global_colors_info=\u00a0\u00bb{}\u00a0\u00bb][\/et_pb_button][\/et_pb_column][et_pb_column type=\u00a0\u00bb1_2&Prime; _builder_version=\u00a0\u00bb4.18.0&Prime; _module_preset=\u00a0\u00bbdefault\u00a0\u00bb global_colors_info=\u00a0\u00bb{}\u00a0\u00bb][et_pb_image src=\u00a0\u00bbhttps:\/\/flussbus.ch\/wp-content\/uploads\/2022\/11\/flussbus-basel-rhyno-rhein-catering-scaled.jpeg\u00a0\u00bb alt=\u00a0\u00bbRestauration fluviale sur le Rhin\u00a0\u00bb title_text=\u00a0\u00bbbus-fluvial-bale-rhyno-rhein-restauration\u00a0\u00bb _builder_version=\u00a0\u00bb4.21.0&Prime; _module_preset=\u00a0\u00bbdefault\u00a0\u00bb global_colors_info=\u00a0\u00bb{}\u00a0\u00bb][\/et_pb_image][\/et_pb_column][\/et_pb_row][et_pb_row column_structure=\u00a0\u00bb1_2,1_2&Prime; _builder_version=\u00a0\u00bb4.18.0&Prime; _module_preset=\u00a0\u00bbdefault\u00a0\u00bb global_colors_info=\u00a0\u00bb{}\u00a0\u00bb][et_pb_column type=\u00a0\u00bb1_2&Prime; _builder_version=\u00a0\u00bb4.18.0&Prime; _module_preset=\u00a0\u00bbdefault\u00a0\u00bb global_colors_info=\u00a0\u00bb{}\u00a0\u00bb][et_pb_text _builder_version=\u00a0\u00bb4.21.0&Prime; _module_preset=\u00a0\u00bbdefault\u00a0\u00bb global_colors_info=\u00a0\u00bb{}\u00a0\u00bb]<\/p>\n<h2>Des trajets personnalis\u00e9s.<\/h2>\n<p>R\u00e9alisez vos propres id\u00e9es.<\/p>\n<p>Vous nous indiquez o\u00f9 vous souhaitez vous rendre et nous faisons en sorte que votre excursion soit une exp\u00e9rience inoubliable.[\/et_pb_text][et_pb_button button_url=\u00a0\u00bbhttps:\/\/flussbus.ch\/fr\/offre\/voyages-individuels\u00a0\u00bb button_text=\u00a0\u00bbCroisi\u00e8res individuelles sur le Rhin\u00a0\u00bb _builder_version=\u00a0\u00bb4.18.0&Prime; _module_preset=\u00a0\u00bbdefault\u00a0\u00bb global_colors_info=\u00a0\u00bb{}\u00a0\u00bb][\/et_pb_button][\/et_pb_column][et_pb_column type=\u00a0\u00bb1_2&Prime; _builder_version=\u00a0\u00bb4.18.0&Prime; _module_preset=\u00a0\u00bbdefault\u00a0\u00bb global_colors_info=\u00a0\u00bb{}\u00a0\u00bb][et_pb_image src=\u00a0\u00bbhttps:\/\/flussbus.ch\/wp-content\/uploads\/2022\/11\/flussbus-basel-rhyno-rhein-schiff-kreuzfahrt-nord.jpg\u00a0\u00bb alt=\u00a0\u00bbRhin Croisi\u00e8re B\u00e2le: Nord\u00a0\u00bb title_text=\u00a0\u00bbflussbus-bale-rhyno-rhin-bateau-croisiere-nord\u00a0\u00bb _builder_version=\u00a0\u00bb4.21.0&Prime; _module_preset=\u00a0\u00bbdefault\u00a0\u00bb global_colors_info=\u00a0\u00bb{}\u00a0\u00bb][\/et_pb_image][\/et_pb_column][\/et_pb_row][\/et_pb_section]<\/p>\n","protected":false},"excerpt":{"rendered":"<p>Une s\u00e9lection d&rsquo;offres sp\u00e9cialement choisies est \u00e0 votre disposition.N&rsquo;h\u00e9sitez pas \u00e0 nous contacter pour des souhaits et \u00e9v\u00e9nements individuels.Voyage en bus. RHYNO vous y emm\u00e8ne et RHYNO vient vous chercher. La croisi\u00e8re en bus sur le Rhin vous permet d&rsquo;acc\u00e9der \u00e0 des restaurants populaires et d&rsquo;\u00eatre r\u00e9cup\u00e9r\u00e9.Circuit. D\u00e9couvrez B\u00e2le sous son plus beau jour. Choisissez [&hellip;]<\/p>\n","protected":false},"author":1,"featured_media":0,"parent":0,"menu_order":0,"comment_status":"closed","ping_status":"closed","template":"","meta":{"_acf_changed":false,"_et_pb_use_builder":"on","_et_pb_old_content":"","_et_gb_content_width":"","footnotes":""},"class_list":["post-635","page","type-page","status-publish","hentry"],"acf":[],"_links":{"self":[{"href":"https:\/\/flussbus.ch\/fr\/wp-json\/wp\/v2\/pages\/635","targetHints":{"allow":["GET"]}}],"collection":[{"href":"https:\/\/flussbus.ch\/fr\/wp-json\/wp\/v2\/pages"}],"about":[{"href":"https:\/\/flussbus.ch\/fr\/wp-json\/wp\/v2\/types\/page"}],"author":[{"embeddable":true,"href":"https:\/\/flussbus.ch\/fr\/wp-json\/wp\/v2\/users\/1"}],"replies":[{"embeddable":true,"href":"https:\/\/flussbus.ch\/fr\/wp-json\/wp\/v2\/comments?post=635"}],"version-history":[{"count":1,"href":"https:\/\/flussbus.ch\/fr\/wp-json\/wp\/v2\/pages\/635\/revisions"}],"predecessor-version":[{"id":1121,"href":"https:\/\/flussbus.ch\/fr\/wp-json\/wp\/v2\/pages\/635\/revisions\/1121"}],"wp:attachment":[{"href":"https:\/\/flussbus.ch\/fr\/wp-json\/wp\/v2\/media?parent=635"}],"curies":[{"name":"wp","href":"https:\/\/api.w.org\/{rel}","templated":true}]}}