{"id":472,"date":"2022-10-21T15:20:15","date_gmt":"2022-10-21T13:20:15","guid":{"rendered":"https:\/\/flussbus.ch\/voyages-individuels"},"modified":"2024-04-20T18:32:50","modified_gmt":"2024-04-20T16:32:50","slug":"voyages-individuels","status":"publish","type":"page","link":"https:\/\/flussbus.ch\/fr\/offre\/voyages-individuels","title":{"rendered":"Voyages individuels"},"content":{"rendered":"<p>[et_pb_section fb_built=\u00a0\u00bb1&Prime; fullwidth=\u00a0\u00bbon\u00a0\u00bb _builder_version=\u00a0\u00bb4.22.1&Prime; _module_preset=\u00a0\u00bbdefault\u00a0\u00bb background_image=\u00a0\u00bbhttps:\/\/flussbus.ch\/wp-content\/uploads\/2023\/08\/flussbus-basel-rhyno-rhein-hauptbild-2.jpg\u00a0\u00bb global_colors_info=\u00a0\u00bb{}\u00a0\u00bb][et_pb_fullwidth_header title=\u00a0\u00bbDes trajets personnalis\u00e9s.\u00a0\u00bb _builder_version=\u00a0\u00bb4.21.0&Prime; _module_preset=\u00a0\u00bbdefault\u00a0\u00bb global_colors_info=\u00a0\u00bb{}\u00a0\u00bb]Quel que soit votre souhait, nous nous effor\u00e7ons de le r\u00e9aliser. Vous nous indiquez o\u00f9 vous souhaitez vous rendre et nous faisons en sorte que votre excursion soit une exp\u00e9rience inoubliable.[\/et_pb_fullwidth_header][\/et_pb_section][et_pb_section fb_built=\u00a0\u00bb1&Prime; module_class=\u00a0\u00bbreversing\u00a0\u00bb _builder_version=\u00a0\u00bb4.18.0&Prime; _module_preset=\u00a0\u00bbdefault\u00a0\u00bb global_colors_info=\u00a0\u00bb{}\u00a0\u00bb][et_pb_row column_structure=\u00a0\u00bb1_2,1_2&Prime; _builder_version=\u00a0\u00bb4.18.0&Prime; _module_preset=\u00a0\u00bbdefault\u00a0\u00bb global_colors_info=\u00a0\u00bb{}\u00a0\u00bb][et_pb_column type=\u00a0\u00bb1_2&Prime; _builder_version=\u00a0\u00bb4.18.0&Prime; _module_preset=\u00a0\u00bbdefault\u00a0\u00bb global_colors_info=\u00a0\u00bb{}\u00a0\u00bb][et_pb_text _builder_version=\u00a0\u00bb4.21.0&Prime; _module_preset=\u00a0\u00bbdefault\u00a0\u00bb global_colors_info=\u00a0\u00bb{}\u00a0\u00bb]<\/p>\n<p>Voici une petite s\u00e9lection de possibilit\u00e9s et d&rsquo;id\u00e9es pour d\u00e9couvrir le Rhin avec le \u00ab\u00a0Rhyno\u00a0\u00bb.<\/p>\n<p>[\/et_pb_text][\/et_pb_column][et_pb_column type=\u00a0\u00bb1_2&Prime; _builder_version=\u00a0\u00bb4.18.0&Prime; _module_preset=\u00a0\u00bbdefault\u00a0\u00bb global_colors_info=\u00a0\u00bb{}\u00a0\u00bb][et_pb_image src=\u00a0\u00bbhttps:\/\/flussbus.ch\/wp-content\/uploads\/2022\/11\/flussbus-basel-rhyno-rhein-schiff-rundfahrt-scaled.jpg\u00a0\u00bb alt=\u00a0\u00bbRhin aller-retour B\u00e2le\u00a0\u00bb title_text=\u00a0\u00bbbus-fluvial-bale-rhyno-rhin-excursion-en-bateau\u00a0\u00bb _builder_version=\u00a0\u00bb4.21.0&Prime; _module_preset=\u00a0\u00bbdefault\u00a0\u00bb global_colors_info=\u00a0\u00bb{}\u00a0\u00bb][\/et_pb_image][\/et_pb_column][\/et_pb_row][et_pb_row column_structure=\u00a0\u00bb1_2,1_2&Prime; _builder_version=\u00a0\u00bb4.18.0&Prime; _module_preset=\u00a0\u00bbdefault\u00a0\u00bb global_colors_info=\u00a0\u00bb{}\u00a0\u00bb][et_pb_column type=\u00a0\u00bb1_2&Prime; _builder_version=\u00a0\u00bb4.18.0&Prime; _module_preset=\u00a0\u00bbdefault\u00a0\u00bb global_colors_info=\u00a0\u00bb{}\u00a0\u00bb][et_pb_text _builder_version=\u00a0\u00bb4.21.0&Prime; _module_preset=\u00a0\u00bbdefault\u00a0\u00bb global_colors_info=\u00a0\u00bb{}\u00a0\u00bb]<\/p>\n<h2>Trajets \u00e0 sens unique.<\/h2>\n<p>Des trajets vers Rheinfelden, par exemple, ou vers Mulhouse, sont bien entendu possibles.<br \/>\nVous pr\u00e9voyez peut-\u00eatre un tour \u00e0 v\u00e9lo en Alsace et souhaitez ensuite croiser tranquillement avec le \u00ab\u00a0Rhyno\u00a0\u00bb jusqu&rsquo;\u00e0 B\u00e2le et savourer un ap\u00e9ro digeste. Il y a suffisamment de place sur le bateau pour vos v\u00e9los. Ou vous souhaitez que le \u00ab\u00a0Rhyno\u00a0\u00bb vienne vous chercher \u00e0 Rheinfelden apr\u00e8s une visite au Solbad ou dans un restaurant et vous ram\u00e8ne \u00e0 B\u00e2le en toute d\u00e9contraction.[\/et_pb_text][\/et_pb_column][et_pb_column type=\u00a0\u00bb1_2&Prime; _builder_version=\u00a0\u00bb4.18.0&Prime; _module_preset=\u00a0\u00bbdefault\u00a0\u00bb global_colors_info=\u00a0\u00bb{}\u00a0\u00bb][et_pb_image src=\u00a0\u00bbhttps:\/\/flussbus.ch\/wp-content\/uploads\/2024\/04\/PSX_20240420_181301.jpg\u00a0\u00bb alt=\u00a0\u00bbVoyage en bus sur le Rhin: Restaurants\u00a0\u00bb title_text=\u00a0\u00bbPSX_20240420_181301&Prime; _builder_version=\u00a0\u00bb4.25.0&Prime; _module_preset=\u00a0\u00bbdefault\u00a0\u00bb global_colors_info=\u00a0\u00bb{}\u00a0\u00bb][\/et_pb_image][\/et_pb_column][\/et_pb_row][et_pb_row column_structure=\u00a0\u00bb1_2,1_2&Prime; _builder_version=\u00a0\u00bb4.18.0&Prime; _module_preset=\u00a0\u00bbdefault\u00a0\u00bb global_colors_info=\u00a0\u00bb{}\u00a0\u00bb][et_pb_column type=\u00a0\u00bb1_2&Prime; _builder_version=\u00a0\u00bb4.18.0&Prime; _module_preset=\u00a0\u00bbdefault\u00a0\u00bb global_colors_info=\u00a0\u00bb{}\u00a0\u00bb][et_pb_text _builder_version=\u00a0\u00bb4.21.0&Prime; _module_preset=\u00a0\u00bbdefault\u00a0\u00bb global_colors_info=\u00a0\u00bb{}\u00a0\u00bb]<\/p>\n<h2>Tours de mariage.<\/h2>\n<p>Les ap\u00e9ritifs de mariage sur le \u00ab\u00a0Rhyno\u00a0\u00bb sont \u00e9galement tr\u00e8s appr\u00e9ci\u00e9s. Le bus fluvial est d\u00e9cor\u00e9 selon vos souhaits et vous garantit un plaisir hors du commun que vous et vos invit\u00e9s n&rsquo;oublierez jamais.[\/et_pb_text][\/et_pb_column][et_pb_column type=\u00a0\u00bb1_2&Prime; _builder_version=\u00a0\u00bb4.18.0&Prime; _module_preset=\u00a0\u00bbdefault\u00a0\u00bb global_colors_info=\u00a0\u00bb{}\u00a0\u00bb][et_pb_image src=\u00a0\u00bbhttps:\/\/flussbus.ch\/wp-content\/uploads\/2023\/05\/flussbus-basel-rhyno-rhein-schiff-individuelle-fahrt-hochzeit.jpg\u00a0\u00bb alt=\u00a0\u00bbFlussbus B\u00e2le Rhyno\u00a0\u00bb title_text=\u00a0\u00bbTour de mariage\u00a0\u00bb _builder_version=\u00a0\u00bb4.21.0&Prime; _module_preset=\u00a0\u00bbdefault\u00a0\u00bb global_colors_info=\u00a0\u00bb{}\u00a0\u00bb][\/et_pb_image][\/et_pb_column][\/et_pb_row][et_pb_row column_structure=\u00a0\u00bb1_2,1_2&Prime; _builder_version=\u00a0\u00bb4.18.0&Prime; _module_preset=\u00a0\u00bbdefault\u00a0\u00bb global_colors_info=\u00a0\u00bb{}\u00a0\u00bb][et_pb_column type=\u00a0\u00bb1_2&Prime; _builder_version=\u00a0\u00bb4.18.0&Prime; _module_preset=\u00a0\u00bbdefault\u00a0\u00bb global_colors_info=\u00a0\u00bb{}\u00a0\u00bb][et_pb_text _builder_version=\u00a0\u00bb4.21.0&Prime; _module_preset=\u00a0\u00bbdefault\u00a0\u00bb global_colors_info=\u00a0\u00bb{}\u00a0\u00bb]<\/p>\n<h2>Tours d&rsquo;anniversaire.<\/h2>\n<p>F\u00eatez votre anniversaire avec vos proches dans un cadre insolite et embarquez sur le bateau pr\u00eat \u00e0 faire la f\u00eate.[\/et_pb_text][\/et_pb_column][et_pb_column type=\u00a0\u00bb1_2&Prime; _builder_version=\u00a0\u00bb4.18.0&Prime; _module_preset=\u00a0\u00bbdefault\u00a0\u00bb global_colors_info=\u00a0\u00bb{}\u00a0\u00bb][et_pb_image src=\u00a0\u00bbhttps:\/\/flussbus.ch\/wp-content\/uploads\/2023\/05\/flussbus-basel-rhyno-rhein-schiff-individuelle-fahrt-geburtstag.jpg\u00a0\u00bb alt=\u00a0\u00bbFlussbus B\u00e2le Rhyno\u00a0\u00bb title_text=\u00a0\u00bbfluvial-bale-rhyno-rhein-schiff-voyage-individuel-anniversaire\u00a0\u00bb _builder_version=\u00a0\u00bb4.21.0&Prime; _module_preset=\u00a0\u00bbdefault\u00a0\u00bb global_colors_info=\u00a0\u00bb{}\u00a0\u00bb][\/et_pb_image][\/et_pb_column][\/et_pb_row][et_pb_row column_structure=\u00a0\u00bb1_2,1_2&Prime; _builder_version=\u00a0\u00bb4.18.0&Prime; _module_preset=\u00a0\u00bbdefault\u00a0\u00bb global_colors_info=\u00a0\u00bb{}\u00a0\u00bb][et_pb_column type=\u00a0\u00bb1_2&Prime; _builder_version=\u00a0\u00bb4.18.0&Prime; _module_preset=\u00a0\u00bbdefault\u00a0\u00bb global_colors_info=\u00a0\u00bb{}\u00a0\u00bb][et_pb_text _builder_version=\u00a0\u00bb4.21.0&Prime; _module_preset=\u00a0\u00bbdefault\u00a0\u00bb global_colors_info=\u00a0\u00bb{}\u00a0\u00bb]<\/p>\n<h2>R\u00e9unions, s\u00e9minaires et \u00e9v\u00e9nements clients uniques pour les entreprises.<\/h2>\n<p>Introduisez une nouvelle culture de r\u00e9union dans votre entreprise &#8211; vos collaborateurs seront ravis et vous en remercieront.<br \/>FLUSSBUS AG vous garantit une discr\u00e9tion absolue et vous offre un environnement unique pour vos s\u00e9minaires et r\u00e9unions.<\/p>\n<p>Les d\u00eeners organis\u00e9s avec un traiteur selon vos souhaits sont notre passion. Si vous pr\u00e9f\u00e9rez un fournisseur de votre choix pour votre d\u00eener, appelez-nous. Nous veillerons, en collaboration avec votre traiteur, \u00e0 ce que l&rsquo;\u00e9v\u00e9nement de vos clients se d\u00e9roule sans accroc.<\/p>\n<p>[\/et_pb_text][\/et_pb_column][et_pb_column type=\u00a0\u00bb1_2&Prime; _builder_version=\u00a0\u00bb4.18.0&Prime; _module_preset=\u00a0\u00bbdefault\u00a0\u00bb global_colors_info=\u00a0\u00bb{}\u00a0\u00bb][et_pb_image src=\u00a0\u00bbhttps:\/\/flussbus.ch\/wp-content\/uploads\/2023\/05\/flussbus-basel-rhyno-rhein-schiff-individuelle-fahrt-meeting-seminare-kundenanlaesse.jpg\u00a0\u00bb alt=\u00a0\u00bbR\u00e9unions, s\u00e9minaires &amp; voyages clients\u00a0\u00bb title_text=\u00a0\u00bbR\u00e9unions, s\u00e9minaires &amp; voyages clients\u00a0\u00bb _builder_version=\u00a0\u00bb4.21.0&Prime; _module_preset=\u00a0\u00bbdefault\u00a0\u00bb global_colors_info=\u00a0\u00bb{}\u00a0\u00bb][\/et_pb_image][\/et_pb_column][\/et_pb_row][et_pb_row column_structure=\u00a0\u00bb1_2,1_2&Prime; _builder_version=\u00a0\u00bb4.18.0&Prime; _module_preset=\u00a0\u00bbdefault\u00a0\u00bb global_colors_info=\u00a0\u00bb{}\u00a0\u00bb][et_pb_column type=\u00a0\u00bb1_2&Prime; _builder_version=\u00a0\u00bb4.18.0&Prime; _module_preset=\u00a0\u00bbdefault\u00a0\u00bb global_colors_info=\u00a0\u00bb{}\u00a0\u00bb][et_pb_text _builder_version=\u00a0\u00bb4.21.0&Prime; _module_preset=\u00a0\u00bbdefault\u00a0\u00bb global_colors_info=\u00a0\u00bb{}\u00a0\u00bb]<\/p>\n<h2>Feux d&rsquo;artifice sur le Rhin.<\/h2>\n<p>Admirez le spectacle impressionnant des feux d&rsquo;artifice du 31 juillet ou de la Saint-Sylvestre en d\u00e9gustant une coupe de champagne au milieu du fleuve. Au c\u0153ur de l&rsquo;action, pas seulement \u00e0 c\u00f4t\u00e9.[\/et_pb_text][\/et_pb_column][et_pb_column type=\u00a0\u00bb1_2&Prime; _builder_version=\u00a0\u00bb4.18.0&Prime; _module_preset=\u00a0\u00bbdefault\u00a0\u00bb global_colors_info=\u00a0\u00bb{}\u00a0\u00bb][et_pb_image src=\u00a0\u00bbhttps:\/\/flussbus.ch\/wp-content\/uploads\/2023\/05\/flussbus-basel-rhyno-rhein-schiff-individuelle-fahrt-feuerwerk.jpg\u00a0\u00bb alt=\u00a0\u00bbFeux d&apos;artifice\u00a0\u00bb title_text=\u00a0\u00bbFeux d&apos;artifice\u00a0\u00bb _builder_version=\u00a0\u00bb4.21.0&Prime; _module_preset=\u00a0\u00bbdefault\u00a0\u00bb global_colors_info=\u00a0\u00bb{}\u00a0\u00bb][\/et_pb_image][\/et_pb_column][\/et_pb_row][et_pb_row column_structure=\u00a0\u00bb1_2,1_2&Prime; _builder_version=\u00a0\u00bb4.18.0&Prime; _module_preset=\u00a0\u00bbdefault\u00a0\u00bb global_colors_info=\u00a0\u00bb{}\u00a0\u00bb][et_pb_column type=\u00a0\u00bb1_2&Prime; _builder_version=\u00a0\u00bb4.18.0&Prime; _module_preset=\u00a0\u00bbdefault\u00a0\u00bb global_colors_info=\u00a0\u00bb{}\u00a0\u00bb][et_pb_text _builder_version=\u00a0\u00bb4.21.0&Prime; _module_preset=\u00a0\u00bbdefault\u00a0\u00bb global_colors_info=\u00a0\u00bb{}\u00a0\u00bb]<\/p>\n<h2>Fondue et courses de raclette.<\/h2>\n<p>Un repas rustique et cosy sur le Rhin :<br \/>Pendant la saison froide, savourez une fondue ou une d\u00e9licieuse raclette dans le bus fluvial bien chauff\u00e9.<\/p>\n<p>[\/et_pb_text][\/et_pb_column][et_pb_column type=\u00a0\u00bb1_2&Prime; _builder_version=\u00a0\u00bb4.18.0&Prime; _module_preset=\u00a0\u00bbdefault\u00a0\u00bb global_colors_info=\u00a0\u00bb{}\u00a0\u00bb][et_pb_image src=\u00a0\u00bbhttps:\/\/flussbus.ch\/wp-content\/uploads\/2022\/11\/flussbus-basel-rhyno-rhein-catering-raclette-e1668841700560.jpg\u00a0\u00bb alt=\u00a0\u00bbRestauration : Raclette sur le Rhin\u00a0\u00bb title_text=\u00a0\u00bbbus-fluvial-basel-rhyno-rhein-restauration-raclette\u00a0\u00bb _builder_version=\u00a0\u00bb4.21.0&Prime; _module_preset=\u00a0\u00bbdefault\u00a0\u00bb global_colors_info=\u00a0\u00bb{}\u00a0\u00bb][\/et_pb_image][\/et_pb_column][\/et_pb_row][et_pb_row column_structure=\u00a0\u00bb1_2,1_2&Prime; _builder_version=\u00a0\u00bb4.18.0&Prime; _module_preset=\u00a0\u00bbdefault\u00a0\u00bb global_colors_info=\u00a0\u00bb{}\u00a0\u00bb][et_pb_column type=\u00a0\u00bb1_2&Prime; _builder_version=\u00a0\u00bb4.18.0&Prime; _module_preset=\u00a0\u00bbdefault\u00a0\u00bb global_colors_info=\u00a0\u00bb{}\u00a0\u00bb][et_pb_text _builder_version=\u00a0\u00bb4.21.0&Prime; _module_preset=\u00a0\u00bbdefault\u00a0\u00bb global_colors_info=\u00a0\u00bb{}\u00a0\u00bb]<\/p>\n<h2>Des tours de brunch.<\/h2>\n<p>Id\u00e9al pour les l\u00e8ve-tard et un d\u00e9part parfait pour une journ\u00e9e de paresse &#8211; le brunch.<br \/>Savourez un brunch agr\u00e9able \u00e0 bord, tandis que la skyline de B\u00e2le glisse lentement devant vous.<\/p>\n<p>[\/et_pb_text][\/et_pb_column][et_pb_column type=\u00a0\u00bb1_2&Prime; _builder_version=\u00a0\u00bb4.18.0&Prime; _module_preset=\u00a0\u00bbdefault\u00a0\u00bb global_colors_info=\u00a0\u00bb{}\u00a0\u00bb][et_pb_image src=\u00a0\u00bbhttps:\/\/flussbus.ch\/wp-content\/uploads\/2022\/11\/flussbus-basel-rhyno-rhein-catering-brunch-zopf-e1668840264277.jpg\u00a0\u00bb alt=\u00a0\u00bbFlussbus B\u00e2le Rhyno\u00a0\u00bb title_text=\u00a0\u00bbflussbus-basel-rhyno-rhein-catering-brunch-zopf\u00a0\u00bb _builder_version=\u00a0\u00bb4.25.0&Prime; _module_preset=\u00a0\u00bbdefault\u00a0\u00bb hover_enabled=\u00a0\u00bb0&Prime; global_colors_info=\u00a0\u00bb{}\u00a0\u00bb sticky_enabled=\u00a0\u00bb0&Prime;][\/et_pb_image][\/et_pb_column][\/et_pb_row][et_pb_row column_structure=\u00a0\u00bb1_2,1_2&Prime; _builder_version=\u00a0\u00bb4.18.0&Prime; _module_preset=\u00a0\u00bbdefault\u00a0\u00bb global_colors_info=\u00a0\u00bb{}\u00a0\u00bb][et_pb_column type=\u00a0\u00bb1_2&Prime; _builder_version=\u00a0\u00bb4.18.0&Prime; _module_preset=\u00a0\u00bbdefault\u00a0\u00bb global_colors_info=\u00a0\u00bb{}\u00a0\u00bb][et_pb_text _builder_version=\u00a0\u00bb4.21.0&Prime; _module_preset=\u00a0\u00bbdefault\u00a0\u00bb global_colors_info=\u00a0\u00bb{}\u00a0\u00bb]<\/p>\n<h2>voyages de natation.<\/h2>\n<p>Les sorties de bain sont un plaisir tout particulier avec le \u00ab\u00a0Rhyno\u00a0\u00bb. Vous pouvez vous changer \u00e0 bord, d\u00e9poser vos objets de valeur dans le coffre-fort de bord et quitter le bateau \u00e0 tout moment par l&rsquo;\u00e9chelle de bain, ou y monter. Laissez-vous porter par le Rhin ou baignez-vous dans un d\u00e9cor naturel de r\u00eave en Alsace. Le bus fluvial n&rsquo;est jamais loin de vous et si vous \u00eates fatigu\u00e9, il vous suffit de monter \u00e0 bord et de vous offrir une petite collation. Apr\u00e8s la baignade, vous avez la possibilit\u00e9 de prendre une douche \u00e0 l&rsquo;eau fra\u00eeche \u00e0 bord, avant de vous changer \u00e0 nouveau. Un s\u00e8che-cheveux est \u00e9galement \u00e0 votre disposition.<\/p>\n<p>[\/et_pb_text][\/et_pb_column][et_pb_column type=\u00a0\u00bb1_2&Prime; _builder_version=\u00a0\u00bb4.18.0&Prime; _module_preset=\u00a0\u00bbdefault\u00a0\u00bb global_colors_info=\u00a0\u00bb{}\u00a0\u00bb][et_pb_image src=\u00a0\u00bbhttps:\/\/flussbus.ch\/wp-content\/uploads\/2022\/11\/flussbus-basel-rhyno-rhein-schiff-kreuzfahrt-nord.jpg\u00a0\u00bb alt=\u00a0\u00bbRhin Croisi\u00e8re B\u00e2le: Nord\u00a0\u00bb title_text=\u00a0\u00bbflussbus-bale-rhyno-rhin-bateau-croisiere-nord\u00a0\u00bb _builder_version=\u00a0\u00bb4.21.0&Prime; _module_preset=\u00a0\u00bbdefault\u00a0\u00bb global_colors_info=\u00a0\u00bb{}\u00a0\u00bb][\/et_pb_image][\/et_pb_column][\/et_pb_row][et_pb_row column_structure=\u00a0\u00bb1_2,1_2&Prime; _builder_version=\u00a0\u00bb4.18.0&Prime; _module_preset=\u00a0\u00bbdefault\u00a0\u00bb global_colors_info=\u00a0\u00bb{}\u00a0\u00bb][et_pb_column type=\u00a0\u00bb1_2&Prime; _builder_version=\u00a0\u00bb4.18.0&Prime; _module_preset=\u00a0\u00bbdefault\u00a0\u00bb global_colors_info=\u00a0\u00bb{}\u00a0\u00bb][et_pb_text _builder_version=\u00a0\u00bb4.21.0&Prime; _module_preset=\u00a0\u00bbdefault\u00a0\u00bb global_colors_info=\u00a0\u00bb{}\u00a0\u00bb]<\/p>\n<h2>Croisi\u00e8res de nuit.<\/h2>\n<p>Les croisi\u00e8res romantiques au clair de lune et aux bougies sur le Rhin ont un charme tout particulier. Vous verrez la vieille ville de B\u00e2le magnifiquement \u00e9clair\u00e9e depuis le Rhin sombre avec un tout autre regard que celui auquel vous \u00eates habitu\u00e9.<\/p>\n<p>[\/et_pb_text][\/et_pb_column][et_pb_column type=\u00a0\u00bb1_2&Prime; _builder_version=\u00a0\u00bb4.18.0&Prime; _module_preset=\u00a0\u00bbdefault\u00a0\u00bb global_colors_info=\u00a0\u00bb{}\u00a0\u00bb][et_pb_image src=\u00a0\u00bbhttps:\/\/flussbus.ch\/wp-content\/uploads\/2024\/04\/PSX_20240419_161648-scaled.jpg\u00a0\u00bb alt=\u00a0\u00bbRhin Croisi\u00e8re B\u00e2le\u00a0\u00bb title_text=\u00a0\u00bbPSX_20240419_161648&Prime; _builder_version=\u00a0\u00bb4.25.0&Prime; _module_preset=\u00a0\u00bbdefault\u00a0\u00bb global_colors_info=\u00a0\u00bb{}\u00a0\u00bb][\/et_pb_image][\/et_pb_column][\/et_pb_row][et_pb_row column_structure=\u00a0\u00bb1_2,1_2&Prime; _builder_version=\u00a0\u00bb4.18.0&Prime; _module_preset=\u00a0\u00bbdefault\u00a0\u00bb global_colors_info=\u00a0\u00bb{}\u00a0\u00bb][et_pb_column type=\u00a0\u00bb1_2&Prime; _builder_version=\u00a0\u00bb4.18.0&Prime; _module_preset=\u00a0\u00bbdefault\u00a0\u00bb global_colors_info=\u00a0\u00bb{}\u00a0\u00bb][et_pb_text _builder_version=\u00a0\u00bb4.21.0&Prime; _module_preset=\u00a0\u00bbdefault\u00a0\u00bb global_colors_info=\u00a0\u00bb{}\u00a0\u00bb]<\/p>\n<h2>En route pour la sortie.<\/h2>\n<p>Avant de sortir en bo\u00eete, vous pouvez prendre un verre avec des amis. Le bus fluvial est pr\u00eat \u00e0 \u00eatre r\u00e9serv\u00e9 et vous partez du Mittlere Br\u00fccke vers le Nordstern ou vers le Holzpark Klybeck, accompagn\u00e9 de votre musique de f\u00eate pr\u00e9f\u00e9r\u00e9e.<\/p>\n<p>[\/et_pb_text][\/et_pb_column][et_pb_column type=\u00a0\u00bb1_2&Prime; _builder_version=\u00a0\u00bb4.18.0&Prime; _module_preset=\u00a0\u00bbdefault\u00a0\u00bb global_colors_info=\u00a0\u00bb{}\u00a0\u00bb][et_pb_image src=\u00a0\u00bbhttps:\/\/flussbus.ch\/wp-content\/uploads\/2024\/04\/PSX_20240419_161719-scaled.jpg\u00a0\u00bb alt=\u00a0\u00bbRestauration fluviale sur le Rhin\u00a0\u00bb title_text=\u00a0\u00bbPSX_20240419_161719&Prime; _builder_version=\u00a0\u00bb4.25.0&Prime; _module_preset=\u00a0\u00bbdefault\u00a0\u00bb global_colors_info=\u00a0\u00bb{}\u00a0\u00bb][\/et_pb_image][\/et_pb_column][\/et_pb_row][et_pb_row column_structure=\u00a0\u00bb1_2,1_2&Prime; _builder_version=\u00a0\u00bb4.18.0&Prime; _module_preset=\u00a0\u00bbdefault\u00a0\u00bb global_colors_info=\u00a0\u00bb{}\u00a0\u00bb][et_pb_column type=\u00a0\u00bb1_2&Prime; _builder_version=\u00a0\u00bb4.18.0&Prime; _module_preset=\u00a0\u00bbdefault\u00a0\u00bb global_colors_info=\u00a0\u00bb{}\u00a0\u00bb][et_pb_text _builder_version=\u00a0\u00bb4.21.0&Prime; _module_preset=\u00a0\u00bbdefault\u00a0\u00bb global_colors_info=\u00a0\u00bb{}\u00a0\u00bb]<\/p>\n<h2>Bi\u00e8re de fin de soir\u00e9e.<\/h2>\n<p>Rencontrez vos coll\u00e8gues* pour une bi\u00e8re de fin de journ\u00e9e \u00e0 bord du \u00ab\u00a0Rhyno\u00a0\u00bb et profitez d&rsquo;un moment de d\u00e9tente sur le Rhin.<\/p>\n<p>[\/et_pb_text][\/et_pb_column][et_pb_column type=\u00a0\u00bb1_2&Prime; _builder_version=\u00a0\u00bb4.18.0&Prime; _module_preset=\u00a0\u00bbdefault\u00a0\u00bb global_colors_info=\u00a0\u00bb{}\u00a0\u00bb][et_pb_image src=\u00a0\u00bbhttps:\/\/flussbus.ch\/wp-content\/uploads\/2022\/11\/flussbus-basel-rhyno-rhein-catering-scaled.jpeg\u00a0\u00bb alt=\u00a0\u00bbRhin Bateau Rhyno: Homologations\u00a0\u00bb title_text=\u00a0\u00bbflussbus-basel-rhyno-rhein-catering\u00a0\u00bb _builder_version=\u00a0\u00bb4.25.0&Prime; _module_preset=\u00a0\u00bbdefault\u00a0\u00bb global_colors_info=\u00a0\u00bb{}\u00a0\u00bb][\/et_pb_image][\/et_pb_column][\/et_pb_row][\/et_pb_section]<\/p>\n","protected":false},"excerpt":{"rendered":"<p>Quel que soit votre souhait, nous nous effor\u00e7ons de le r\u00e9aliser. Vous nous indiquez o\u00f9 vous souhaitez vous rendre et nous faisons en sorte que votre excursion soit une exp\u00e9rience inoubliable.Voici une petite s\u00e9lection de possibilit\u00e9s et d&rsquo;id\u00e9es pour d\u00e9couvrir le Rhin avec le \u00ab\u00a0Rhyno\u00a0\u00bb.Trajets \u00e0 sens unique. Des trajets vers Rheinfelden, par exemple, ou [&hellip;]<\/p>\n","protected":false},"author":1,"featured_media":0,"parent":635,"menu_order":0,"comment_status":"closed","ping_status":"closed","template":"","meta":{"_acf_changed":false,"_et_pb_use_builder":"on","_et_pb_old_content":"","_et_gb_content_width":"","footnotes":""},"class_list":["post-472","page","type-page","status-publish","hentry"],"acf":[],"_links":{"self":[{"href":"https:\/\/flussbus.ch\/fr\/wp-json\/wp\/v2\/pages\/472","targetHints":{"allow":["GET"]}}],"collection":[{"href":"https:\/\/flussbus.ch\/fr\/wp-json\/wp\/v2\/pages"}],"about":[{"href":"https:\/\/flussbus.ch\/fr\/wp-json\/wp\/v2\/types\/page"}],"author":[{"embeddable":true,"href":"https:\/\/flussbus.ch\/fr\/wp-json\/wp\/v2\/users\/1"}],"replies":[{"embeddable":true,"href":"https:\/\/flussbus.ch\/fr\/wp-json\/wp\/v2\/comments?post=472"}],"version-history":[{"count":5,"href":"https:\/\/flussbus.ch\/fr\/wp-json\/wp\/v2\/pages\/472\/revisions"}],"predecessor-version":[{"id":1219,"href":"https:\/\/flussbus.ch\/fr\/wp-json\/wp\/v2\/pages\/472\/revisions\/1219"}],"up":[{"embeddable":true,"href":"https:\/\/flussbus.ch\/fr\/wp-json\/wp\/v2\/pages\/635"}],"wp:attachment":[{"href":"https:\/\/flussbus.ch\/fr\/wp-json\/wp\/v2\/media?parent=472"}],"curies":[{"name":"wp","href":"https:\/\/api.w.org\/{rel}","templated":true}]}}