{"id":469,"date":"2022-10-21T13:37:47","date_gmt":"2022-10-21T11:37:47","guid":{"rendered":"https:\/\/flussbus.ch\/croisiere"},"modified":"2023-08-22T10:03:57","modified_gmt":"2023-08-22T08:03:57","slug":"croisiere","status":"publish","type":"page","link":"https:\/\/flussbus.ch\/fr\/offre\/croisiere","title":{"rendered":"Croisi\u00e8re"},"content":{"rendered":"<p>[et_pb_section fb_built=\u00a0\u00bb1&Prime; fullwidth=\u00a0\u00bbon\u00a0\u00bb _builder_version=\u00a0\u00bb4.22.1&Prime; _module_preset=\u00a0\u00bbdefault\u00a0\u00bb background_image=\u00a0\u00bbhttps:\/\/flussbus.ch\/wp-content\/uploads\/2023\/08\/flussbus-basel-rhyno-rhein-hauptbild-1.jpg\u00a0\u00bb global_colors_info=\u00a0\u00bb{}\u00a0\u00bb title_text=\u00a0\u00bbflussbus-basel-rhyno-rhein-hauptbild-1&Prime;][et_pb_fullwidth_header title=\u00a0\u00bbCroisi\u00e8re sur le Rhin.\u00a0\u00bb _builder_version=\u00a0\u00bb4.19.1&Prime; _module_preset=\u00a0\u00bbdefault\u00a0\u00bb global_colors_info=\u00a0\u00bb{}\u00a0\u00bb]<\/p>\n<p><span style=\"font-weight: 400;\">Offrez-vous, ainsi qu&rsquo;\u00e0 vos invit\u00e9s, une excursion exclusive et d\u00e9tendue \u00e0 bord du \u00ab\u00a0Rhyno\u00a0\u00bb.<\/span><\/p>\n<p>[\/et_pb_fullwidth_header][\/et_pb_section][et_pb_section fb_built=\u00a0\u00bb1&Prime; _builder_version=\u00a0\u00bb4.21.0&Prime; _module_preset=\u00a0\u00bbdefault\u00a0\u00bb global_colors_info=\u00a0\u00bb{}\u00a0\u00bb][et_pb_row column_structure=\u00a0\u00bb1_2,1_2&Prime; _builder_version=\u00a0\u00bb4.18.0&Prime; _module_preset=\u00a0\u00bbdefault\u00a0\u00bb global_colors_info=\u00a0\u00bb{}\u00a0\u00bb][et_pb_column type=\u00a0\u00bb1_2&Prime; _builder_version=\u00a0\u00bb4.18.0&Prime; _module_preset=\u00a0\u00bbdefault\u00a0\u00bb global_colors_info=\u00a0\u00bb{}\u00a0\u00bb][et_pb_text _builder_version=\u00a0\u00bb4.19.1&Prime; _module_preset=\u00a0\u00bbdefault\u00a0\u00bb global_colors_info=\u00a0\u00bb{}\u00a0\u00bb]<\/p>\n<p><span style=\"font-weight: 400;\">Nous appelons \u00ab\u00a0croisi\u00e8res\u00a0\u00bb les excursions prolong\u00e9es vers Rheinfelden (croisi\u00e8re sud), ou vers Mulhouse (croisi\u00e8re nord). Prenez le temps de vous offrir, \u00e0 vous et \u00e0 vos invit\u00e9s, une excursion exclusive et d\u00e9tendue \u00e0 bord du \u00ab\u00a0Rhyno\u00a0\u00bb.<\/span><\/p>\n<p><span style=\"font-weight: 400;\">C&rsquo;est vous qui d\u00e9cidez si vous souhaitez faire une petite pause sur la rive ou si vous souhaitez vous arr\u00eater pour vous baigner.<\/span><\/p>\n<p><span style=\"font-weight: 400;\">Discutez avec nous de vos souhaits en mati\u00e8re de restauration pour votre \u00e9v\u00e9nement.<\/span><\/p>\n<p>[\/et_pb_text][\/et_pb_column][et_pb_column type=\u00a0\u00bb1_2&Prime; _builder_version=\u00a0\u00bb4.18.0&Prime; _module_preset=\u00a0\u00bbdefault\u00a0\u00bb global_colors_info=\u00a0\u00bb{}\u00a0\u00bb][et_pb_image src=\u00a0\u00bbhttps:\/\/flussbus.ch\/wp-content\/uploads\/2022\/11\/flussbus-basel-rhyno-rhein-schiff-kreuzfahrt-scaled.jpg\u00a0\u00bb alt=\u00a0\u00bbRhin Croisi\u00e8re B\u00e2le\u00a0\u00bb title_text=\u00a0\u00bbflussbus-bale-rhyno-rhin-bateau-croisiere\u00a0\u00bb _builder_version=\u00a0\u00bb4.19.1&Prime; _module_preset=\u00a0\u00bbdefault\u00a0\u00bb global_colors_info=\u00a0\u00bb{}\u00a0\u00bb][\/et_pb_image][\/et_pb_column][\/et_pb_row][et_pb_row _builder_version=\u00a0\u00bb4.21.0&Prime; _module_preset=\u00a0\u00bbdefault\u00a0\u00bb global_colors_info=\u00a0\u00bb{}\u00a0\u00bb][et_pb_column type=\u00a0\u00bb4_4&Prime; _builder_version=\u00a0\u00bb4.21.0&Prime; _module_preset=\u00a0\u00bbdefault\u00a0\u00bb global_colors_info=\u00a0\u00bb{}\u00a0\u00bb][nffb_woo_appointments category=\u00a0\u00bbkreuzfahrt\u00a0\u00bb show_excerpt=\u00a0\u00bboff\u00a0\u00bb show_content=\u00a0\u00bbon\u00a0\u00bb _builder_version=\u00a0\u00bb4.21.0&Prime; _module_preset=\u00a0\u00bbdefault\u00a0\u00bb global_colors_info=\u00a0\u00bb{}\u00a0\u00bb][\/nffb_woo_appointments][\/et_pb_column][\/et_pb_row][\/et_pb_section]<\/p>\n","protected":false},"excerpt":{"rendered":"<p>Offrez-vous, ainsi qu&rsquo;\u00e0 vos invit\u00e9s, une excursion exclusive et d\u00e9tendue \u00e0 bord du \u00ab\u00a0Rhyno\u00a0\u00bb.Nous appelons \u00ab\u00a0croisi\u00e8res\u00a0\u00bb les excursions prolong\u00e9es vers Rheinfelden (croisi\u00e8re sud), ou vers Mulhouse (croisi\u00e8re nord). Prenez le temps de vous offrir, \u00e0 vous et \u00e0 vos invit\u00e9s, une excursion exclusive et d\u00e9tendue \u00e0 bord du \u00ab\u00a0Rhyno\u00a0\u00bb. C&rsquo;est vous qui d\u00e9cidez si vous [&hellip;]<\/p>\n","protected":false},"author":1,"featured_media":0,"parent":635,"menu_order":0,"comment_status":"closed","ping_status":"closed","template":"","meta":{"_acf_changed":false,"_et_pb_use_builder":"on","_et_pb_old_content":"","_et_gb_content_width":"","footnotes":""},"class_list":["post-469","page","type-page","status-publish","hentry"],"acf":[],"_links":{"self":[{"href":"https:\/\/flussbus.ch\/fr\/wp-json\/wp\/v2\/pages\/469","targetHints":{"allow":["GET"]}}],"collection":[{"href":"https:\/\/flussbus.ch\/fr\/wp-json\/wp\/v2\/pages"}],"about":[{"href":"https:\/\/flussbus.ch\/fr\/wp-json\/wp\/v2\/types\/page"}],"author":[{"embeddable":true,"href":"https:\/\/flussbus.ch\/fr\/wp-json\/wp\/v2\/users\/1"}],"replies":[{"embeddable":true,"href":"https:\/\/flussbus.ch\/fr\/wp-json\/wp\/v2\/comments?post=469"}],"version-history":[{"count":0,"href":"https:\/\/flussbus.ch\/fr\/wp-json\/wp\/v2\/pages\/469\/revisions"}],"up":[{"embeddable":true,"href":"https:\/\/flussbus.ch\/fr\/wp-json\/wp\/v2\/pages\/635"}],"wp:attachment":[{"href":"https:\/\/flussbus.ch\/fr\/wp-json\/wp\/v2\/media?parent=469"}],"curies":[{"name":"wp","href":"https:\/\/api.w.org\/{rel}","templated":true}]}}