{"id":466,"date":"2022-10-21T13:39:39","date_gmt":"2022-10-21T11:39:39","guid":{"rendered":"https:\/\/flussbus.ch\/nos-offres-speciales"},"modified":"2023-08-22T15:25:50","modified_gmt":"2023-08-22T13:25:50","slug":"nos-offres-speciales","status":"publish","type":"page","link":"https:\/\/flussbus.ch\/fr\/offre\/nos-offres-speciales","title":{"rendered":"Nos offres sp\u00e9ciales"},"content":{"rendered":"<p>[et_pb_section fb_built=\u00a0\u00bb1&Prime; fullwidth=\u00a0\u00bbon\u00a0\u00bb _builder_version=\u00a0\u00bb4.22.1&Prime; _module_preset=\u00a0\u00bbdefault\u00a0\u00bb background_image=\u00a0\u00bbhttps:\/\/flussbus.ch\/wp-content\/uploads\/2023\/08\/flussbus-basel-rhyno-rhein-hauptbild-1.jpg\u00a0\u00bb global_colors_info=\u00a0\u00bb{}\u00a0\u00bb title_text=\u00a0\u00bbflussbus-basel-rhyno-rhein-hauptbild-1&Prime;][et_pb_fullwidth_header title=\u00a0\u00bbNos offres sp\u00e9ciales.\u00a0\u00bb _builder_version=\u00a0\u00bb4.19.1&Prime; _module_preset=\u00a0\u00bbdefault\u00a0\u00bb]<\/p>\n<p><span style=\"font-weight: 400;\">R\u00e9servez ici nos offres sp\u00e9ciales actuelles limit\u00e9es.<\/span><\/p>\n<p>[\/et_pb_fullwidth_header][\/et_pb_section][et_pb_section fb_built=\u00a0\u00bb1&Prime; module_class=\u00a0\u00bbreversing\u00a0\u00bb _builder_version=\u00a0\u00bb4.19.1&Prime; _module_preset=\u00a0\u00bbdefault\u00a0\u00bb global_colors_info=\u00a0\u00bb{}\u00a0\u00bb][et_pb_row _builder_version=\u00a0\u00bb4.19.1&Prime; _module_preset=\u00a0\u00bbdefault\u00a0\u00bb global_colors_info=\u00a0\u00bb{}\u00a0\u00bb][et_pb_column type=\u00a0\u00bb4_4&Prime; _builder_version=\u00a0\u00bb4.19.1&Prime; _module_preset=\u00a0\u00bbdefault\u00a0\u00bb global_colors_info=\u00a0\u00bb{}\u00a0\u00bb][nffb_woo_appointments category=\u00a0\u00bbspecials\u00a0\u00bb show_excerpt=\u00a0\u00bboff\u00a0\u00bb show_content=\u00a0\u00bbon\u00a0\u00bb _builder_version=\u00a0\u00bb4.21.0&Prime; _module_preset=\u00a0\u00bbdefault\u00a0\u00bb global_colors_info=\u00a0\u00bb{}\u00a0\u00bb][\/nffb_woo_appointments][\/et_pb_column][\/et_pb_row][\/et_pb_section]<\/p>\n","protected":false},"excerpt":{"rendered":"<p>R\u00e9servez ici nos offres sp\u00e9ciales actuelles limit\u00e9es.[nffb_woo_appointments category=\u00a0\u00bbspecials\u00a0\u00bb show_excerpt=\u00a0\u00bboff\u00a0\u00bb show_content=\u00a0\u00bbon\u00a0\u00bb _builder_version=\u00a0\u00bb4.21.0&Prime; _module_preset=\u00a0\u00bbdefault\u00a0\u00bb global_colors_info=\u00a0\u00bb{}\u00a0\u00bb][\/nffb_woo_appointments]<\/p>\n","protected":false},"author":1,"featured_media":0,"parent":635,"menu_order":0,"comment_status":"closed","ping_status":"closed","template":"","meta":{"_acf_changed":false,"_et_pb_use_builder":"on","_et_pb_old_content":"","_et_gb_content_width":"","footnotes":""},"class_list":["post-466","page","type-page","status-publish","hentry"],"acf":[],"_links":{"self":[{"href":"https:\/\/flussbus.ch\/fr\/wp-json\/wp\/v2\/pages\/466","targetHints":{"allow":["GET"]}}],"collection":[{"href":"https:\/\/flussbus.ch\/fr\/wp-json\/wp\/v2\/pages"}],"about":[{"href":"https:\/\/flussbus.ch\/fr\/wp-json\/wp\/v2\/types\/page"}],"author":[{"embeddable":true,"href":"https:\/\/flussbus.ch\/fr\/wp-json\/wp\/v2\/users\/1"}],"replies":[{"embeddable":true,"href":"https:\/\/flussbus.ch\/fr\/wp-json\/wp\/v2\/comments?post=466"}],"version-history":[{"count":0,"href":"https:\/\/flussbus.ch\/fr\/wp-json\/wp\/v2\/pages\/466\/revisions"}],"up":[{"embeddable":true,"href":"https:\/\/flussbus.ch\/fr\/wp-json\/wp\/v2\/pages\/635"}],"wp:attachment":[{"href":"https:\/\/flussbus.ch\/fr\/wp-json\/wp\/v2\/media?parent=466"}],"curies":[{"name":"wp","href":"https:\/\/api.w.org\/{rel}","templated":true}]}}