{"id":463,"date":"2022-10-21T13:51:02","date_gmt":"2022-10-21T11:51:02","guid":{"rendered":"https:\/\/flussbus.ch\/entreprise-et-equipe"},"modified":"2025-10-23T15:03:57","modified_gmt":"2025-10-23T13:03:57","slug":"team","status":"publish","type":"page","link":"https:\/\/flussbus.ch\/fr\/a-propos-de-nous\/team","title":{"rendered":"Entreprise et \u00e9quipe"},"content":{"rendered":"<p>[et_pb_section fb_built=\u00a0\u00bb1&Prime; fullwidth=\u00a0\u00bbon\u00a0\u00bb _builder_version=\u00a0\u00bb4.22.1&Prime; _module_preset=\u00a0\u00bbdefault\u00a0\u00bb background_image=\u00a0\u00bbhttps:\/\/flussbus.ch\/wp-content\/uploads\/2023\/08\/flussbus-basel-rhyno-rhein-hauptbild-1.jpg\u00a0\u00bb global_colors_info=\u00a0\u00bb{}\u00a0\u00bb][et_pb_fullwidth_header title=\u00a0\u00bbLa soci\u00e9t\u00e9 Flussbus AG.\u00a0\u00bb _builder_version=\u00a0\u00bb4.27.4&Prime; _module_preset=\u00a0\u00bbdefault\u00a0\u00bb]Depuis 2016, Flussbus AG emm\u00e8ne les gens au bord du Rhin \u2013 pour des \u00e9v\u00e9nements, des voyages et des moments inoubliables. \u00c0 partir de 2025, nous, Lena Meyer et Remo W\u00e4lti, continuerons \u00e0 \u00e9crire ce chapitre. En tant que nouveaux directeurs g\u00e9n\u00e9raux et h\u00f4tes, nous combinons notre passion pour le Rhin avec notre exp\u00e9rience en mati\u00e8re d&rsquo;organisation, d&rsquo;hospitalit\u00e9 et d&rsquo;entrepreneuriat.[\/et_pb_fullwidth_header][\/et_pb_section][et_pb_section fb_built=\u00a0\u00bb1&Prime; module_class=\u00a0\u00bbreversing\u00a0\u00bb _builder_version=\u00a0\u00bb4.21.0&Prime; _module_preset=\u00a0\u00bbdefault\u00a0\u00bb global_colors_info=\u00a0\u00bb{}\u00a0\u00bb][et_pb_row column_structure=\u00a0\u00bb1_2,1_2&Prime; _builder_version=\u00a0\u00bb4.18.0&Prime; _module_preset=\u00a0\u00bbdefault\u00a0\u00bb global_colors_info=\u00a0\u00bb{}\u00a0\u00bb][et_pb_column type=\u00a0\u00bb1_2&Prime; _builder_version=\u00a0\u00bb4.18.0&Prime; _module_preset=\u00a0\u00bbdefault\u00a0\u00bb global_colors_info=\u00a0\u00bb{}\u00a0\u00bb][et_pb_text _builder_version=\u00a0\u00bb4.27.4&Prime; _module_preset=\u00a0\u00bbdefault\u00a0\u00bb custom_margin=\u00a0\u00bb-64px||0px||false|false\u00a0\u00bb global_colors_info=\u00a0\u00bb{}\u00a0\u00bb]Notre c\u0153ur bat pour l\u2019eau, les rencontres et les exp\u00e9riences particuli\u00e8res : avec notre \u00e9quipe, nous concevons des voyages sur le Rhin qui sont bien plus qu\u2019un simple moyen de transport. Qu&rsquo;il s&rsquo;agisse d&rsquo;un \u00e9v\u00e9nement d&rsquo;entreprise, d&rsquo;une f\u00eate de famille, d&rsquo;un mariage, d&rsquo;un enterrement, d&rsquo;un ap\u00e9ritif ou d&rsquo;une excursion fondue, le bus fluvial est un lieu o\u00f9 des souvenirs se cr\u00e9ent et le Rhin devient le th\u00e9\u00e2tre d&rsquo;heures inoubliables.<\/p>\n<p>Nous sommes des h\u00f4tes qui non seulement dirigeons le bus fluvial, mais cr\u00e9ons \u00e9galement une atmosph\u00e8re personnelle, chaleureuse et professionnelle. Pour nous, le Rhin n\u2019est pas seulement une \u00e9tendue d\u2019eau, c\u2019est un mode de vie, un foyer et une inspiration.<\/p>\n<p>Bienvenue \u00e0 bord.<\/p>\n<p>Lena Meyer &amp; Remo W\u00e4lti \u2013 Direction de Flussbus AG[\/et_pb_text][\/et_pb_column][et_pb_column type=\u00a0\u00bb1_2&Prime; _builder_version=\u00a0\u00bb4.18.0&Prime; _module_preset=\u00a0\u00bbdefault\u00a0\u00bb global_colors_info=\u00a0\u00bb{}\u00a0\u00bb][et_pb_image src=\u00a0\u00bbhttps:\/\/flussbus.ch\/wp-content\/uploads\/2025\/09\/flussbus-team-remo-waelti-lena-meyer-1024&#215;683.jpg\u00a0\u00bb title_text=\u00a0\u00bbflussbus-team-remo-waelti-lena-meyer\u00a0\u00bb _builder_version=\u00a0\u00bb4.27.4&Prime; _module_preset=\u00a0\u00bbdefault\u00a0\u00bb custom_margin=\u00a0\u00bb8px||15px||false|false\u00a0\u00bb global_colors_info=\u00a0\u00bb{}\u00a0\u00bb][\/et_pb_image][\/et_pb_column][\/et_pb_row][et_pb_row column_structure=\u00a0\u00bb1_2,1_2&Prime; _builder_version=\u00a0\u00bb4.18.0&Prime; _module_preset=\u00a0\u00bbdefault\u00a0\u00bb custom_padding=\u00a0\u00bb49px||49px||true|false\u00a0\u00bb global_colors_info=\u00a0\u00bb{}\u00a0\u00bb][et_pb_column type=\u00a0\u00bb1_2&Prime; _builder_version=\u00a0\u00bb4.18.0&Prime; _module_preset=\u00a0\u00bbdefault\u00a0\u00bb global_colors_info=\u00a0\u00bb{}\u00a0\u00bb][et_pb_text _builder_version=\u00a0\u00bb4.27.4&Prime; _module_preset=\u00a0\u00bbdefault\u00a0\u00bb custom_margin=\u00a0\u00bb-62px||0px||false|false\u00a0\u00bb custom_padding=\u00a0\u00bb||0px|||\u00a0\u00bb global_colors_info=\u00a0\u00bb{}\u00a0\u00bb]<\/p>\n<h2>L&rsquo;\u00e9quipe \u00e0 bord.<\/h2>\n<h3>L&rsquo;h\u00f4te.<\/h3>\n<p><strong>Remo W\u00e4lti<\/strong>, n\u00e9 en 1976, il est l&rsquo;un des commandants du bateau \u00abRhyno\u00bb.<\/p>\n<p>C&rsquo;est avec une grande passion et une grande exp\u00e9rience qu&rsquo;il dirige le bateau en douceur sur le Rhin.<\/p>\n<p>Son enthousiasme pour l&rsquo;eau et l&rsquo;air ne conna\u00eet pas de limites : Il aime labourer les vagues et s&rsquo;\u00e9lever dans les nuages. Il est m\u00e9canicien de bateaux, pilote de bateaux et poss\u00e8de plusieurs bateaux sur le Rhin et il est \u00e9galement instructeur de vol.<\/p>\n<p>Pilote de formation, il passe souvent son temps libre dans le cockpit d&rsquo;un petit avion, o\u00f9 il se sent aussi \u00e0 l&rsquo;aise que sur l&rsquo;eau.[\/et_pb_text][\/et_pb_column][et_pb_column type=\u00a0\u00bb1_2&Prime; _builder_version=\u00a0\u00bb4.18.0&Prime; _module_preset=\u00a0\u00bbdefault\u00a0\u00bb global_colors_info=\u00a0\u00bb{}\u00a0\u00bb][et_pb_image src=\u00a0\u00bbhttps:\/\/flussbus.ch\/wp-content\/uploads\/2024\/06\/Remo-Waelti-klein.jpg\u00a0\u00bb alt=\u00a0\u00bbRemo W\u00e4lti\u00a0\u00bb title_text=\u00a0\u00bbRemo W\u00e4lti klein\u00a0\u00bb _builder_version=\u00a0\u00bb4.27.4&Prime; _module_preset=\u00a0\u00bbdefault\u00a0\u00bb global_colors_info=\u00a0\u00bb{}\u00a0\u00bb][\/et_pb_image][\/et_pb_column][\/et_pb_row][\/et_pb_section]<\/p>\n","protected":false},"excerpt":{"rendered":"<p>Depuis 2016, Flussbus AG emm\u00e8ne les gens au bord du Rhin \u2013 pour des \u00e9v\u00e9nements, des voyages et des moments inoubliables. \u00c0 partir de 2025, nous, Lena Meyer et Remo W\u00e4lti, continuerons \u00e0 \u00e9crire ce chapitre. En tant que nouveaux directeurs g\u00e9n\u00e9raux et h\u00f4tes, nous combinons notre passion pour le Rhin avec notre exp\u00e9rience en [&hellip;]<\/p>\n","protected":false},"author":1,"featured_media":0,"parent":688,"menu_order":0,"comment_status":"closed","ping_status":"closed","template":"","meta":{"_acf_changed":false,"_et_pb_use_builder":"on","_et_pb_old_content":"","_et_gb_content_width":"","footnotes":""},"class_list":["post-463","page","type-page","status-publish","hentry"],"acf":[],"_links":{"self":[{"href":"https:\/\/flussbus.ch\/fr\/wp-json\/wp\/v2\/pages\/463","targetHints":{"allow":["GET"]}}],"collection":[{"href":"https:\/\/flussbus.ch\/fr\/wp-json\/wp\/v2\/pages"}],"about":[{"href":"https:\/\/flussbus.ch\/fr\/wp-json\/wp\/v2\/types\/page"}],"author":[{"embeddable":true,"href":"https:\/\/flussbus.ch\/fr\/wp-json\/wp\/v2\/users\/1"}],"replies":[{"embeddable":true,"href":"https:\/\/flussbus.ch\/fr\/wp-json\/wp\/v2\/comments?post=463"}],"version-history":[{"count":7,"href":"https:\/\/flussbus.ch\/fr\/wp-json\/wp\/v2\/pages\/463\/revisions"}],"predecessor-version":[{"id":1644,"href":"https:\/\/flussbus.ch\/fr\/wp-json\/wp\/v2\/pages\/463\/revisions\/1644"}],"up":[{"embeddable":true,"href":"https:\/\/flussbus.ch\/fr\/wp-json\/wp\/v2\/pages\/688"}],"wp:attachment":[{"href":"https:\/\/flussbus.ch\/fr\/wp-json\/wp\/v2\/media?parent=463"}],"curies":[{"name":"wp","href":"https:\/\/api.w.org\/{rel}","templated":true}]}}