{"id":460,"date":"2022-10-21T13:51:21","date_gmt":"2022-10-21T11:51:21","guid":{"rendered":"https:\/\/flussbus.ch\/rhyno-bateau"},"modified":"2024-04-19T18:41:13","modified_gmt":"2024-04-19T16:41:13","slug":"rhyno-bateau","status":"publish","type":"page","link":"https:\/\/flussbus.ch\/fr\/a-propos-de-nous\/rhyno-bateau","title":{"rendered":"Rhyno (Bateau)"},"content":{"rendered":"<p>[et_pb_section fb_built=\u00a0\u00bb1&Prime; fullwidth=\u00a0\u00bbon\u00a0\u00bb _builder_version=\u00a0\u00bb4.22.1&Prime; _module_preset=\u00a0\u00bbdefault\u00a0\u00bb background_image=\u00a0\u00bbhttps:\/\/flussbus.ch\/wp-content\/uploads\/2023\/08\/flussbus-basel-rhyno-rhein-hauptbild-3.jpg\u00a0\u00bb global_colors_info=\u00a0\u00bb{}\u00a0\u00bb][et_pb_fullwidth_header title=\u00a0\u00bbRhyno \u00a0\u00bb _builder_version=\u00a0\u00bb4.21.0&Prime; _module_preset=\u00a0\u00bbdefault\u00a0\u00bb global_colors_info=\u00a0\u00bb{}\u00a0\u00bb]<\/p>\n<p>Notre bus fluvial \u00ab\u00a0Rhyno\u00a0\u00bb est le petit bateau \u00e0 passagers offrant le plus de confort sur le Rhin b\u00e2lois.<\/p>\n<p>[\/et_pb_fullwidth_header][\/et_pb_section][et_pb_section fb_built=\u00a0\u00bb1&Prime; module_class=\u00a0\u00bbreversing\u00a0\u00bb _builder_version=\u00a0\u00bb4.18.0&Prime; _module_preset=\u00a0\u00bbdefault\u00a0\u00bb global_colors_info=\u00a0\u00bb{}\u00a0\u00bb][et_pb_row column_structure=\u00a0\u00bb1_2,1_2&Prime; _builder_version=\u00a0\u00bb4.18.0&Prime; _module_preset=\u00a0\u00bbdefault\u00a0\u00bb global_colors_info=\u00a0\u00bb{}\u00a0\u00bb][et_pb_column type=\u00a0\u00bb1_2&Prime; _builder_version=\u00a0\u00bb4.18.0&Prime; _module_preset=\u00a0\u00bbdefault\u00a0\u00bb global_colors_info=\u00a0\u00bb{}\u00a0\u00bb][et_pb_text _builder_version=\u00a0\u00bb4.21.0&Prime; _module_preset=\u00a0\u00bbdefault\u00a0\u00bb global_colors_info=\u00a0\u00bb{}\u00a0\u00bb]Voici quelques faits et informations techniques sur le bateau con\u00e7u et construit en Pologne en 2015\/ 2016 en catamaran, en aluminium r\u00e9sistant \u00e0 l&rsquo;eau de mer, baptis\u00e9 \u00ab\u00a0Rhyno\u00a0\u00bb (num\u00e9ro d&rsquo;immatriculation BS 66).[\/et_pb_text][\/et_pb_column][et_pb_column type=\u00a0\u00bb1_2&Prime; _builder_version=\u00a0\u00bb4.18.0&Prime; _module_preset=\u00a0\u00bbdefault\u00a0\u00bb global_colors_info=\u00a0\u00bb{}\u00a0\u00bb][et_pb_image src=\u00a0\u00bbhttps:\/\/flussbus.ch\/wp-content\/uploads\/2022\/11\/flussbus-basel-rhyno-rhein-schiff-fakten-scaled.jpg\u00a0\u00bb alt=\u00a0\u00bbRhein Bateau Rhyno: Technique\u00a0\u00bb title_text=\u00a0\u00bbflussbus-bale-rhyno-rhin-bateau-technique\u00a0\u00bb _builder_version=\u00a0\u00bb4.19.1&Prime; _module_preset=\u00a0\u00bbdefault\u00a0\u00bb global_colors_info=\u00a0\u00bb{}\u00a0\u00bb][\/et_pb_image][\/et_pb_column][\/et_pb_row][et_pb_row column_structure=\u00a0\u00bb1_2,1_2&Prime; _builder_version=\u00a0\u00bb4.18.0&Prime; _module_preset=\u00a0\u00bbdefault\u00a0\u00bb global_colors_info=\u00a0\u00bb{}\u00a0\u00bb][et_pb_column type=\u00a0\u00bb1_2&Prime; _builder_version=\u00a0\u00bb4.18.0&Prime; _module_preset=\u00a0\u00bbdefault\u00a0\u00bb global_colors_info=\u00a0\u00bb{}\u00a0\u00bb][et_pb_text _builder_version=\u00a0\u00bb4.21.0&Prime; _module_preset=\u00a0\u00bbdefault\u00a0\u00bb global_colors_info=\u00a0\u00bb{}\u00a0\u00bb]<\/p>\n<h2>S\u00e9curit\u00e9 &amp; technique.<\/h2>\n<ul>\n<li>S\u00e9curit\u00e9 maximale gr\u00e2ce \u00e0 la construction en catamaran avec 8 compartiments soud\u00e9s \u00e9tanches par flotteur.<\/li>\n<li>Structure : sandwich en plastique avec cadre auxiliaire en aluminium.<\/li>\n<li>Premier bateau de cette cat\u00e9gorie \u00e0 B\u00e2le avec deux syst\u00e8mes de propulsion ind\u00e9pendants &#8211; en cas de panne d&rsquo;un syst\u00e8me, le RHYNO reste toujours man\u0153uvrable et vous emm\u00e8ne en toute s\u00e9curit\u00e9 \u00e0 votre destination.<\/li>\n<li>2 moteurs Yamaha 60 CV \u00e0 quatre cylindres avec transmission sp\u00e9ciale pour plus de couple, chaque moteur dispose de son propre r\u00e9servoir de 100 litres et de sa propre alimentation \u00e9lectrique.<\/li>\n<li>Chauffage \u00e0 air chaud diesel de 5,5 KW, avec diffuseurs dans la cabine passagers, au bar et dans les toilettes.<\/li>\n<li>Vaste \u00e9quipement de navigation tel que radar, GPS, radio du Rhin, sondeur, etc.<\/li>\n<\/ul>\n<p>[\/et_pb_text][\/et_pb_column][et_pb_column type=\u00a0\u00bb1_2&Prime; _builder_version=\u00a0\u00bb4.18.0&Prime; _module_preset=\u00a0\u00bbdefault\u00a0\u00bb global_colors_info=\u00a0\u00bb{}\u00a0\u00bb][et_pb_image src=\u00a0\u00bbhttps:\/\/flussbus.ch\/wp-content\/uploads\/2024\/04\/PSX_20240419_182956.jpg\u00a0\u00bb alt=\u00a0\u00bbFlussbus B\u00e2le Rhyno\u00a0\u00bb title_text=\u00a0\u00bbPSX_20240419_182956&Prime; _builder_version=\u00a0\u00bb4.25.0&Prime; _module_preset=\u00a0\u00bbdefault\u00a0\u00bb hover_enabled=\u00a0\u00bb0&Prime; global_colors_info=\u00a0\u00bb{}\u00a0\u00bb sticky_enabled=\u00a0\u00bb0&Prime;][\/et_pb_image][\/et_pb_column][\/et_pb_row][et_pb_row column_structure=\u00a0\u00bb1_2,1_2&Prime; _builder_version=\u00a0\u00bb4.18.0&Prime; _module_preset=\u00a0\u00bbdefault\u00a0\u00bb global_colors_info=\u00a0\u00bb{}\u00a0\u00bb][et_pb_column type=\u00a0\u00bb1_2&Prime; _builder_version=\u00a0\u00bb4.18.0&Prime; _module_preset=\u00a0\u00bbdefault\u00a0\u00bb global_colors_info=\u00a0\u00bb{}\u00a0\u00bb][et_pb_text _builder_version=\u00a0\u00bb4.21.0&Prime; _module_preset=\u00a0\u00bbdefault\u00a0\u00bb global_colors_info=\u00a0\u00bb{}\u00a0\u00bb]<\/p>\n<h2>Le confort.<\/h2>\n<ul>\n<li>Seul bateau de cette cat\u00e9gorie avec un espace toilettes. Toilettes de bord \u00e9lectriques avec lavabo ; chauff\u00e9es en hiver.<\/li>\n<li>Seul bateau de cette cat\u00e9gorie avec un solarium sur le toit. Le pont soleil pour 10 personnes est \u00e9quip\u00e9 de coussins, de petites tables, de 2 chaises longues, d&rsquo;une voile de protection solaire et de haut-parleurs.<\/li>\n<li>Bar avec r\u00e9frig\u00e9rateur et machine \u00e0 caf\u00e9<\/li>\n<li>Espace g\u00e9n\u00e9reux \u00e0 l&rsquo;int\u00e9rieur et \u00e0 l&rsquo;ext\u00e9rieur<\/li>\n<li>Syst\u00e8me de musique de haute qualit\u00e9 pour votre musique pr\u00e9f\u00e9r\u00e9e ou votre liste de lecture personnelle via Bluetooth ou WLAN.<\/li>\n<li>WLAN pour les invit\u00e9s<\/li>\n<li>Structure avec vitres (fen\u00eatres coulissantes) pour une vue d\u00e9gag\u00e9e<\/li>\n<li>Stores pare-soleil<\/li>\n<li>Si\u00e8ges rembourr\u00e9s confortables<\/li>\n<li>\u00c9clairage agr\u00e9able<br \/>\nCompartiments de rangement pour vos vestes, sacs et ustensiles<\/li>\n<li>S\u00e9jour \u00e9galement possible sur le pont avant et arri\u00e8re<\/li>\n<li>Porte avec \u00e9chelle de bain \u00e0 l&rsquo;avant<\/li>\n<li>Chauff\u00e9 en hiver<\/li>\n<\/ul>\n<p>[\/et_pb_text][\/et_pb_column][et_pb_column type=\u00a0\u00bb1_2&Prime; _builder_version=\u00a0\u00bb4.18.0&Prime; _module_preset=\u00a0\u00bbdefault\u00a0\u00bb global_colors_info=\u00a0\u00bb{}\u00a0\u00bb][et_pb_image src=\u00a0\u00bbhttps:\/\/flussbus.ch\/wp-content\/uploads\/2022\/11\/flussbus-basel-rhyno-rhein-schiff-fakten-komfort-scaled.jpg\u00a0\u00bb alt=\u00a0\u00bbRhin Bateau Rhyno: Confort\u00a0\u00bb title_text=\u00a0\u00bbflussbus-bale-rhyno-rhin-bateau-confort\u00a0\u00bb _builder_version=\u00a0\u00bb4.19.1&Prime; _module_preset=\u00a0\u00bbdefault\u00a0\u00bb global_colors_info=\u00a0\u00bb{}\u00a0\u00bb][\/et_pb_image][\/et_pb_column][\/et_pb_row][et_pb_row column_structure=\u00a0\u00bb1_2,1_2&Prime; _builder_version=\u00a0\u00bb4.18.0&Prime; _module_preset=\u00a0\u00bbdefault\u00a0\u00bb global_colors_info=\u00a0\u00bb{}\u00a0\u00bb][et_pb_column type=\u00a0\u00bb1_2&Prime; _builder_version=\u00a0\u00bb4.18.0&Prime; _module_preset=\u00a0\u00bbdefault\u00a0\u00bb global_colors_info=\u00a0\u00bb{}\u00a0\u00bb][et_pb_text _builder_version=\u00a0\u00bb4.21.0&Prime; _module_preset=\u00a0\u00bbdefault\u00a0\u00bb global_colors_info=\u00a0\u00bb{}\u00a0\u00bb]<\/p>\n<h2>Autorisation de mise sur le march\u00e9.<\/h2>\n<p>Homologu\u00e9 pour 12 passagers (PAX) + capitaine + h\u00f4te (dont sur le pont soleil : 10 passagers).[\/et_pb_text][\/et_pb_column][et_pb_column type=\u00a0\u00bb1_2&Prime; _builder_version=\u00a0\u00bb4.18.0&Prime; _module_preset=\u00a0\u00bbdefault\u00a0\u00bb global_colors_info=\u00a0\u00bb{}\u00a0\u00bb][et_pb_image src=\u00a0\u00bbhttps:\/\/flussbus.ch\/wp-content\/uploads\/2022\/11\/flussbus-basel-rhyno-rhein-schiff-fakten-zulassung-scaled.jpg\u00a0\u00bb alt=\u00a0\u00bbRhin Bateau Rhyno: Homologations\u00a0\u00bb title_text=\u00a0\u00bbflussbus-bale-rhyno-rhin-bateau-immatriculation\u00a0\u00bb _builder_version=\u00a0\u00bb4.19.1&Prime; _module_preset=\u00a0\u00bbdefault\u00a0\u00bb global_colors_info=\u00a0\u00bb{}\u00a0\u00bb][\/et_pb_image][\/et_pb_column][\/et_pb_row][et_pb_row column_structure=\u00a0\u00bb1_4,1_2,1_4&Prime; _builder_version=\u00a0\u00bb4.19.1&Prime; _module_preset=\u00a0\u00bbdefault\u00a0\u00bb global_colors_info=\u00a0\u00bb{}\u00a0\u00bb][et_pb_column type=\u00a0\u00bb1_4&Prime; _builder_version=\u00a0\u00bb4.19.1&Prime; _module_preset=\u00a0\u00bbdefault\u00a0\u00bb global_colors_info=\u00a0\u00bb{}\u00a0\u00bb][\/et_pb_column][et_pb_column type=\u00a0\u00bb1_2&Prime; _builder_version=\u00a0\u00bb4.19.1&Prime; _module_preset=\u00a0\u00bbdefault\u00a0\u00bb global_colors_info=\u00a0\u00bb{}\u00a0\u00bb][et_pb_image src=\u00a0\u00bbhttps:\/\/flussbus.ch\/wp-content\/uploads\/2022\/11\/flussbus-basel-rhyno-rhein-schiff-aufbau.jpg\u00a0\u00bb alt=\u00a0\u00bbRhin Bateau Rhyno: S\u00e9curit\u00e9 &amp; technique\u00a0\u00bb title_text=\u00a0\u00bbflussbus-bale-rhyno-rhin-bateau-securite-technique\u00a0\u00bb _builder_version=\u00a0\u00bb4.19.1&Prime; _module_preset=\u00a0\u00bbdefault\u00a0\u00bb global_colors_info=\u00a0\u00bb{}\u00a0\u00bb][\/et_pb_image][\/et_pb_column][et_pb_column type=\u00a0\u00bb1_4&Prime; _builder_version=\u00a0\u00bb4.19.1&Prime; _module_preset=\u00a0\u00bbdefault\u00a0\u00bb global_colors_info=\u00a0\u00bb{}\u00a0\u00bb][\/et_pb_column][\/et_pb_row][\/et_pb_section]<\/p>\n","protected":false},"excerpt":{"rendered":"<p>Notre bus fluvial \u00ab\u00a0Rhyno\u00a0\u00bb est le petit bateau \u00e0 passagers offrant le plus de confort sur le Rhin b\u00e2lois.Voici quelques faits et informations techniques sur le bateau con\u00e7u et construit en Pologne en 2015\/ 2016 en catamaran, en aluminium r\u00e9sistant \u00e0 l&rsquo;eau de mer, baptis\u00e9 \u00ab\u00a0Rhyno\u00a0\u00bb (num\u00e9ro d&rsquo;immatriculation BS 66).S\u00e9curit\u00e9 &amp; technique. S\u00e9curit\u00e9 maximale gr\u00e2ce [&hellip;]<\/p>\n","protected":false},"author":1,"featured_media":0,"parent":688,"menu_order":0,"comment_status":"closed","ping_status":"closed","template":"","meta":{"_acf_changed":false,"_et_pb_use_builder":"on","_et_pb_old_content":"","_et_gb_content_width":"","footnotes":""},"class_list":["post-460","page","type-page","status-publish","hentry"],"acf":[],"_links":{"self":[{"href":"https:\/\/flussbus.ch\/fr\/wp-json\/wp\/v2\/pages\/460","targetHints":{"allow":["GET"]}}],"collection":[{"href":"https:\/\/flussbus.ch\/fr\/wp-json\/wp\/v2\/pages"}],"about":[{"href":"https:\/\/flussbus.ch\/fr\/wp-json\/wp\/v2\/types\/page"}],"author":[{"embeddable":true,"href":"https:\/\/flussbus.ch\/fr\/wp-json\/wp\/v2\/users\/1"}],"replies":[{"embeddable":true,"href":"https:\/\/flussbus.ch\/fr\/wp-json\/wp\/v2\/comments?post=460"}],"version-history":[{"count":1,"href":"https:\/\/flussbus.ch\/fr\/wp-json\/wp\/v2\/pages\/460\/revisions"}],"predecessor-version":[{"id":1139,"href":"https:\/\/flussbus.ch\/fr\/wp-json\/wp\/v2\/pages\/460\/revisions\/1139"}],"up":[{"embeddable":true,"href":"https:\/\/flussbus.ch\/fr\/wp-json\/wp\/v2\/pages\/688"}],"wp:attachment":[{"href":"https:\/\/flussbus.ch\/fr\/wp-json\/wp\/v2\/media?parent=460"}],"curies":[{"name":"wp","href":"https:\/\/api.w.org\/{rel}","templated":true}]}}