{"id":457,"date":"2022-10-21T14:48:05","date_gmt":"2022-10-21T12:48:05","guid":{"rendered":"https:\/\/flussbus.ch\/voyage-en-bus"},"modified":"2023-08-22T10:04:36","modified_gmt":"2023-08-22T08:04:36","slug":"voyage-en-bus","status":"publish","type":"page","link":"https:\/\/flussbus.ch\/fr\/offre\/voyage-en-bus","title":{"rendered":"Voyage en bus"},"content":{"rendered":"<p>[et_pb_section fb_built=\u00a0\u00bb1&Prime; fullwidth=\u00a0\u00bbon\u00a0\u00bb _builder_version=\u00a0\u00bb4.22.1&Prime; _module_preset=\u00a0\u00bbdefault\u00a0\u00bb background_image=\u00a0\u00bbhttps:\/\/flussbus.ch\/wp-content\/uploads\/2023\/08\/flussbus-basel-rhyno-rhein-hauptbild-2.jpg\u00a0\u00bb hover_enabled=\u00a0\u00bb0&Prime; global_colors_info=\u00a0\u00bb{}\u00a0\u00bb title_text=\u00a0\u00bbflussbus-basel-rhyno-rhein-hauptbild-2&Prime; sticky_enabled=\u00a0\u00bb0&Prime;][et_pb_fullwidth_header title=\u00a0\u00bbVoyage en bus sur le Rhin.\u00a0\u00bb button_one_text=\u00a0\u00bbR\u00e9servez d\u00e8s maintenant\u00a0\u00bb button_one_url=\u00a0\u00bbhttps:\/\/flussbus.ch\/fr\/contact\u00a0\u00bb _builder_version=\u00a0\u00bb4.19.1&Prime; _module_preset=\u00a0\u00bbdefault\u00a0\u00bb global_colors_info=\u00a0\u00bb{}\u00a0\u00bb]<\/p>\n<p><span style=\"font-weight: 400;\">Le \u00ab\u00a0Rhyno\u00a0\u00bb est votre bus sur le fleuve et vous emm\u00e8ne par exemple vers des restaurants ou des sites touristiques populaires le long du Rhin et vient vous chercher.<\/span><\/p>\n<p>[\/et_pb_fullwidth_header][\/et_pb_section][et_pb_section fb_built=\u00a0\u00bb1&Prime; module_class=\u00a0\u00bbreversing\u00a0\u00bb _builder_version=\u00a0\u00bb4.18.0&Prime; _module_preset=\u00a0\u00bbdefault\u00a0\u00bb global_colors_info=\u00a0\u00bb{}\u00a0\u00bb][et_pb_row column_structure=\u00a0\u00bb1_2,1_2&Prime; _builder_version=\u00a0\u00bb4.18.0&Prime; _module_preset=\u00a0\u00bbdefault\u00a0\u00bb global_colors_info=\u00a0\u00bb{}\u00a0\u00bb][et_pb_column type=\u00a0\u00bb1_2&Prime; _builder_version=\u00a0\u00bb4.18.0&Prime; _module_preset=\u00a0\u00bbdefault\u00a0\u00bb global_colors_info=\u00a0\u00bb{}\u00a0\u00bb][et_pb_text _builder_version=\u00a0\u00bb4.19.1&Prime; _module_preset=\u00a0\u00bbdefault\u00a0\u00bb global_colors_info=\u00a0\u00bb{}\u00a0\u00bb]<\/p>\n<h2>Restaurants au bord du Rhin.<\/h2>\n<p><span style=\"font-weight: 400;\">Visitez avec vos amis l&rsquo;un des beaux restaurants au bord du Rhin et prenez un ap\u00e9ro \u00e0 bord en chemin.<\/span><\/p>\n<p>Les restaurants les plus populaires:<\/p>\n<ul>\n<li><em>Restaurant Rostiger Anker<\/em><br \/>Bassin portuaire 1, B\u00e2le<\/li>\n<li><em>Restaurant zum Goldenen Sternen<\/em><br \/>St. Alban-Vorstadt 70, B\u00e2le<\/li>\n<li><em>Restaurant Rhypark<\/em><br \/>M\u00fclhauserstrasse 17, B\u00e2le<\/li>\n<li><em>Restaurant Bootssteg<\/em><br \/>Yachthafen Weil, (D)<\/li>\n<li><em>Chinarestaurant Rheinpark<\/em><br \/>Weil, (D)<\/li>\n<\/ul>\n<p>[\/et_pb_text][et_pb_button button_url=\u00a0\u00bbhttps:\/\/flussbus.ch\/fr\/contact\u00a0\u00bb button_text=\u00a0\u00bbContactez-nous pour une excursion en bus fluvial\u00a0\u00bb _builder_version=\u00a0\u00bb4.19.1&Prime; _module_preset=\u00a0\u00bbdefault\u00a0\u00bb global_colors_info=\u00a0\u00bb{}\u00a0\u00bb][\/et_pb_button][\/et_pb_column][et_pb_column type=\u00a0\u00bb1_2&Prime; _builder_version=\u00a0\u00bb4.18.0&Prime; _module_preset=\u00a0\u00bbdefault\u00a0\u00bb global_colors_info=\u00a0\u00bb{}\u00a0\u00bb][et_pb_image src=\u00a0\u00bbhttps:\/\/flussbus.ch\/wp-content\/uploads\/2022\/11\/flussbus-basel-rhyno-rhein-busfahrt-restaurants-scaled.jpg\u00a0\u00bb alt=\u00a0\u00bbVoyage en bus sur le Rhin: Restaurants\u00a0\u00bb title_text=\u00a0\u00bbflussbus-bale-rhyno-rhin-voyage-en-bus-restaurants\u00a0\u00bb _builder_version=\u00a0\u00bb4.19.1&Prime; _module_preset=\u00a0\u00bbdefault\u00a0\u00bb global_colors_info=\u00a0\u00bb{}\u00a0\u00bb][\/et_pb_image][\/et_pb_column][\/et_pb_row][et_pb_row column_structure=\u00a0\u00bb1_2,1_2&Prime; _builder_version=\u00a0\u00bb4.18.0&Prime; _module_preset=\u00a0\u00bbdefault\u00a0\u00bb global_colors_info=\u00a0\u00bb{}\u00a0\u00bb][et_pb_column type=\u00a0\u00bb1_2&Prime; _builder_version=\u00a0\u00bb4.18.0&Prime; _module_preset=\u00a0\u00bbdefault\u00a0\u00bb global_colors_info=\u00a0\u00bb{}\u00a0\u00bb][et_pb_text _builder_version=\u00a0\u00bb4.19.1&Prime; _module_preset=\u00a0\u00bbdefault\u00a0\u00bb global_colors_info=\u00a0\u00bb{}\u00a0\u00bb]<\/p>\n<h2>Sites touristiques au bord du Rhin.<\/h2>\n<p>Visitez et d\u00e9couvrez les magnifiques mus\u00e9es et curiosit\u00e9s du Rhin et prenez l&rsquo;ap\u00e9ro \u00e0 bord en chemin.<\/p>\n<p>Mus\u00e9es et curiosit\u00e9s populaires:<\/p>\n<ul>\n<li>Basler Papierm\u00fchle &#8211; Schweizerisches Museum f\u00fcr Papier, Schrift und Druck<br \/>\nSt. Alban-Tal 37, Basel<\/li>\n<li>Museum Kleines Klingental<br \/>\nUnterer Rheinweg 26, Basel<\/li>\n<li>St. Johanns- Tor<br \/>\nSt. Johanns-Vorstadt 110, Basel<\/li>\n<li>Dreil\u00e4ndereck<br \/>\nWestquaistrasse 75, Basel<\/li>\n<li>Hafenmuseum<br \/>\nWestquaistrasse 2, Basel<\/li>\n<\/ul>\n<p>[\/et_pb_text][et_pb_button button_url=\u00a0\u00bbhttps:\/\/flussbus.ch\/fr\/contact\u00a0\u00bb button_text=\u00a0\u00bbContactez-nous pour une excursion en bus fluvial\u00a0\u00bb _builder_version=\u00a0\u00bb4.19.1&Prime; _module_preset=\u00a0\u00bbdefault\u00a0\u00bb global_colors_info=\u00a0\u00bb{}\u00a0\u00bb][\/et_pb_button][\/et_pb_column][et_pb_column type=\u00a0\u00bb1_2&Prime; _builder_version=\u00a0\u00bb4.18.0&Prime; _module_preset=\u00a0\u00bbdefault\u00a0\u00bb global_colors_info=\u00a0\u00bb{}\u00a0\u00bb][et_pb_image src=\u00a0\u00bbhttps:\/\/flussbus.ch\/wp-content\/uploads\/2022\/11\/flussbus-basel-rhyno-rhein-busfahrt-sehenswuerdigkeiten-scaled.jpg\u00a0\u00bb alt=\u00a0\u00bbBus fluvial sur le rhin\u00a0\u00bb title_text=\u00a0\u00bbflussbus-bale-rhyno-rhin-voyage-en-bus-sites-touristiques\u00a0\u00bb _builder_version=\u00a0\u00bb4.19.1&Prime; _module_preset=\u00a0\u00bbdefault\u00a0\u00bb global_colors_info=\u00a0\u00bb{}\u00a0\u00bb][\/et_pb_image][\/et_pb_column][\/et_pb_row][\/et_pb_section]<\/p>\n","protected":false},"excerpt":{"rendered":"<p>Le \u00ab\u00a0Rhyno\u00a0\u00bb est votre bus sur le fleuve et vous emm\u00e8ne par exemple vers des restaurants ou des sites touristiques populaires le long du Rhin et vient vous chercher.Restaurants au bord du Rhin. Visitez avec vos amis l&rsquo;un des beaux restaurants au bord du Rhin et prenez un ap\u00e9ro \u00e0 bord en chemin. Les restaurants [&hellip;]<\/p>\n","protected":false},"author":1,"featured_media":0,"parent":635,"menu_order":0,"comment_status":"closed","ping_status":"closed","template":"","meta":{"_acf_changed":false,"_et_pb_use_builder":"on","_et_pb_old_content":"","_et_gb_content_width":"","footnotes":""},"class_list":["post-457","page","type-page","status-publish","hentry"],"acf":[],"_links":{"self":[{"href":"https:\/\/flussbus.ch\/fr\/wp-json\/wp\/v2\/pages\/457","targetHints":{"allow":["GET"]}}],"collection":[{"href":"https:\/\/flussbus.ch\/fr\/wp-json\/wp\/v2\/pages"}],"about":[{"href":"https:\/\/flussbus.ch\/fr\/wp-json\/wp\/v2\/types\/page"}],"author":[{"embeddable":true,"href":"https:\/\/flussbus.ch\/fr\/wp-json\/wp\/v2\/users\/1"}],"replies":[{"embeddable":true,"href":"https:\/\/flussbus.ch\/fr\/wp-json\/wp\/v2\/comments?post=457"}],"version-history":[{"count":0,"href":"https:\/\/flussbus.ch\/fr\/wp-json\/wp\/v2\/pages\/457\/revisions"}],"up":[{"embeddable":true,"href":"https:\/\/flussbus.ch\/fr\/wp-json\/wp\/v2\/pages\/635"}],"wp:attachment":[{"href":"https:\/\/flussbus.ch\/fr\/wp-json\/wp\/v2\/media?parent=457"}],"curies":[{"name":"wp","href":"https:\/\/api.w.org\/{rel}","templated":true}]}}