{"id":454,"date":"2022-10-21T13:51:40","date_gmt":"2022-10-21T11:51:40","guid":{"rendered":"https:\/\/flussbus.ch\/embarcaderes"},"modified":"2023-08-22T13:31:43","modified_gmt":"2023-08-22T11:31:43","slug":"embarcaderes","status":"publish","type":"page","link":"https:\/\/flussbus.ch\/fr\/a-propos-de-nous\/embarcaderes","title":{"rendered":"Embarcad\u00e8res"},"content":{"rendered":"<p>[et_pb_section fb_built=\u00a0\u00bb1&Prime; fullwidth=\u00a0\u00bbon\u00a0\u00bb _builder_version=\u00a0\u00bb4.22.1&Prime; _module_preset=\u00a0\u00bbdefault\u00a0\u00bb background_image=\u00a0\u00bbhttps:\/\/flussbus.ch\/wp-content\/uploads\/2023\/08\/flussbus-basel-rhyno-rhein-hauptbild-2.jpg\u00a0\u00bb global_colors_info=\u00a0\u00bb{}\u00a0\u00bb][et_pb_fullwidth_header title=\u00a0\u00bbEntrez, prenez place\u00a0\u00bb _builder_version=\u00a0\u00bb4.21.0&Prime; _module_preset=\u00a0\u00bbdefault\u00a0\u00bb]<\/p>\n<h2>Nos embarcad\u00e8res.<\/h2>\n<p>La zone de navigation du \u00ab\u00a0Rhyno\u00a0\u00bb s&rsquo;\u00e9tend en amont jusqu&rsquo;\u00e0 Rheinfelden et en aval jusqu&rsquo;\u00e0 Breisach et Mulhouse.[\/et_pb_fullwidth_header][\/et_pb_section][et_pb_section fb_built=\u00a0\u00bb1&Prime; _builder_version=\u00a0\u00bb4.18.0&Prime; _module_preset=\u00a0\u00bbdefault\u00a0\u00bb global_colors_info=\u00a0\u00bb{}\u00a0\u00bb][et_pb_row column_structure=\u00a0\u00bb1_2,1_2&Prime; _builder_version=\u00a0\u00bb4.19.1&Prime; _module_preset=\u00a0\u00bbdefault\u00a0\u00bb global_colors_info=\u00a0\u00bb{}\u00a0\u00bb][et_pb_column type=\u00a0\u00bb1_2&Prime; _builder_version=\u00a0\u00bb4.18.0&Prime; _module_preset=\u00a0\u00bbdefault\u00a0\u00bb global_colors_info=\u00a0\u00bb{}\u00a0\u00bb][et_pb_text _builder_version=\u00a0\u00bb4.21.0&Prime; _module_preset=\u00a0\u00bbdefault\u00a0\u00bb global_colors_info=\u00a0\u00bb{}\u00a0\u00bb]<\/p>\n<h2>Ce sont les principales stations d&#8217;embarquement et de d\u00e9barquement. Autres stations sur demande.<\/h2>\n<p>[\/et_pb_text][\/et_pb_column][et_pb_column type=\u00a0\u00bb1_2&Prime; _builder_version=\u00a0\u00bb4.18.0&Prime; _module_preset=\u00a0\u00bbdefault\u00a0\u00bb global_colors_info=\u00a0\u00bb{}\u00a0\u00bb][et_pb_image src=\u00a0\u00bbhttps:\/\/flussbus.ch\/wp-content\/uploads\/2022\/11\/flussbus-basel-rhyno-rhein-schiff-rundfahrt-maxi-tour.jpg\u00a0\u00bb alt=\u00a0\u00bbRhin Tours B\u00e2le: Maxitour\u00a0\u00bb title_text=\u00a0\u00bbflussbus-bale-rhyno-rhin-bateau-tours-maxitour\u00a0\u00bb _builder_version=\u00a0\u00bb4.21.0&Prime; _module_preset=\u00a0\u00bbdefault\u00a0\u00bb global_colors_info=\u00a0\u00bb{}\u00a0\u00bb][\/et_pb_image][\/et_pb_column][\/et_pb_row][et_pb_row column_structure=\u00a0\u00bb1_3,1_3,1_3&Prime; _builder_version=\u00a0\u00bb4.19.1&Prime; _module_preset=\u00a0\u00bbdefault\u00a0\u00bb global_colors_info=\u00a0\u00bb{}\u00a0\u00bb][et_pb_column type=\u00a0\u00bb1_3&Prime; _builder_version=\u00a0\u00bb4.19.1&Prime; _module_preset=\u00a0\u00bbdefault\u00a0\u00bb global_colors_info=\u00a0\u00bb{}\u00a0\u00bb][et_pb_text _builder_version=\u00a0\u00bb4.21.0&Prime; _module_preset=\u00a0\u00bbdefault\u00a0\u00bb global_colors_info=\u00a0\u00bb{}\u00a0\u00bb]<\/p>\n<h3>Station Dreil\u00e4ndereck<\/h3>\n<p>Rheinhafen, Basel<\/p>\n<p>[\/et_pb_text][et_pb_map _builder_version=\u00a0\u00bb4.22.1&Prime; _module_preset=\u00a0\u00bbdefault\u00a0\u00bb hover_enabled=\u00a0\u00bb0&Prime; global_colors_info=\u00a0\u00bb{}\u00a0\u00bb address=\u00a0\u00bbWestquaistrasse 75, 4057 Basel, Switzerland\u00a0\u00bb sticky_enabled=\u00a0\u00bb0&Prime; address_lat=\u00a0\u00bb47.588327433899&Prime; address_lng=\u00a0\u00bb7.5898755178214&Prime; zoom_level=\u00a0\u00bb15&Prime;][et_pb_map_pin _builder_version=\u00a0\u00bb4.22.1&Prime; _module_preset=\u00a0\u00bbdefault\u00a0\u00bb global_colors_info=\u00a0\u00bb{}\u00a0\u00bb pin_address=\u00a0\u00bbWestquaistrasse 75, 4057 Basel, Switzerland\u00a0\u00bb pin_address_lat=\u00a0\u00bb47.587926393466&Prime; pin_address_lng=\u00a0\u00bb7.5898413534424&Prime; hover_enabled=\u00a0\u00bb0&Prime; sticky_enabled=\u00a0\u00bb0&Prime; zoom_level=\u00a0\u00bb18&Prime;][\/et_pb_map_pin][\/et_pb_map][\/et_pb_column][et_pb_column type=\u00a0\u00bb1_3&Prime; _builder_version=\u00a0\u00bb4.19.1&Prime; _module_preset=\u00a0\u00bbdefault\u00a0\u00bb global_colors_info=\u00a0\u00bb{}\u00a0\u00bb][et_pb_text _builder_version=\u00a0\u00bb4.21.0&Prime; _module_preset=\u00a0\u00bbdefault\u00a0\u00bb global_colors_info=\u00a0\u00bb{}\u00a0\u00bb]<\/p>\n<h3>Station Gelpke<\/h3>\n<p>Westquaistrasse 4, Hafenbecken 1, Basel<\/p>\n<p>[\/et_pb_text][et_pb_map _builder_version=\u00a0\u00bb4.22.1&Prime; _module_preset=\u00a0\u00bbdefault\u00a0\u00bb hover_enabled=\u00a0\u00bb0&Prime; global_colors_info=\u00a0\u00bb{}\u00a0\u00bb address=\u00a0\u00bbWestquaistrasse 4\/1, 4057 Basel, Switzerland\u00a0\u00bb sticky_enabled=\u00a0\u00bb0&Prime; address_lat=\u00a0\u00bb47.582875223812&Prime; address_lng=\u00a0\u00bb7.588520745369&Prime; zoom_level=\u00a0\u00bb15&Prime;][et_pb_map_pin _builder_version=\u00a0\u00bb4.22.1&Prime; _module_preset=\u00a0\u00bbdefault\u00a0\u00bb pin_address=\u00a0\u00bbWestquaistrasse 4, 4057 Basel, Switzerland\u00a0\u00bb zoom_level=\u00a0\u00bb18&Prime; pin_address_lat=\u00a0\u00bb47.582943973817&Prime; pin_address_lng=\u00a0\u00bb7.588531474205&Prime; hover_enabled=\u00a0\u00bb0&Prime; sticky_enabled=\u00a0\u00bb0&Prime;][\/et_pb_map_pin][\/et_pb_map][\/et_pb_column][et_pb_column type=\u00a0\u00bb1_3&Prime; _builder_version=\u00a0\u00bb4.19.1&Prime; _module_preset=\u00a0\u00bbdefault\u00a0\u00bb global_colors_info=\u00a0\u00bb{}\u00a0\u00bb][et_pb_text _builder_version=\u00a0\u00bb4.21.0&Prime; _module_preset=\u00a0\u00bbdefault\u00a0\u00bb global_colors_info=\u00a0\u00bb{}\u00a0\u00bb]<\/p>\n<h3>Station Rhywiera<\/h3>\n<p>Unterer Rheinweg 10, Basel<\/p>\n<p>[\/et_pb_text][et_pb_map _builder_version=\u00a0\u00bb4.22.1&Prime; _module_preset=\u00a0\u00bbdefault\u00a0\u00bb hover_enabled=\u00a0\u00bb0&Prime; global_colors_info=\u00a0\u00bb{}\u00a0\u00bb address=\u00a0\u00bbUnterer Rheinweg 10, 4058 Basel, Switzerland\u00a0\u00bb address_lat=\u00a0\u00bb47.5610875&Prime; address_lng=\u00a0\u00bb7.5905679&Prime; zoom_level=\u00a0\u00bb16&Prime; sticky_enabled=\u00a0\u00bb0&Prime;][et_pb_map_pin _builder_version=\u00a0\u00bb4.22.1&Prime; _module_preset=\u00a0\u00bbdefault\u00a0\u00bb pin_address=\u00a0\u00bbUnterer Rheinweg 1, 4058 Basel, Switzerland\u00a0\u00bb pin_address_lat=\u00a0\u00bb47.560870303784&Prime; pin_address_lng=\u00a0\u00bb7.5902245772461&Prime; zoom_level=\u00a0\u00bb17&Prime; hover_enabled=\u00a0\u00bb0&Prime; sticky_enabled=\u00a0\u00bb0&Prime;][\/et_pb_map_pin][\/et_pb_map][\/et_pb_column][\/et_pb_row][et_pb_row column_structure=\u00a0\u00bb1_3,1_3,1_3&Prime; _builder_version=\u00a0\u00bb4.19.1&Prime; _module_preset=\u00a0\u00bbdefault\u00a0\u00bb global_colors_info=\u00a0\u00bb{}\u00a0\u00bb][et_pb_column type=\u00a0\u00bb1_3&Prime; _builder_version=\u00a0\u00bb4.19.1&Prime; _module_preset=\u00a0\u00bbdefault\u00a0\u00bb global_colors_info=\u00a0\u00bb{}\u00a0\u00bb][et_pb_text _builder_version=\u00a0\u00bb4.21.0&Prime; _module_preset=\u00a0\u00bbdefault\u00a0\u00bb global_colors_info=\u00a0\u00bb{}\u00a0\u00bb]<\/p>\n<h3>Station St. Alban<\/h3>\n<p>Wild Maa F\u00e4hresteg \/ Grossbasel<br \/>St. Alban-Rheinweg 70, Basel<\/p>\n<p>[\/et_pb_text][et_pb_map _builder_version=\u00a0\u00bb4.22.1&Prime; _module_preset=\u00a0\u00bbdefault\u00a0\u00bb hover_enabled=\u00a0\u00bb0&Prime; global_colors_info=\u00a0\u00bb{}\u00a0\u00bb sticky_enabled=\u00a0\u00bb0&Prime; address=\u00a0\u00bbSt. Alban-Rheinweg 70, 4052 Basel, Switzerland\u00a0\u00bb address_lat=\u00a0\u00bb47.5547907&Prime; address_lng=\u00a0\u00bb7.6022652785736&Prime; zoom_level=\u00a0\u00bb16&Prime;][et_pb_map_pin _builder_version=\u00a0\u00bb4.22.1&Prime; _module_preset=\u00a0\u00bbdefault\u00a0\u00bb global_colors_info=\u00a0\u00bb{}\u00a0\u00bb pin_address=\u00a0\u00bbSt. Alban-Rheinweg 99, 4052 Basel, Switzerland\u00a0\u00bb pin_address_lat=\u00a0\u00bb47.555364524631&Prime; pin_address_lng=\u00a0\u00bb7.6028473179298&Prime; zoom_level=\u00a0\u00bb16&Prime; hover_enabled=\u00a0\u00bb0&Prime; sticky_enabled=\u00a0\u00bb0&Prime;][\/et_pb_map_pin][\/et_pb_map][\/et_pb_column][et_pb_column type=\u00a0\u00bb1_3&Prime; _builder_version=\u00a0\u00bb4.19.1&Prime; _module_preset=\u00a0\u00bbdefault\u00a0\u00bb global_colors_info=\u00a0\u00bb{}\u00a0\u00bb][et_pb_text _builder_version=\u00a0\u00bb4.21.0&Prime; _module_preset=\u00a0\u00bbdefault\u00a0\u00bb global_colors_info=\u00a0\u00bb{}\u00a0\u00bb]<\/p>\n<h3>Station Dreirosen<\/h3>\n<p>Ueli F\u00e4hresteg \/ Kleinbasel<br \/>Unterer Rheinweg 150, Basel<\/p>\n<p>[\/et_pb_text][et_pb_map _builder_version=\u00a0\u00bb4.22.1&Prime; _module_preset=\u00a0\u00bbdefault\u00a0\u00bb global_colors_info=\u00a0\u00bb{}\u00a0\u00bb address=\u00a0\u00bbUnterer Rheinweg 150, 4057 Basel, Switzerland\u00a0\u00bb address_lat=\u00a0\u00bb47.5689954&Prime; address_lng=\u00a0\u00bb7.5867291&Prime; zoom_level=\u00a0\u00bb16&Prime;][et_pb_map_pin _builder_version=\u00a0\u00bb4.22.1&Prime; _module_preset=\u00a0\u00bbdefault\u00a0\u00bb pin_address=\u00a0\u00bbUnterer Rheinweg 166, 4057 Basel, Switzerland\u00a0\u00bb pin_address_lat=\u00a0\u00bb47.569921953849&Prime; pin_address_lng=\u00a0\u00bb7.5859566238037&Prime; zoom_level=\u00a0\u00bb15&Prime; hover_enabled=\u00a0\u00bb0&Prime; sticky_enabled=\u00a0\u00bb0&Prime;][\/et_pb_map_pin][\/et_pb_map][\/et_pb_column][et_pb_column type=\u00a0\u00bb1_3&Prime; _builder_version=\u00a0\u00bb4.19.1&Prime; _module_preset=\u00a0\u00bbdefault\u00a0\u00bb global_colors_info=\u00a0\u00bb{}\u00a0\u00bb][et_pb_text _builder_version=\u00a0\u00bb4.21.0&Prime; _module_preset=\u00a0\u00bbdefault\u00a0\u00bb global_colors_info=\u00a0\u00bb{}\u00a0\u00bb]<\/p>\n<h3>Station Rhypark<\/h3>\n<p>M\u00fclhauserstrasse 17, Basel, oder<br \/>Ueli F\u00e4hresteg \/ Grossbasel<\/p>\n<p>[\/et_pb_text][et_pb_map _builder_version=\u00a0\u00bb4.22.1&Prime; _module_preset=\u00a0\u00bbdefault\u00a0\u00bb hover_enabled=\u00a0\u00bb0&Prime; global_colors_info=\u00a0\u00bb{}\u00a0\u00bb address=\u00a0\u00bbM\u00fclhauserstrasse 17, 4056 Basel, Switzerland\u00a0\u00bb address_lat=\u00a0\u00bb47.5698725&Prime; address_lng=\u00a0\u00bb7.5830474&Prime; zoom_level=\u00a0\u00bb16&Prime; sticky_enabled=\u00a0\u00bb0&Prime;][et_pb_map_pin _builder_version=\u00a0\u00bb4.22.1&Prime; _module_preset=\u00a0\u00bbdefault\u00a0\u00bb pin_address=\u00a0\u00bbM\u00fclhauserstrasse 17, 4056 Basel, Switzerland\u00a0\u00bb pin_address_lat=\u00a0\u00bb47.569763920216&Prime; pin_address_lng=\u00a0\u00bb7.5835731129669&Prime; zoom_level=\u00a0\u00bb17&Prime; hover_enabled=\u00a0\u00bb0&Prime; sticky_enabled=\u00a0\u00bb0&Prime;][\/et_pb_map_pin][\/et_pb_map][\/et_pb_column][\/et_pb_row][\/et_pb_section]<\/p>\n","protected":false},"excerpt":{"rendered":"<p>Nos embarcad\u00e8res. La zone de navigation du \u00ab\u00a0Rhyno\u00a0\u00bb s&rsquo;\u00e9tend en amont jusqu&rsquo;\u00e0 Rheinfelden et en aval jusqu&rsquo;\u00e0 Breisach et Mulhouse.Ce sont les principales stations d&#8217;embarquement et de d\u00e9barquement. Autres stations sur demande.Station Dreil\u00e4ndereck Rheinhafen, BaselStation Gelpke Westquaistrasse 4, Hafenbecken 1, BaselStation Rhywiera Unterer Rheinweg 10, BaselStation St. Alban Wild Maa F\u00e4hresteg \/ GrossbaselSt. Alban-Rheinweg 70, [&hellip;]<\/p>\n","protected":false},"author":1,"featured_media":0,"parent":688,"menu_order":0,"comment_status":"closed","ping_status":"closed","template":"","meta":{"_acf_changed":false,"_et_pb_use_builder":"on","_et_pb_old_content":"","_et_gb_content_width":"","footnotes":""},"class_list":["post-454","page","type-page","status-publish","hentry"],"acf":[],"_links":{"self":[{"href":"https:\/\/flussbus.ch\/fr\/wp-json\/wp\/v2\/pages\/454","targetHints":{"allow":["GET"]}}],"collection":[{"href":"https:\/\/flussbus.ch\/fr\/wp-json\/wp\/v2\/pages"}],"about":[{"href":"https:\/\/flussbus.ch\/fr\/wp-json\/wp\/v2\/types\/page"}],"author":[{"embeddable":true,"href":"https:\/\/flussbus.ch\/fr\/wp-json\/wp\/v2\/users\/1"}],"replies":[{"embeddable":true,"href":"https:\/\/flussbus.ch\/fr\/wp-json\/wp\/v2\/comments?post=454"}],"version-history":[{"count":0,"href":"https:\/\/flussbus.ch\/fr\/wp-json\/wp\/v2\/pages\/454\/revisions"}],"up":[{"embeddable":true,"href":"https:\/\/flussbus.ch\/fr\/wp-json\/wp\/v2\/pages\/688"}],"wp:attachment":[{"href":"https:\/\/flussbus.ch\/fr\/wp-json\/wp\/v2\/media?parent=454"}],"curies":[{"name":"wp","href":"https:\/\/api.w.org\/{rel}","templated":true}]}}