{"id":18,"date":"2022-10-21T13:29:41","date_gmt":"2022-10-21T11:29:41","guid":{"rendered":"https:\/\/flussbus.ch?page_id=18"},"modified":"2024-06-07T16:21:44","modified_gmt":"2024-06-07T14:21:44","slug":"allgemeine-geschaeftsbedingungen","status":"publish","type":"page","link":"https:\/\/flussbus.ch\/fr\/allgemeine-geschaeftsbedingungen","title":{"rendered":"Allgemeine Gesch\u00e4ftsbedingungen"},"content":{"rendered":"<p>[et_pb_section fb_built=\u00a0\u00bb1&Prime; _builder_version=\u00a0\u00bb4.22.1&Prime; _module_preset=\u00a0\u00bbdefault\u00a0\u00bb global_colors_info=\u00a0\u00bb{}\u00a0\u00bb][et_pb_row _builder_version=\u00a0\u00bb4.22.1&Prime; _module_preset=\u00a0\u00bbdefault\u00a0\u00bb global_colors_info=\u00a0\u00bb{}\u00a0\u00bb][et_pb_column type=\u00a0\u00bb4_4&Prime; _builder_version=\u00a0\u00bb4.22.1&Prime; _module_preset=\u00a0\u00bbdefault\u00a0\u00bb global_colors_info=\u00a0\u00bb{}\u00a0\u00bb][et_pb_text _builder_version=\u00a0\u00bb4.22.1&Prime; _module_preset=\u00a0\u00bbdefault\u00a0\u00bb global_colors_info=\u00a0\u00bb{}\u00a0\u00bb]<\/p>\n<h1>Allgemeine Gesch\u00e4ftsbedingungen<\/h1>\n<p>\u200b<\/p>\n<h2>Allgemeines<\/h2>\n<p>Diese allgemeinen Gesch\u00e4ftsbedingungen in ihrer jeweils geltenden Fassung sind integraler Bestandteil jeglicher vertraglicher Rechtsbeziehung zwischen Passagieren bzw. Kunden und FLUSSBUS AG. Sie sind f\u00fcr jede Form des Vertragsabschlusses g\u00fcltig. Durch seine Buchung best\u00e4tigt der Kunde die vorbehaltlose und vollumf\u00e4ngliche Annahme dieser AGB. \u00a0<\/p>\n<h2>Fahrbereitschaft und Betriebsunterbruch<\/h2>\n<p>Die Fahrten werden bei jedem Wetter durchgef\u00fchrt, ausser bei Starkwind, Hochwasser und Schifffahrtssperrungen. Bei technischen oder anderen Problemen kann die Fahrt durch den Schiffsf\u00fchrer bis vor Fahrtbeginn abgesagt werden. In diesem Fall entstehen f\u00fcr die buchende Vertragspartei keine Kosten. Bei Schleusenfahrten k\u00f6nnen keine exakten Zeiten garantiert werden. Es kann zu Verz\u00f6gerungen bei der Ankunft kommen. FLUSSBUS AG \u00fcbernimmt in F\u00e4llen solcher Betriebsunterbr\u00fcche bzw. Verz\u00f6gerungen keine Haftung und wird vom Kunden von jeglicher Ersatzpflicht freigestellt.<\/p>\n<h2>Annulationen<\/h2>\n<p>Abmeldungen bis 15 Tage vor der gebuchten Fahrt sind kostenlos.<\/p>\n<p>Die folgenden Kosten werden dem Kunden f\u00fcr kurzfristigere Annulationen berechnet:<\/p>\n<p>Bis zu 14 Tage vor dem Anlass: 50 % des Gesamtpreises (inkl. Catering)<\/p>\n<p>Bis zu 7 Tage vor dem Anlass: 75 % des Gesamtpreises (inkl. Catering)<\/p>\n<p>Die letzten 6 Tage vor dem Anlass: 100% des Gesamtpreises (inkl. Catering)<\/p>\n<p>Erscheint der Kunde nicht gem\u00e4ss den Vereinbarungen (zum richtigen Zeitpunkt am vereinbarten Abfahrtsort) hat er 100 % des gesamten Preises (inklusive vorbestellte Konsumationen) zu bezahlen.<\/p>\n<p>Ausnahmef\u00e4lle werden individuell behandelt.<\/p>\n<h2>Wartezeit<\/h2>\n<p>Erscheint der Kunde versp\u00e4tet, kann der Schiffsf\u00fchrer nach M\u00f6glichkeit die Fahrt zu einem Aufpreis verl\u00e4ngern (dabei gelten die normalen Fahrpreise) oder die Fahrt muss zum vereinbarten Zeitpunkt beendet werden.<\/p>\n<h2>Bezahlung<\/h2>\n<p>Die von FLUSSBUS AG publizierten Preise verstehen sich in Schweizer Franken. Der Kunde hat am Ende des gebuchten Anlasses den Preis f\u00fcr die Fahrt und die Konsumationen in bar zu bezahlen. Ausnahmen werden genehmigt gem\u00e4ss vorangegangener Vereinbarung.<\/p>\n<p>Die Rechnung ist innerhalb 15 Tagen nach Erhalt zu bezahlen. Bei Zahlungsverzug entstehen Mahngeb\u00fchren.<\/p>\n<p>1. Mahnung: CHF 25.- , 2. Mahnung CHF 50.-<\/p>\n<h2>Konsumation<\/h2>\n<p>Bei selbst mitgebrachten Speisen wird ein Gabelgeld von CHF 12.- pro Person berechnet<\/p>\n<p>Bei selbst mitgebrachten Getr\u00e4nken wird ein Zapfengeld von CHF 18.- pro Person berechnet<\/p>\n<p>Das Mitbringen von eigener Verpflegung ist nur nach Absprache mit FLUSSBUS AG m\u00f6glich<\/p>\n<h2>Haftung<\/h2>\n<p>FLUSSBUS AG lehnt bei Unf\u00e4llen oder verloren gegangenen Gegenst\u00e4nde w\u00e4hrend der Zeit auf dem Schiff jegliche Haftung ab.<\/p>\n<h2>\u00c4nderungen der AGB<\/h2>\n<p>FLUSSBUS AG kann diese AGB jederzeit anpassen und \u00e4ndern. Der Kunde kann dies mittels entsprechender Publikation auf der Website \u00fcberpr\u00fcfen.<\/p>\n<p>Bei technischen Problemen der Website \u00fcbernehmen wir keine Verantwortung.<\/p>\n<h2>Gerrichtsstand<\/h2>\n<p>Auf die Rechtsbeziehungen zwischen dem Kunden und FLUSSBUS AG ist ausschliesslich schweizerisches Recht anwendbar.<\/p>\n<p>Gerichtsstand ist Z\u00fcrich<\/p>\n<p>Stand 01.07.2016<\/p>\n<p>[\/et_pb_text][\/et_pb_column][\/et_pb_row][\/et_pb_section]<\/p>\n","protected":false},"excerpt":{"rendered":"<p>Allgemeine Gesch\u00e4ftsbedingungen \u200b Allgemeines Diese allgemeinen Gesch\u00e4ftsbedingungen in ihrer jeweils geltenden Fassung sind integraler Bestandteil jeglicher vertraglicher Rechtsbeziehung zwischen Passagieren bzw. Kunden und FLUSSBUS AG. Sie sind f\u00fcr jede Form des Vertragsabschlusses g\u00fcltig. Durch seine Buchung best\u00e4tigt der Kunde die vorbehaltlose und vollumf\u00e4ngliche Annahme dieser AGB. \u00a0 Fahrbereitschaft und Betriebsunterbruch Die Fahrten werden bei jedem [&hellip;]<\/p>\n","protected":false},"author":1,"featured_media":0,"parent":0,"menu_order":0,"comment_status":"closed","ping_status":"closed","template":"","meta":{"_acf_changed":false,"_et_pb_use_builder":"on","_et_pb_old_content":"","_et_gb_content_width":"","footnotes":""},"class_list":["post-18","page","type-page","status-publish","hentry"],"acf":[],"_links":{"self":[{"href":"https:\/\/flussbus.ch\/fr\/wp-json\/wp\/v2\/pages\/18","targetHints":{"allow":["GET"]}}],"collection":[{"href":"https:\/\/flussbus.ch\/fr\/wp-json\/wp\/v2\/pages"}],"about":[{"href":"https:\/\/flussbus.ch\/fr\/wp-json\/wp\/v2\/types\/page"}],"author":[{"embeddable":true,"href":"https:\/\/flussbus.ch\/fr\/wp-json\/wp\/v2\/users\/1"}],"replies":[{"embeddable":true,"href":"https:\/\/flussbus.ch\/fr\/wp-json\/wp\/v2\/comments?post=18"}],"version-history":[{"count":2,"href":"https:\/\/flussbus.ch\/fr\/wp-json\/wp\/v2\/pages\/18\/revisions"}],"predecessor-version":[{"id":1381,"href":"https:\/\/flussbus.ch\/fr\/wp-json\/wp\/v2\/pages\/18\/revisions\/1381"}],"wp:attachment":[{"href":"https:\/\/flussbus.ch\/fr\/wp-json\/wp\/v2\/media?parent=18"}],"curies":[{"name":"wp","href":"https:\/\/api.w.org\/{rel}","templated":true}]}}