{"id":1674,"date":"2025-11-15T17:37:34","date_gmt":"2025-11-15T16:37:34","guid":{"rendered":"https:\/\/flussbus.ch\/?page_id=1674"},"modified":"2025-11-15T17:37:49","modified_gmt":"2025-11-15T16:37:49","slug":"business-teams","status":"publish","type":"page","link":"https:\/\/flussbus.ch\/en\/angebot\/business-teams","title":{"rendered":"Business &amp; Teams"},"content":{"rendered":"<p>[et_pb_section fb_built=&#8221;1&#8243; fullwidth=&#8221;on&#8221; _builder_version=&#8221;4.22.1&#8243; _module_preset=&#8221;default&#8221; background_image=&#8221;https:\/\/flussbus.ch\/wp-content\/uploads\/2023\/08\/flussbus-basel-rhyno-rhein-hauptbild-2.jpg&#8221; global_colors_info=&#8221;{}&#8221; theme_builder_area=&#8221;post_content&#8221;][et_pb_fullwidth_header title=&#8221;Private Fahrten.&#8221; _builder_version=&#8221;4.27.4&#8243; _module_preset=&#8221;default&#8221; hover_enabled=&#8221;0&#8243; theme_builder_area=&#8221;post_content&#8221; sticky_enabled=&#8221;0&#8243;]<\/p>\n<p><span data-contrast=\"auto\" xml:lang=\"DE-CH\" lang=\"DE-CH\" class=\"TextRun SCXW11689986 BCX0\"><span class=\"NormalTextRun SCXW11689986 BCX0\" data-ccp-parastyle=\"Normal (Web)\">Neue Ideen entstehen, wenn man den Blickwinkel \u00e4ndert.<\/span><\/span><\/p>\n<p>[\/et_pb_fullwidth_header][\/et_pb_section][et_pb_section fb_built=&#8221;1&#8243; module_class=&#8221;reversing&#8221; _builder_version=&#8221;4.18.0&#8243; _module_preset=&#8221;default&#8221; global_colors_info=&#8221;{}&#8221; theme_builder_area=&#8221;post_content&#8221;][et_pb_row column_structure=&#8221;1_2,1_2&#8243; _builder_version=&#8221;4.18.0&#8243; _module_preset=&#8221;default&#8221; global_colors_info=&#8221;{}&#8221; theme_builder_area=&#8221;post_content&#8221;][et_pb_column type=&#8221;1_2&#8243; _builder_version=&#8221;4.18.0&#8243; _module_preset=&#8221;default&#8221; global_colors_info=&#8221;{}&#8221; theme_builder_area=&#8221;post_content&#8221;][et_pb_text _builder_version=&#8221;4.27.4&#8243; _module_preset=&#8221;default&#8221; hover_enabled=&#8221;0&#8243; global_colors_info=&#8221;{}&#8221; theme_builder_area=&#8221;post_content&#8221; sticky_enabled=&#8221;0&#8243;]<\/p>\n<p><span data-contrast=\"auto\">Die RhyLounge ist ein Raum f\u00fcr Begegnungen, die im B\u00fcro selten m\u00f6glich sind \u2013 f\u00fcr Team-Events, Firmenanl\u00e4sse, Workshops oder Kundengespr\u00e4che, die sich von gew\u00f6hnlichen Meetings unterscheiden.<\/span><span data-ccp-props=\"{&quot;134233117&quot;:true,&quot;134233118&quot;:true,&quot;335559685&quot;:720}\">\u00a0<\/span><\/p>\n<p><span data-contrast=\"auto\">Wir planen jede Fahrt mit euch: von der Auswahl der Route bis zur passenden Zeit und Anlegestelle. Alles ist exklusiv f\u00fcr eure Gruppe bis zw\u00f6lf Personen reserviert und wird von uns pers\u00f6nlich begleitet.<\/span><span data-ccp-props=\"{&quot;134233117&quot;:true,&quot;134233118&quot;:true,&quot;335559685&quot;:720}\">\u00a0<\/span><\/p>\n<p><span data-contrast=\"auto\">Gerne \u00fcbernehmen wir auch das Catering nach eurem Wunsch\u2013 von Ap\u00e9ro Riche \u00fcber Fondue und Raclette bis hin zu einem warmen Men\u00fc \u2013 und sorgen f\u00fcr alles, was es f\u00fcr einen Aufenthalt an Bord braucht. Bis zu zw\u00f6lf Personen fahren exklusiv an Bord \u2013 mit Platz f\u00fcr Austausch, Pr\u00e4sentationen oder einfach eine entspannte After-Work-Runde<\/span><span><br \/><\/span><\/p>\n<p><span data-contrast=\"auto\">W\u00e4hrend ihr \u00fcber den Rhein gleitet, \u00f6ffnet sich Basel von einer anderen Seite: Basel vom Wasser erkunden, Altstadt und Br\u00fccken und das Hafengebiet. Diese Atmosph\u00e4re schafft Abstand zum Alltag und gibt Gespr\u00e4chen und Ideen den Raum, den sie brauchen.<\/span><span data-ccp-props=\"{&quot;134233117&quot;:true,&quot;134233118&quot;:true,&quot;335559685&quot;:720}\">\u00a0<\/span><\/p>\n<p><span data-contrast=\"auto\">So wird aus einem Arbeitstreffen ein gemeinsames Erlebnis \u2013 inspirierend, verbindend und voller frischer Perspektiven.<\/span><span data-ccp-props=\"{&quot;134233117&quot;:true,&quot;134233118&quot;:true,&quot;335559685&quot;:720}\">\u00a0<\/span><\/p>\n<p><span><\/span><span data-contrast=\"auto\">F\u00fcr Firmenanl\u00e4sse, Team-Events, Workshops, Kundenevents.<\/span><span><br \/><\/span><i><span data-contrast=\"auto\">Ob Brainstorming auf dem Rhein oder entspannter After-Work-Ap\u00e9ro \u2013 wir gestalten den Rahmen.<\/span><\/i><span data-ccp-props=\"{&quot;134233117&quot;:true,&quot;134233118&quot;:true,&quot;335559685&quot;:720}\">\u00a0<\/span><\/p>\n<p>[\/et_pb_text][et_pb_button button_text=&#8221;Kontakt aufnehmen&#8221; _builder_version=&#8221;4.27.4&#8243; _module_preset=&#8221;default&#8221; theme_builder_area=&#8221;post_content&#8221; button_url=&#8221;\/kontakt&#8221; hover_enabled=&#8221;0&#8243; sticky_enabled=&#8221;0&#8243;][\/et_pb_button][\/et_pb_column][et_pb_column type=&#8221;1_2&#8243; _builder_version=&#8221;4.18.0&#8243; _module_preset=&#8221;default&#8221; global_colors_info=&#8221;{}&#8221; theme_builder_area=&#8221;post_content&#8221;][et_pb_image src=&#8221;https:\/\/flussbus.ch\/wp-content\/uploads\/2022\/11\/flussbus-basel-rhyno-rhein-schiff-rundfahrt-scaled.jpg&#8221; alt=&#8221;Rhein Rundfahrt Basel&#8221; title_text=&#8221;flussbus-basel-rhyno-rhein-schiff-rundfahrt&#8221; _builder_version=&#8221;4.21.0&#8243; _module_preset=&#8221;default&#8221; global_colors_info=&#8221;{}&#8221; theme_builder_area=&#8221;post_content&#8221;][\/et_pb_image][\/et_pb_column][\/et_pb_row][\/et_pb_section]<\/p>\n","protected":false},"excerpt":{"rendered":"<p>Neue Ideen entstehen, wenn man den Blickwinkel \u00e4ndert.Die RhyLounge ist ein Raum f\u00fcr Begegnungen, die im B\u00fcro selten m\u00f6glich sind \u2013 f\u00fcr Team-Events, Firmenanl\u00e4sse, Workshops oder Kundengespr\u00e4che, die sich von gew\u00f6hnlichen Meetings unterscheiden.\u00a0 Wir planen jede Fahrt mit euch: von der Auswahl der Route bis zur passenden Zeit und Anlegestelle. Alles ist exklusiv f\u00fcr eure [&hellip;]<\/p>\n","protected":false},"author":1,"featured_media":0,"parent":21,"menu_order":0,"comment_status":"closed","ping_status":"closed","template":"","meta":{"_acf_changed":false,"_et_pb_use_builder":"on","_et_pb_old_content":"","_et_gb_content_width":"","footnotes":""},"class_list":["post-1674","page","type-page","status-publish","hentry"],"acf":[],"_links":{"self":[{"href":"https:\/\/flussbus.ch\/en\/wp-json\/wp\/v2\/pages\/1674","targetHints":{"allow":["GET"]}}],"collection":[{"href":"https:\/\/flussbus.ch\/en\/wp-json\/wp\/v2\/pages"}],"about":[{"href":"https:\/\/flussbus.ch\/en\/wp-json\/wp\/v2\/types\/page"}],"author":[{"embeddable":true,"href":"https:\/\/flussbus.ch\/en\/wp-json\/wp\/v2\/users\/1"}],"replies":[{"embeddable":true,"href":"https:\/\/flussbus.ch\/en\/wp-json\/wp\/v2\/comments?post=1674"}],"version-history":[{"count":4,"href":"https:\/\/flussbus.ch\/en\/wp-json\/wp\/v2\/pages\/1674\/revisions"}],"predecessor-version":[{"id":1678,"href":"https:\/\/flussbus.ch\/en\/wp-json\/wp\/v2\/pages\/1674\/revisions\/1678"}],"up":[{"embeddable":true,"href":"https:\/\/flussbus.ch\/en\/wp-json\/wp\/v2\/pages\/21"}],"wp:attachment":[{"href":"https:\/\/flussbus.ch\/en\/wp-json\/wp\/v2\/media?parent=1674"}],"curies":[{"name":"wp","href":"https:\/\/api.w.org\/{rel}","templated":true}]}}