{"id":1668,"date":"2025-11-15T17:33:34","date_gmt":"2025-11-15T16:33:34","guid":{"rendered":"https:\/\/flussbus.ch\/?page_id=1668"},"modified":"2025-11-15T17:40:35","modified_gmt":"2025-11-15T16:40:35","slug":"private-fahrten","status":"publish","type":"page","link":"https:\/\/flussbus.ch\/en\/angebot\/private-fahrten","title":{"rendered":"Private Fahrten"},"content":{"rendered":"<p>[et_pb_section fb_built=&#8221;1&#8243; fullwidth=&#8221;on&#8221; _builder_version=&#8221;4.22.1&#8243; _module_preset=&#8221;default&#8221; background_image=&#8221;https:\/\/flussbus.ch\/wp-content\/uploads\/2023\/08\/flussbus-basel-rhyno-rhein-hauptbild-2.jpg&#8221; global_colors_info=&#8221;{}&#8221;][et_pb_fullwidth_header title=&#8221;Private Fahrten.&#8221; _builder_version=&#8221;4.27.4&#8243; _module_preset=&#8221;default&#8221;]<\/p>\n<p><span class=\"NormalTextRun SCXW225558093 BCX0\" data-ccp-parastyle=\"Normal (Web)\">Besondere Momente verdienen einen besonderen <\/span><span class=\"NormalTextRun SCXW225558093 BCX0\" data-ccp-parastyle=\"Normal (Web)\">Rahmen.<\/span><\/p>\n<p>[\/et_pb_fullwidth_header][\/et_pb_section][et_pb_section fb_built=&#8221;1&#8243; module_class=&#8221;reversing&#8221; _builder_version=&#8221;4.18.0&#8243; _module_preset=&#8221;default&#8221; global_colors_info=&#8221;{}&#8221;][et_pb_row column_structure=&#8221;1_2,1_2&#8243; _builder_version=&#8221;4.18.0&#8243; _module_preset=&#8221;default&#8221; global_colors_info=&#8221;{}&#8221;][et_pb_column type=&#8221;1_2&#8243; _builder_version=&#8221;4.18.0&#8243; _module_preset=&#8221;default&#8221; global_colors_info=&#8221;{}&#8221;][et_pb_text _builder_version=&#8221;4.27.4&#8243; _module_preset=&#8221;default&#8221; global_colors_info=&#8221;{}&#8221;]<\/p>\n<p><span data-contrast=\"auto\">Auf der RhyLounge wird jede\u00a0 Ausfahrt zu einer kleinen Geschichte, die ihr mit euren G\u00e4sten teilt. Ob Ap\u00e9ro mit Freund*innen, ein Geburtstag auf dem Wasser, ein Familienfest, Zeit mit lieben Menschen oder eine romantische Ausfahrt: Wir gestalten den Rahmen, so dass gemeinsame Erinnerungen entstehen.\u00a0<\/span><span data-ccp-props=\"{&quot;134233117&quot;:true,&quot;134233118&quot;:true,&quot;335559685&quot;:720}\">\u00a0<\/span><\/p>\n<p><span data-contrast=\"auto\">Wir stimmen Route, Dauer sowie Ein- und Ausstieg mit euch ab und begleiten euch pers\u00f6nlich \u2013 aufmerksam und mit dem Blick f\u00fcr Details. Jede Fahrt ist exklusiv f\u00fcr eure Gruppe bis zw\u00f6lf Personen reserviert. W\u00e4hrend ihr \u00fcber den Rhein gleitet, zeigt sich Basel von einer neuen Seite: vorbei an Br\u00fccken, F\u00e4hren und dem Hafen \u2013 in einem Rahmen, der ganz euch geh\u00f6rt.<\/span><span data-ccp-props=\"{&quot;134233117&quot;:true,&quot;134233118&quot;:true,&quot;335559685&quot;:720}\">\u00a0<\/span><\/p>\n<p><span data-contrast=\"auto\">Gerne k\u00fcmmern wir uns um alles, was den Anlass abrundet: von Ap\u00e9ro Riche \u00fcber Fondue und Raclette bis zu einem warmen Men\u00fc. Musik kann den Abend leise begleiten oder f\u00fcr die gew\u00fcnschte Stimmung sorgen.<\/span><span data-ccp-props=\"{&quot;134233117&quot;:true,&quot;134233118&quot;:true,&quot;335559685&quot;:720}\">\u00a0<\/span><\/p>\n<p><span data-contrast=\"auto\">So entsteht ein Ort, an dem sich Freude, N\u00e4he und gemeinsame Erinnerungen entfalten k\u00f6nnen \u2013 in exklusivem Ambiente.<\/span><\/p>\n<p><span data-contrast=\"auto\">Ein Erlebnis, das bleibt, lange nachdem das Boot wieder am Ufer liegt.<\/span><span data-ccp-props=\"{&quot;134233117&quot;:true,&quot;134233118&quot;:true,&quot;335559685&quot;:720}\"> <\/span><\/p>\n<p><span data-contrast=\"auto\">F\u00fcr Ap\u00e9ros, Geburtstage, Familienfeste, Freundesrunden, romantische Ausfahrten.<\/span><span>\u00a0<br \/><\/span><i><span data-contrast=\"auto\">Alles exklusiv f\u00fcr eure Gruppe, individuell geplant.<\/span><\/i><\/p>\n<p>[\/et_pb_text][et_pb_button button_text=&#8221;Kontakt aufnehmen&#8221; _builder_version=&#8221;4.27.4&#8243; _module_preset=&#8221;default&#8221; button_url=&#8221;\/kontakt&#8221; hover_enabled=&#8221;0&#8243; sticky_enabled=&#8221;0&#8243;][\/et_pb_button][\/et_pb_column][et_pb_column type=&#8221;1_2&#8243; _builder_version=&#8221;4.18.0&#8243; _module_preset=&#8221;default&#8221; global_colors_info=&#8221;{}&#8221;][et_pb_image src=&#8221;https:\/\/flussbus.ch\/wp-content\/uploads\/2022\/11\/flussbus-basel-rhyno-rhein-schiff-rundfahrt-scaled.jpg&#8221; alt=&#8221;Rhein Rundfahrt Basel&#8221; title_text=&#8221;flussbus-basel-rhyno-rhein-schiff-rundfahrt&#8221; _builder_version=&#8221;4.21.0&#8243; _module_preset=&#8221;default&#8221; global_colors_info=&#8221;{}&#8221;][\/et_pb_image][\/et_pb_column][\/et_pb_row][\/et_pb_section]<\/p>\n","protected":false},"excerpt":{"rendered":"<p>Besondere Momente verdienen einen besonderen Rahmen.Auf der RhyLounge wird jede\u00a0 Ausfahrt zu einer kleinen Geschichte, die ihr mit euren G\u00e4sten teilt. Ob Ap\u00e9ro mit Freund*innen, ein Geburtstag auf dem Wasser, ein Familienfest, Zeit mit lieben Menschen oder eine romantische Ausfahrt: Wir gestalten den Rahmen, so dass gemeinsame Erinnerungen entstehen.\u00a0\u00a0 Wir stimmen Route, Dauer sowie Ein- [&hellip;]<\/p>\n","protected":false},"author":1,"featured_media":1553,"parent":21,"menu_order":0,"comment_status":"closed","ping_status":"closed","template":"","meta":{"_acf_changed":false,"_et_pb_use_builder":"on","_et_pb_old_content":"","_et_gb_content_width":"","footnotes":""},"class_list":["post-1668","page","type-page","status-publish","has-post-thumbnail","hentry"],"acf":[],"_links":{"self":[{"href":"https:\/\/flussbus.ch\/en\/wp-json\/wp\/v2\/pages\/1668","targetHints":{"allow":["GET"]}}],"collection":[{"href":"https:\/\/flussbus.ch\/en\/wp-json\/wp\/v2\/pages"}],"about":[{"href":"https:\/\/flussbus.ch\/en\/wp-json\/wp\/v2\/types\/page"}],"author":[{"embeddable":true,"href":"https:\/\/flussbus.ch\/en\/wp-json\/wp\/v2\/users\/1"}],"replies":[{"embeddable":true,"href":"https:\/\/flussbus.ch\/en\/wp-json\/wp\/v2\/comments?post=1668"}],"version-history":[{"count":4,"href":"https:\/\/flussbus.ch\/en\/wp-json\/wp\/v2\/pages\/1668\/revisions"}],"predecessor-version":[{"id":1684,"href":"https:\/\/flussbus.ch\/en\/wp-json\/wp\/v2\/pages\/1668\/revisions\/1684"}],"up":[{"embeddable":true,"href":"https:\/\/flussbus.ch\/en\/wp-json\/wp\/v2\/pages\/21"}],"wp:featuredmedia":[{"embeddable":true,"href":"https:\/\/flussbus.ch\/en\/wp-json\/wp\/v2\/media\/1553"}],"wp:attachment":[{"href":"https:\/\/flussbus.ch\/en\/wp-json\/wp\/v2\/media?parent=1668"}],"curies":[{"name":"wp","href":"https:\/\/api.w.org\/{rel}","templated":true}]}}